{"id":101,"date":"2018-03-24T18:29:17","date_gmt":"2018-03-24T21:29:17","guid":{"rendered":"http:\/\/ppgusrn.cnat.ifrn.edu.br\/?page_id=101"},"modified":"2018-06-26T19:09:15","modified_gmt":"2018-06-26T22:09:15","slug":"bibliotecas","status":"publish","type":"page","link":"https:\/\/ppgusrn.cnat.ifrn.edu.br\/index.php\/bibliotecas\/","title":{"rendered":"Bibliotecas"},"content":{"rendered":"<div id=\"dslc-theme-content\"><div id=\"dslc-theme-content-inner\"><h4><strong>Biblioteca Central Sebasti\u00e3o Fernandes<\/strong><\/h4>\n<hr>\n<p><\/p>\n<div class=\"row\">\n<div class=\"col-md-6\">A Biblioteca Central Sebasti\u00e3o Fernandes (BCSF), situada no Campus Natal Central \u00e9 de livre acesso aos discentes do Programa de P\u00f3s-gradua\u00e7\u00e3o em Uso Sustent\u00e1vel dos Recursos Naturais e oferece, ainda, servi\u00e7os de empr\u00e9stimo de livros e multim\u00eddia, consulta informatizada ao acervo, acesso \u00e0 internet, normatiza\u00e7\u00e3o de trabalhos t\u00e9cnicos e confec\u00e7\u00e3o de fichas catalogr\u00e1ficas, al\u00e9m do servi\u00e7o de comuta\u00e7\u00e3o bibliogr\u00e1fica. A BCSF possibilita o acesso ao Portal de Peri\u00f3dicos da Capes, ao Portal Dom\u00ednio P\u00fablico mantido pelo MEC, ao Portal Ebrary. O acervo geral da BCSF \u00e9 de 9.352 t\u00edtulos e 34.391 exemplares.<\/div>\n<div class=\"col-md-6\">\n<figure class=\"figure\"><img decoding=\"async\" class=\"figure-img img-fluid rounded\" src=\"https:\/\/ppgusrn.cnat.ifrn.edu.br\/wp-content\/uploads\/2018\/06\/image2.jpg\" width=\"auto\" \/><figcaption class=\"figure-caption\">Biblioteca Central Sebasti\u00e3o Fernandes<\/figcaption><\/figure>\n<\/div>\n<\/div>\n<p>&nbsp;<\/p>\n<h4><strong>Biblioteca Setorial Walfredo Brasil<\/strong><\/h4>\n<hr>\n<p><\/p>\n<div class=\"row\">\n<div class=\"col-md-6\">\n<p>Outra biblioteca dispon\u00edvel ao PPgUSRN \u00e9 a Biblioteca Setorial Walfredo Brasil (BSWB) que est\u00e1 situada pr\u00f3ximo a DIAREN. Essa biblioteca setorial \u00e9 de particular relev\u00e2ncia para o PPgUSRN, em virtude de estar localizada pr\u00f3ximo ao local de realiza\u00e7\u00e3o das atividades did\u00e1tico-pedag\u00f3gicas do mestrado.<\/p>\n<p>Disp\u00f5e de um acervo atualizado de t\u00edtulos e volumes da \u00e1rea de conhecimento em ci\u00eancias ambientais voltados para estudos de sustentabilidade e gest\u00e3o de recursos naturais. Essa biblioteca oferece confort\u00e1veis acomoda\u00e7\u00f5es e espa\u00e7os acess\u00edveis a diferentes tipos de usu\u00e1rios. A BSWB possui capacidade para 5.000 documentos, dispondo atualmente de 799 t\u00edtulos e 1.256 exemplares em seu banco de dados.<\/p>\n<\/div>\n<div class=\"col-md-6\">\n<figure class=\"figure\"><img decoding=\"async\" class=\"figure-img img-fluid rounded\" src=\"https:\/\/ppgusrn.cnat.ifrn.edu.br\/wp-content\/uploads\/2018\/06\/image3.jpg\" width=\"auto\" \/><figcaption class=\"figure-caption\">Biblioteca Setorial Walfredo Brasil<\/figcaption><\/figure>\n<\/div>\n<\/div>\n<\/div><\/div>","protected":false},"excerpt":{"rendered":"<p>Biblioteca Central Sebasti\u00e3o Fernandes A Biblioteca Central Sebasti\u00e3o Fernandes (BCSF), situada no Campus Natal Central \u00e9 de livre acesso aos discentes do Programa de P\u00f3s-gradua\u00e7\u00e3o em Uso Sustent\u00e1vel dos Recursos&#8230;<\/p>\n","protected":false},"author":1,"featured_media":0,"parent":0,"menu_order":0,"comment_status":"closed","ping_status":"closed","template":"","meta":{"footnotes":""},"_links":{"self":[{"href":"https:\/\/ppgusrn.cnat.ifrn.edu.br\/index.php\/wp-json\/wp\/v2\/pages\/101"}],"collection":[{"href":"https:\/\/ppgusrn.cnat.ifrn.edu.br\/index.php\/wp-json\/wp\/v2\/pages"}],"about":[{"href":"https:\/\/ppgusrn.cnat.ifrn.edu.br\/index.php\/wp-json\/wp\/v2\/types\/page"}],"author":[{"embeddable":true,"href":"https:\/\/ppgusrn.cnat.ifrn.edu.br\/index.php\/wp-json\/wp\/v2\/users\/1"}],"replies":[{"embeddable":true,"href":"https:\/\/ppgusrn.cnat.ifrn.edu.br\/index.php\/wp-json\/wp\/v2\/comments?post=101"}],"version-history":[{"count":64,"href":"https:\/\/ppgusrn.cnat.ifrn.edu.br\/index.php\/wp-json\/wp\/v2\/pages\/101\/revisions"}],"predecessor-version":[{"id":1297,"href":"https:\/\/ppgusrn.cnat.ifrn.edu.br\/index.php\/wp-json\/wp\/v2\/pages\/101\/revisions\/1297"}],"wp:attachment":[{"href":"https:\/\/ppgusrn.cnat.ifrn.edu.br\/index.php\/wp-json\/wp\/v2\/media?parent=101"}],"curies":[{"name":"wp","href":"https:\/\/api.w.org\/{rel}","templated":true}]}}