{"id":1257,"date":"2018-06-25T23:34:10","date_gmt":"2018-06-26T02:34:10","guid":{"rendered":"http:\/\/ppgusrn.cnat.ifrn.edu.br\/?page_id=1257"},"modified":"2023-12-21T11:41:28","modified_gmt":"2023-12-21T14:41:28","slug":"noticias","status":"publish","type":"page","link":"https:\/\/ppgusrn.cnat.ifrn.edu.br\/index.php\/noticias\/","title":{"rendered":"Not\u00edcias"},"content":{"rendered":"<div id=\"dslc-theme-content\"><div id=\"dslc-theme-content-inner\"><div class=\"pt-cv-wrapper\"><div class=\"pt-cv-view pt-cv-grid pt-cv-colsys\" id=\"pt-cv-view-8c48c56ptv\"><div data-id=\"pt-cv-page-1\" class=\"pt-cv-page\" data-cvc=\"2\"><div class=\"col-md-6 col-sm-6 col-xs-12 pt-cv-content-item pt-cv-1-col\" ><div class='pt-cv-ifield'><h4 class=\"pt-cv-title\"><a href=\"https:\/\/ppgusrn.cnat.ifrn.edu.br\/index.php\/2026\/03\/27\/ppgusrn-conquista-multiplas-premiacoes-no-3o-premio-inovacao-das-aguas-potiguares\/\" class=\"_self\" target=\"_self\">PPgUSRN Conquista M\u00faltiplas Premia\u00e7\u00f5es no 3\u00ba Pr\u00eamio Inova\u00e7\u00e3o das \u00c1guas Potiguares<\/a><\/h4>\n<div class=\"pt-cv-content\">O Programa de P\u00f3s-Gradua\u00e7\u00e3o em Uso Sustent\u00e1vel de Recursos Naturais (PPgUSRN) do IFRN celebra uma importante marca na produ\u00e7\u00e3o cient\u00edfica e social do Rio Grande do Norte. Na 3\u00aa edi\u00e7\u00e3o do Pr\u00eamio Inova\u00e7\u00e3o das \u00c1guas Potiguares, promovido pelo Governo do ...<br \/><a href=\"https:\/\/ppgusrn.cnat.ifrn.edu.br\/index.php\/2026\/03\/27\/ppgusrn-conquista-multiplas-premiacoes-no-3o-premio-inovacao-das-aguas-potiguares\/\" class=\"_self pt-cv-readmore btn btn-success\" target=\"_self\">Leia Mais<\/a><\/div>\n<div class=\"pt-cv-meta-fields\"><span class=\"entry-date\"> <time datetime=\"2026-03-27T10:19:34-03:00\">27 de Mar\u00e7o de 2026<\/time><\/span><\/div><\/div><\/div>\n<div class=\"col-md-6 col-sm-6 col-xs-12 pt-cv-content-item pt-cv-1-col\" ><div class='pt-cv-ifield'><h4 class=\"pt-cv-title\"><a href=\"https:\/\/ppgusrn.cnat.ifrn.edu.br\/index.php\/2026\/03\/23\/defesa-de-tcc-da-discente-joyce-lins-pontes\/\" class=\"_self\" target=\"_self\">Defesa de TCC da Discente Joyce Lins Pontes<\/a><\/h4>\n<div class=\"pt-cv-content\">O Programa de P\u00f3s-Gradua\u00e7\u00e3o em Uso Sustent\u00e1vel de Recursos Naturais (PPgUSRN) informa que a defesa de TCC da discente Joyce Lins Pontes ocorrer\u00e1 no dia 25 de mar\u00e7o de 2026, \u00e0s 14h. Na ocasi\u00e3o, a discente apresentar\u00e1 sua disserta\u00e7\u00e3o intitulada:\u201cESG ...<br \/><a href=\"https:\/\/ppgusrn.cnat.ifrn.edu.br\/index.php\/2026\/03\/23\/defesa-de-tcc-da-discente-joyce-lins-pontes\/\" class=\"_self pt-cv-readmore btn btn-success\" target=\"_self\">Leia Mais<\/a><\/div>\n<div class=\"pt-cv-meta-fields\"><span class=\"entry-date\"> <time datetime=\"2026-03-23T15:10:10-03:00\">23 de Mar\u00e7o de 2026<\/time><\/span><\/div><\/div><\/div>\n<div class=\"col-md-6 col-sm-6 col-xs-12 pt-cv-content-item pt-cv-1-col\" ><div class='pt-cv-ifield'><h4 class=\"pt-cv-title\"><a href=\"https:\/\/ppgusrn.cnat.ifrn.edu.br\/index.php\/2026\/03\/18\/resultado-do-edital-01-2026-aluno-especial\/\" class=\"_self\" target=\"_self\">Resultado do Edital 01\/2026 \u2013 Aluno Especial<\/a><\/h4>\n<div class=\"pt-cv-content\">A Coordena\u00e7\u00e3o do Programa de P\u00f3s-gradua\u00e7\u00e3o em Uso Sustent\u00e1vel de Recursos Naturais \u2013 PPgUSRN, torna p\u00fablico o Resultado do Edital 01\/2026, para sele\u00e7\u00e3o de\u00a0Alunos Especiais. ALUNOS ESPECIAIS \u2013 PPGUSRN \u2013 EDITAL 01\/2026 Biodiversidade, Energia e Sustentabilidade CANDIDATO(A)RESULTADOGelson Piratiny Oliveira da ...<br \/><a href=\"https:\/\/ppgusrn.cnat.ifrn.edu.br\/index.php\/2026\/03\/18\/resultado-do-edital-01-2026-aluno-especial\/\" class=\"_self pt-cv-readmore btn btn-success\" target=\"_self\">Leia Mais<\/a><\/div>\n<div class=\"pt-cv-meta-fields\"><span class=\"entry-date\"> <time datetime=\"2026-03-18T15:34:27-03:00\">18 de Mar\u00e7o de 2026<\/time><\/span><\/div><\/div><\/div>\n<div class=\"col-md-6 col-sm-6 col-xs-12 pt-cv-content-item pt-cv-1-col\" ><div class='pt-cv-ifield'><h4 class=\"pt-cv-title\"><a href=\"https:\/\/ppgusrn.cnat.ifrn.edu.br\/index.php\/2026\/03\/11\/inscricoes-para-aluno-especial-semestre-letivo-de-2026-1\/\" class=\"_self\" target=\"_self\">Inscri\u00e7\u00f5es para Aluno Especial \u2013 Semestre letivo de 2026.1<\/a><\/h4>\n<div class=\"pt-cv-content\">O PPgUSRN divulga o Edital 01\/2026 para Aluno Especial, no semestre letivo de 2026.1. O per\u00edodo de inscri\u00e7\u00f5es ser\u00e1 do dia 11 ao dia 15 de mar\u00e7o do corrente ano, e acontecer\u00e1 de forma virtual, atrav\u00e9s do Google Formul\u00e1rios. Edital: ...<br \/><a href=\"https:\/\/ppgusrn.cnat.ifrn.edu.br\/index.php\/2026\/03\/11\/inscricoes-para-aluno-especial-semestre-letivo-de-2026-1\/\" class=\"_self pt-cv-readmore btn btn-success\" target=\"_self\">Leia Mais<\/a><\/div>\n<div class=\"pt-cv-meta-fields\"><span class=\"entry-date\"> <time datetime=\"2026-03-11T16:04:03-03:00\">11 de Mar\u00e7o de 2026<\/time><\/span><\/div><\/div><\/div>\n<div class=\"col-md-6 col-sm-6 col-xs-12 pt-cv-content-item pt-cv-1-col\" ><div class='pt-cv-ifield'><h4 class=\"pt-cv-title\"><a href=\"https:\/\/ppgusrn.cnat.ifrn.edu.br\/index.php\/2026\/03\/05\/defesa-de-tcc-da-discente-danielle-sthefany-silva-manicoba\/\" class=\"_self\" target=\"_self\">Defesa de TCC da Discente Danielle Sthefany Silva Mani\u00e7oba<\/a><\/h4>\n<div class=\"pt-cv-content\">O PPgUSRN informa a todos que a Defesa de TCC da discente Danielle Sthefany Silva Mani\u00e7oba acontecer\u00e1 no dia 05 de mar\u00e7o de 2026 \u00e0s 14:30h, em que apresentar\u00e1 o trabalho intitulado: A APLICA\u00c7\u00c3O DO BUILDING INFORMATION MODELING NA AN\u00c1LISE ...<br \/><a href=\"https:\/\/ppgusrn.cnat.ifrn.edu.br\/index.php\/2026\/03\/05\/defesa-de-tcc-da-discente-danielle-sthefany-silva-manicoba\/\" class=\"_self pt-cv-readmore btn btn-success\" target=\"_self\">Leia Mais<\/a><\/div>\n<div class=\"pt-cv-meta-fields\"><span class=\"entry-date\"> <time datetime=\"2026-03-05T12:35:45-03:00\">5 de Mar\u00e7o de 2026<\/time><\/span><\/div><\/div><\/div>\n<div class=\"col-md-6 col-sm-6 col-xs-12 pt-cv-content-item pt-cv-1-col\" ><div class='pt-cv-ifield'><h4 class=\"pt-cv-title\"><a href=\"https:\/\/ppgusrn.cnat.ifrn.edu.br\/index.php\/2026\/03\/03\/ppgusrn-torna-publico-a-homologacao-do-resultado-do-edital-de-credenciamento-docente\/\" class=\"_self\" target=\"_self\">PPGUSRN torna P\u00fablico a Homologa\u00e7\u00e3o do Resultado do Edital de Credenciamento Docente<\/a><\/h4>\n<div class=\"pt-cv-content\">O Programa de P\u00f3s-Gradua\u00e7\u00e3o em Uso Sustent\u00e1vel de Recursos Naturais (PPgUSRN) torna p\u00fablico a homologa\u00e7\u00e3o do Resultado das candidaturas do Edital de Credenciamento Docente, destinado \u00e0 sele\u00e7\u00e3o de professores(as) interessados(as) em integrar o corpo docente permanente e\/ou colaborador do Programa ...<br \/><a href=\"https:\/\/ppgusrn.cnat.ifrn.edu.br\/index.php\/2026\/03\/03\/ppgusrn-torna-publico-a-homologacao-do-resultado-do-edital-de-credenciamento-docente\/\" class=\"_self pt-cv-readmore btn btn-success\" target=\"_self\">Leia Mais<\/a><\/div>\n<div class=\"pt-cv-meta-fields\"><span class=\"entry-date\"> <time datetime=\"2026-03-03T19:55:55-03:00\">3 de Mar\u00e7o de 2026<\/time><\/span><\/div><\/div><\/div>\n<div class=\"col-md-6 col-sm-6 col-xs-12 pt-cv-content-item pt-cv-1-col\" ><div class='pt-cv-ifield'><h4 class=\"pt-cv-title\"><a href=\"https:\/\/ppgusrn.cnat.ifrn.edu.br\/index.php\/2026\/02\/26\/ppgusrn-torna-publico-o-resultado-do-edital-de-credenciamento-docente\/\" class=\"_self\" target=\"_self\">PPGUSRN torna P\u00fablico o Resultado do Edital de Credenciamento Docente<\/a><\/h4>\n<div class=\"pt-cv-content\">O Programa de P\u00f3s-Gradua\u00e7\u00e3o em Uso Sustent\u00e1vel de Recursos Naturais (PPgUSRN) torna p\u00fablico o Resultado das candidaturas do Edital de Credenciamento Docente, destinado \u00e0 sele\u00e7\u00e3o de professores(as) interessados(as) em integrar o corpo docente permanente e\/ou colaborador do Programa. O processo ...<br \/><a href=\"https:\/\/ppgusrn.cnat.ifrn.edu.br\/index.php\/2026\/02\/26\/ppgusrn-torna-publico-o-resultado-do-edital-de-credenciamento-docente\/\" class=\"_self pt-cv-readmore btn btn-success\" target=\"_self\">Leia Mais<\/a><\/div>\n<div class=\"pt-cv-meta-fields\"><span class=\"entry-date\"> <time datetime=\"2026-02-26T18:31:50-03:00\">26 de Fevereiro de 2026<\/time><\/span><\/div><\/div><\/div>\n<div class=\"col-md-6 col-sm-6 col-xs-12 pt-cv-content-item pt-cv-1-col\" ><div class='pt-cv-ifield'><h4 class=\"pt-cv-title\"><a href=\"https:\/\/ppgusrn.cnat.ifrn.edu.br\/index.php\/2026\/02\/20\/ppgusrn-publica-a-homologacao-das-inscricoes-para-o-corpo-docente\/\" class=\"_self\" target=\"_self\">PPGUSRN publica a homologa\u00e7\u00e3o das inscri\u00e7\u00f5es para o corpo docente<\/a><\/h4>\n<div class=\"pt-cv-content\">O Programa de P\u00f3s-Gradua\u00e7\u00e3o em Uso Sustent\u00e1vel de Recursos Naturais (PPgUSRN) torna p\u00fablica a Homologa\u00e7\u00e3o das candidaturas do Edital de Credenciamento Docente, destinado \u00e0 sele\u00e7\u00e3o de professores(as) interessados(as) em integrar o corpo docente permanente e\/ou colaborador do Programa. O processo ...<br \/><a href=\"https:\/\/ppgusrn.cnat.ifrn.edu.br\/index.php\/2026\/02\/20\/ppgusrn-publica-a-homologacao-das-inscricoes-para-o-corpo-docente\/\" class=\"_self pt-cv-readmore btn btn-success\" target=\"_self\">Leia Mais<\/a><\/div>\n<div class=\"pt-cv-meta-fields\"><span class=\"entry-date\"> <time datetime=\"2026-02-20T15:20:30-03:00\">20 de Fevereiro de 2026<\/time><\/span><\/div><\/div><\/div>\n<div class=\"col-md-6 col-sm-6 col-xs-12 pt-cv-content-item pt-cv-1-col\" ><div class='pt-cv-ifield'><h4 class=\"pt-cv-title\"><a href=\"https:\/\/ppgusrn.cnat.ifrn.edu.br\/index.php\/2026\/02\/12\/resultado-final-edital-no-1-2026-propi-re-ifrn-programa-de-educacaosuperior-na-pos-graduacao-proext-pg\/\" class=\"_self\" target=\"_self\">Resultado Final \u2013 Edital N\u00ba 1\/2026 \u2013 PROPI\/RE\/IFRN \u2013 Programa de Educa\u00e7\u00e3oSuperior na P\u00f3s-Gradua\u00e7\u00e3o (PROEXT-PG)<\/a><\/h4>\n<div class=\"pt-cv-content\">A Comiss\u00e3o do Processo Seletivo do Programa de P\u00f3s-Gradua\u00e7\u00e3o em Uso Sustent\u00e1vel de Recursos Naturais (PPgUSRN), no \u00e2mbito do Edital N\u00ba 01\/2026 \u2013 COPPgUSRN\/DIAREN\/DG\/CNAT\/RE\/IFRN, referente \u00e0 Sele\u00e7\u00e3o de Bolsista de P\u00f3s-Doutorado, no contexto do Programa de Extens\u00e3o da Educa\u00e7\u00e3o Superior ...<br \/><a href=\"https:\/\/ppgusrn.cnat.ifrn.edu.br\/index.php\/2026\/02\/12\/resultado-final-edital-no-1-2026-propi-re-ifrn-programa-de-educacaosuperior-na-pos-graduacao-proext-pg\/\" class=\"_self pt-cv-readmore btn btn-success\" target=\"_self\">Leia Mais<\/a><\/div>\n<div class=\"pt-cv-meta-fields\"><span class=\"entry-date\"> <time datetime=\"2026-02-12T00:12:13-03:00\">12 de Fevereiro de 2026<\/time><\/span><\/div><\/div><\/div>\n<div class=\"col-md-6 col-sm-6 col-xs-12 pt-cv-content-item pt-cv-1-col\" ><div class='pt-cv-ifield'><h4 class=\"pt-cv-title\"><a href=\"https:\/\/ppgusrn.cnat.ifrn.edu.br\/index.php\/2026\/02\/11\/defesa-de-qualificacao-do-discente-romildo-pereira-de-melo\/\" class=\"_self\" target=\"_self\">Defesa de Qualifica\u00e7\u00e3o do Discente Romildo Pereira de Melo<\/a><\/h4>\n<div class=\"pt-cv-content\">O PPgUSRN informa a todos que a Defesa de Qualifica\u00e7\u00e3o do discente Romildo Pereira de Melo acontecer\u00e1 dia 12 de FEVEREIRO de 2026 \u00e1s 14:00H, em que apresentar\u00e1 o trabalho intitulado: Avalia\u00e7\u00e3o da Sustentabilidade Socioambiental em uma Institui\u00e7\u00e3o P\u00fablica de ...<br \/><a href=\"https:\/\/ppgusrn.cnat.ifrn.edu.br\/index.php\/2026\/02\/11\/defesa-de-qualificacao-do-discente-romildo-pereira-de-melo\/\" class=\"_self pt-cv-readmore btn btn-success\" target=\"_self\">Leia Mais<\/a><\/div>\n<div class=\"pt-cv-meta-fields\"><span class=\"entry-date\"> <time datetime=\"2026-02-11T12:10:49-03:00\">11 de Fevereiro de 2026<\/time><\/span><\/div><\/div><\/div><\/div><\/div>\n<div class=\" pt-cv-pagination-wrapper\"><ul class=\"pt-cv-pagination pt-cv-ajax pagination\" data-totalpages=\"10\" data-currentpage=\"1\" data-sid=\"8c48c56ptv\" data-unid=\"\"><li><\/li><\/ul><img loading=\"lazy\" decoding=\"async\" width=\"15\" height=\"15\" class=\"pt-cv-spinner\" alt=\"Loading...\" src=\"data:image\/gif;base64,R0lGODlhDwAPALMPAMrKygwMDJOTkz09PZWVla+vr3p6euTk5M7OzuXl5TMzMwAAAJmZmWZmZszMzP\/\/\/yH\/C05FVFNDQVBFMi4wAwEAAAAh+QQFCgAPACwAAAAADwAPAAAEQvDJaZaZOIcV8iQK8VRX4iTYoAwZ4iCYoAjZ4RxejhVNoT+mRGP4cyF4Pp0N98sBGIBMEMOotl6YZ3S61Bmbkm4mAgAh+QQFCgAPACwAAAAADQANAAAENPDJSRSZeA418itN8QiK8BiLITVsFiyBBIoYqnoewAD4xPw9iY4XLGYSjkQR4UAUD45DLwIAIfkEBQoADwAsAAAAAA8ACQAABC\/wyVlamTi3nSdgwFNdhEJgTJoNyoB9ISYoQmdjiZPcj7EYCAeCF1gEDo4Dz2eIAAAh+QQFCgAPACwCAAAADQANAAAEM\/DJBxiYeLKdX3IJZT1FU0iIg2RNKx3OkZVnZ98ToRD4MyiDnkAh6BkNC0MvsAj0kMpHBAAh+QQFCgAPACwGAAAACQAPAAAEMDC59KpFDll73HkAA2wVY5KgiK5b0RRoI6MuzG6EQqCDMlSGheEhUAgqgUUAFRySIgAh+QQFCgAPACwCAAIADQANAAAEM\/DJKZNLND\/kkKaHc3xk+QAMYDKsiaqmZCxGVjSFFCxB1vwy2oOgIDxuucxAMTAJFAJNBAAh+QQFCgAPACwAAAYADwAJAAAEMNAs86q1yaWwwv2Ig0jUZx3OYa4XoRAfwADXoAwfo1+CIjyFRuEho60aSNYlOPxEAAAh+QQFCgAPACwAAAIADQANAAAENPA9s4y8+IUVcqaWJ4qEQozSoAzoIyhCK2NFU2SJk0hNnyEOhKR2AzAAj4Pj4GE4W0bkJQIAOw==\" \/><div class=\"clear pt-cv-clear-pagination\"><\/div><\/div><\/div>\n<\/div><\/div>","protected":false},"excerpt":{"rendered":"","protected":false},"author":1,"featured_media":0,"parent":0,"menu_order":0,"comment_status":"closed","ping_status":"closed","template":"page-templates\/Noticias.php","meta":{"footnotes":""},"_links":{"self":[{"href":"https:\/\/ppgusrn.cnat.ifrn.edu.br\/index.php\/wp-json\/wp\/v2\/pages\/1257"}],"collection":[{"href":"https:\/\/ppgusrn.cnat.ifrn.edu.br\/index.php\/wp-json\/wp\/v2\/pages"}],"about":[{"href":"https:\/\/ppgusrn.cnat.ifrn.edu.br\/index.php\/wp-json\/wp\/v2\/types\/page"}],"author":[{"embeddable":true,"href":"https:\/\/ppgusrn.cnat.ifrn.edu.br\/index.php\/wp-json\/wp\/v2\/users\/1"}],"replies":[{"embeddable":true,"href":"https:\/\/ppgusrn.cnat.ifrn.edu.br\/index.php\/wp-json\/wp\/v2\/comments?post=1257"}],"version-history":[{"count":23,"href":"https:\/\/ppgusrn.cnat.ifrn.edu.br\/index.php\/wp-json\/wp\/v2\/pages\/1257\/revisions"}],"predecessor-version":[{"id":4801,"href":"https:\/\/ppgusrn.cnat.ifrn.edu.br\/index.php\/wp-json\/wp\/v2\/pages\/1257\/revisions\/4801"}],"wp:attachment":[{"href":"https:\/\/ppgusrn.cnat.ifrn.edu.br\/index.php\/wp-json\/wp\/v2\/media?parent=1257"}],"curies":[{"name":"wp","href":"https:\/\/api.w.org\/{rel}","templated":true}]}}