{"id":1299,"date":"2018-06-26T19:51:48","date_gmt":"2018-06-26T22:51:48","guid":{"rendered":"http:\/\/ppgusrn.cnat.ifrn.edu.br\/?page_id=1299"},"modified":"2018-08-07T21:39:13","modified_gmt":"2018-08-08T00:39:13","slug":"bancodetalentos","status":"publish","type":"page","link":"https:\/\/ppgusrn.cnat.ifrn.edu.br\/index.php\/bancodetalentos\/","title":{"rendered":"Banco de Talentos"},"content":{"rendered":"<div id=\"dslc-theme-content\"><div id=\"dslc-theme-content-inner\"><h4>Giobert A B Lopes<\/h4>\n<p>Mestrado em Ci\u00eancias Ambientais (IFRN); P\u00f3s-gradua\u00e7\u00e3o em Engenharia Sanit\u00e1ria (UFRN) e Geoprocessamento e Cartografia Digital (UFRN); Gradua\u00e7\u00e3o em Tecnologia em Gest\u00e3o Ambiental (IFRN) e Administra\u00e7\u00e3o de Empresas (SOMLEY\/RJ).  Habilitado para ministrar disciplinas em n\u00edvel de gradua\u00e7\u00e3o; p\u00f3s-gradua\u00e7\u00e3o e cursos isolados; com temas voltados para saneamento, res\u00edduos s\u00f3lidos, log\u00edstica reversa, licenciamento ambiental, gest\u00e3o ambiental e per\u00edcia ambiental. Atuado na \u00e1rea de fiscaliza\u00e7\u00e3o ambiental, desde 2009, na Secretaria de Meio Ambiente de Parnamirim-RN, com a\u00e7\u00f5es voltadas para identifica\u00e7\u00e3o, mitiga\u00e7\u00e3o, redu\u00e7\u00e3o, diagn\u00f3stico e progn\u00f3stico de impactos ambientais.  Podendo atuar como consultor\/perito ambiental nas \u00e1reas de sua habilita\u00e7\u00e3o e experi\u00eancia profissional.<br \/>\nE-mail: giobert_antonio@yahoo.com.br<br \/>\nEndere\u00e7o CV Plataforma Lattes: <a href=\"http:\/\/lattes.cnpq.br\/9323047639912442\">http:\/\/lattes.cnpq.br\/9323047639912442<\/a><br \/>\n<\/p>\n<h4>Vinicius Oliveira<\/h4>\n<p>Possui uma forma\u00e7\u00e3o acad\u00eamica e de atua\u00e7\u00e3o profissional, com mestrado, especializa\u00e7\u00f5es, gradua\u00e7\u00e3o e experi\u00eancia, voltada principalmente para a \u00e1rea ambiental. Ainda nessa linha, tem vasta experi\u00eancia de campo na \u00e1rea de monitoramento, gest\u00e3o, licenciamento, fiscaliza\u00e7\u00e3o e elabora\u00e7\u00e3o de estudos ambientais, em diversos empreendimentos de gera\u00e7\u00e3o e distribui\u00e7\u00e3o de energia a partir de fonte e\u00f3lica e solar nos estados do Rio Grande do Norte, Para\u00edba, Piau\u00ed e Bahia.<br \/>\nE-mail: meressiev2@gmail.com<\/p>\n<h4>Elis\u00e2ngelo Silva<\/h4>\n<p>Mestre em Ci\u00eancias Ambientais pelo Instituto Federal de Educa\u00e7\u00e3o, Ci\u00eancia e Tecnologia do Rio Grande do Norte &#8211; IFRN (2015-2017). Especialista em Desenvolvimento Sustent\u00e1vel para o Semi\u00e1rido Brasileiro pela Universidade Federal de Campina Grande &#8211; UFCG (2008). Graduado em Geografia pela Universidade Federal do Rio Grande do Norte (2005). Possui experi\u00eancia na elabora\u00e7\u00e3o de diagn\u00f3sticos ambientais e socioecon\u00f4micos, na constru\u00e7\u00e3o de planos, programas e projetos territoriais, na articula\u00e7\u00e3o e mobiliza\u00e7\u00e3o social e na doc\u00eancia, tendo atuado como professor substituto no curso de Geografia, Campus Avan\u00e7ado de Ass\u00fa da Universidade Estadual do Rio Grande do Norte, RN no intervalo temporal de 2012 a 2016. Atua\u00e7\u00e3o como professor no Curso de Gest\u00e3o Ambiental ofertado pelo Campus de Educa\u00e7\u00e3o a Dist\u00e2ncia do IFRN durante o per\u00edodo de 2014 a 2018. Atualmente tamb\u00e9m atuou como consultor e projetista da Associa\u00e7\u00e3o Norte-Rio-Grandense de Engenheiros Agr\u00f4nomos (ANEA).<br \/>\nE-mail: elisangelo.silva@bol.com.br<\/p>\n<h4>Fausto Pereira Neto<\/h4>\n<p>Mestre em Ci\u00eancias Ambientais, com \u00eanfase em Sustentabilidade e Gest\u00e3o dos Recursos Naturais, pelo Instituto Federal de Educa\u00e7\u00e3o, Ci\u00eancia e Tecnologia do Rio Grande do Norte (IFRN). Bacharel em Ci\u00eancias Cont\u00e1beis pela Universidade do Estado do Rio Grande do Norte. Especialista em Educa\u00e7\u00e3o Ambiental e Geografia do Semi\u00e1rido pelo IFRN e em Gest\u00e3o P\u00fablica nas Faculdades Integradas de Jacarep\u00e1gua. T\u00e9cnico em Eletrot\u00e9cnica pelo IFRN e atualmente \u00e9 Supervisor de Opera\u00e7\u00e3o e Manuten\u00e7\u00e3o na empresa p\u00fablica Companhia Hidro El\u00e9trica do S\u00e3o Francisco (CHESF). E-mail: fausto.pn@hotmail.com.<\/p>\n<h4>Markes Walles Silva Cordeiro<\/h4>\n<p>Possuo experi\u00eancia com trabalhos junto a \u00f3rg\u00e3os p\u00fablicos e viso poder realizar trabalhos voltados para gest\u00e3o ambiental urbana, como diagn\u00f3sticos, mapeamentos, relat\u00f3rios e planos, principalmente na \u00e1rea de licenciamento, geoprocessamento e planejamento ambiental.<br \/>\nTecn\u00f3logo em Gest\u00e3o Ambiental &#8211; IFRN<br \/>\nEspecialista em Gest\u00e3o Ambiental Costeira &#8211; UFRN<br \/>\nMestre em Ci\u00eancias Ambientais &#8211; IFRN<br \/>\nE-mail: markeswalles@hotmail.com<\/p>\n<h4>Ana Cl\u00e1udia Ara\u00fajo Fernandes<\/h4>\n<p>Engenharia Civil pela Universidade Federal do Rio Grande do Norte (UFRN). Mestre em Ci\u00eancias Ambientais com \u00eanfase na linha de pesquisa de Saneamento Ambiental pelo Instituto Federal de Educa\u00e7\u00e3o, Ci\u00eancia e Tecnologia do Rio Grande do Norte (IFRN). Atua como professora substituta na Universidade Federal Rural do Semi-\u00e1rido (UFERSA), lecionando disciplinas de Instala\u00e7\u00f5es Hidrossanit\u00e1rias, Sistemas de Esgoto e Drenagem Urbana, Hidr\u00e1ulica, Hidrologia, Saneamento, Sistemas de Abastecimento de \u00c1gua, Gest\u00e3o de Res\u00edduos S\u00f3lidos, Projeto de Instala\u00e7\u00f5es Prediais e Projeto de Saneamento. Coordenora do projeto de pesquisa intitulado &#8220;EFICI\u00caNCIA DE REMO\u00c7\u00c3O DE POLUENTES EM ETE VERTICAL BIO+FBA&#8221; e projeto de extens\u00e3o com o tema &#8221; RE\u00daSO DE EFLUENTES TRATADOS PARA FINS N\u00c3O POT\u00c1VEIS&#8221;. Vice-coordenadora do projeto de extens\u00e3o &#8220;LOG\u00cdSTICA REVERSA DE RES\u00cdDUOS ELETR\u00d4NICOS&#8221;, &#8220;M\u00c3OS \u00c0 OBRA&#8221; e &#8220;ENGENHEIROS SEM FRONTEIRAS &#8211; N\u00daCLEO CARA\u00daBAS&#8221;. Ministrante do curso &#8220;EMPREENDEDORISMO SOCIAL E NEG\u00d3CIOS DE IMPACTO AMBIENTAL SEBRAE-UFERSA&#8221;. Atua como profissional aut\u00f4nomo na desenvolvimento de Projetos, com \u00eanfase em Instala\u00e7\u00f5es Prediais. E-mail: anaclaudia_af@hotmail.com<\/p>\n<h4>Sylbenia Alves Machado Saraiva<\/h4>\n<p>Mestra em Ci\u00eancias Ambientais, pelo Instituto Federal de Educa\u00e7\u00e3o, Ci\u00eancia e Tecnologia do Rio Grande do Norte (IFRN). Possui Especializa\u00e7\u00e3o em Educa\u00e7\u00e3o Ambiental e Geografia do Semi\u00e1rido (IFRN-2014), com gradua\u00e7\u00e3o em Tecnologia em Gest\u00e3o Ambiental (IFRN-2012). Possui ainda os cursos T\u00e9cnicos em Controle Ambiental (IFRN-2008) e em Agropecu\u00e1ria (EAJ\/UFRN-2004). Tem experi\u00eancia em tutoria em educa\u00e7\u00e3o a dist\u00e2ncia (EAD\/IFRN); Educa\u00e7\u00e3o ambiental em projetos sociais (Projetos Ventos de Asa Branca); Administra\u00e7\u00e3o, com \u00eanfase em administra\u00e7\u00e3o p\u00fablica (SEMURB &#8211; Maca\u00edba\/RN e Sec. de Assist\u00eancia Social &#8211; Parazinho\/RN) e, ainda, como Extensionista Rural (Emater\/RN). Atualmente trabalha com Professora de Geografia, na rede municipal de ensino.<br \/>\nE-mail: sylbeniasaraiva@hotmail.com<\/p>\n<\/div><\/div>","protected":false},"excerpt":{"rendered":"<p>Giobert A B Lopes Mestrado em Ci\u00eancias Ambientais (IFRN); P\u00f3s-gradua\u00e7\u00e3o em Engenharia Sanit\u00e1ria (UFRN) e Geoprocessamento e Cartografia Digital (UFRN); Gradua\u00e7\u00e3o em Tecnologia em Gest\u00e3o Ambiental (IFRN) e Administra\u00e7\u00e3o de&#8230;<\/p>\n","protected":false},"author":1,"featured_media":0,"parent":0,"menu_order":0,"comment_status":"closed","ping_status":"closed","template":"","meta":{"footnotes":""},"_links":{"self":[{"href":"https:\/\/ppgusrn.cnat.ifrn.edu.br\/index.php\/wp-json\/wp\/v2\/pages\/1299"}],"collection":[{"href":"https:\/\/ppgusrn.cnat.ifrn.edu.br\/index.php\/wp-json\/wp\/v2\/pages"}],"about":[{"href":"https:\/\/ppgusrn.cnat.ifrn.edu.br\/index.php\/wp-json\/wp\/v2\/types\/page"}],"author":[{"embeddable":true,"href":"https:\/\/ppgusrn.cnat.ifrn.edu.br\/index.php\/wp-json\/wp\/v2\/users\/1"}],"replies":[{"embeddable":true,"href":"https:\/\/ppgusrn.cnat.ifrn.edu.br\/index.php\/wp-json\/wp\/v2\/comments?post=1299"}],"version-history":[{"count":27,"href":"https:\/\/ppgusrn.cnat.ifrn.edu.br\/index.php\/wp-json\/wp\/v2\/pages\/1299\/revisions"}],"predecessor-version":[{"id":1899,"href":"https:\/\/ppgusrn.cnat.ifrn.edu.br\/index.php\/wp-json\/wp\/v2\/pages\/1299\/revisions\/1899"}],"wp:attachment":[{"href":"https:\/\/ppgusrn.cnat.ifrn.edu.br\/index.php\/wp-json\/wp\/v2\/media?parent=1299"}],"curies":[{"name":"wp","href":"https:\/\/api.w.org\/{rel}","templated":true}]}}