{"id":1456,"date":"2018-07-09T12:37:16","date_gmt":"2018-07-09T15:37:16","guid":{"rendered":"http:\/\/ppgusrn.cnat.ifrn.edu.br\/?page_id=1456"},"modified":"2019-06-07T08:50:29","modified_gmt":"2019-06-07T11:50:29","slug":"projetos","status":"publish","type":"page","link":"https:\/\/ppgusrn.cnat.ifrn.edu.br\/index.php\/projetos\/","title":{"rendered":"Projetos"},"content":{"rendered":"<div id=\"dslc-theme-content\"><div id=\"dslc-theme-content-inner\"><div id=\"tablepress-7-scroll-wrapper\" class=\"tablepress-scroll-wrapper\">\n\n<table id=\"tablepress-7\" class=\"tablepress tablepress-id-7\">\n<thead>\n<tr class=\"row-1 odd\">\n\t<th class=\"column-1\">Aluno<\/th><th class=\"column-2\">Ano de In\u00edcio<\/th><th class=\"column-3\">Respons\u00e1vel pelo Projeto<\/th><th class=\"column-4\">Projeto<\/th>\n<\/tr>\n<\/thead>\n<tbody class=\"row-hover\">\n<tr class=\"row-2 even\">\n\t<td class=\"column-1\">Elizangela Ferreira Alves de Paiva<br \/>\n<\/td><td class=\"column-2\">2023.2<\/td><td class=\"column-3\">ANDRE LUIZ LOPES TOLED<\/td><td class=\"column-4\">Pesquisa sobre o tijolo de solo-cimento e sua aplica\u00e7\u00e3o em edifica\u00e7\u00f5es sustent\u00e1veis e a viabilidade para a abertura de uma f\u00e1brica de tijolos no munic\u00edpio de Parnamirim \/ RN.<\/td>\n<\/tr>\n<tr class=\"row-3 odd\">\n\t<td class=\"column-1\">Thiphanie Karolinne Medeiros Albuquerque Silva<br \/>\n<\/td><td class=\"column-2\">2023.2<\/td><td class=\"column-3\">ROBERTO RODRIGUES CUNHA LIMA<\/td><td class=\"column-4\">UTILIZA\u00c7\u00c3O DE BIOCARV\u00c3O PARA ADSOR\u00c7\u00c3O DE GLIFOSATO DE MEIO AQUOSO<\/td>\n<\/tr>\n<tr class=\"row-4 even\">\n\t<td class=\"column-1\">Elica Lorrane Costa Nascimento<\/td><td class=\"column-2\">2023.2<\/td><td class=\"column-3\">LUCIANA DE CASTRO MEDEIROS<\/td><td class=\"column-4\">INFLU\u00caNCIA DO USO E OCUPA\u00c7\u00c3O DO SOLO NA QUALIDADE DA \u00c1GUA NA BARRAGEM ARMANDO RIBEIRO GON\u00c7ALVES\/RN<\/td>\n<\/tr>\n<tr class=\"row-5 odd\">\n\t<td class=\"column-1\">Thiphanie Karolinne Medeiros Albuquerque Silva<br \/>\n<\/td><td class=\"column-2\">2023.2<\/td><td class=\"column-3\">ROBERTO RODRIGUES CUNHA LIMA<\/td><td class=\"column-4\">UTILIZA\u00c7\u00c3O DE BIOCARV\u00c3O PARA ADSOR\u00c7\u00c3O DE GLIFOSATO DE MEIO AQUOSO<\/td>\n<\/tr>\n<tr class=\"row-6 even\">\n\t<td class=\"column-1\">LAIS STEPHANIE BAZILIO DA SILVA<\/td><td class=\"column-2\">2023.2<\/td><td class=\"column-3\">\tIn\u00edcio do V\u00ednculo\tFim do V\u00ednculo<br \/>\nANDRE LUIZ LOPES TOLEDO<\/td><td class=\"column-4\">A GEST\u00c3O AMBIENTAL COMO INSTRUMENTO FORTALECEDOR DE POL\u00cdTICAS P\u00daBLICAS: UM ESTUDO DE CASO NO IDEMA SOB A \u00d3TICA DA ADMINISTRA\u00c7\u00c3O LOCAL<\/td>\n<\/tr>\n<tr class=\"row-7 odd\">\n\t<td class=\"column-1\">Gabriela Thaise de Medeiros Fran\u00e7a<\/td><td class=\"column-2\">2022.2<\/td><td class=\"column-3\">Leandro Silva Costa<\/td><td class=\"column-4\">Compostagem como uma ferramenta de aproveitamento de res\u00edduos org\u00e2nicos para aplica\u00e7\u00e3o em horta em escolas de ensino infantil.<\/td>\n<\/tr>\n<tr class=\"row-8 even\">\n\t<td class=\"column-1\">Evantuy de Oliveira<\/td><td class=\"column-2\">2022.2<\/td><td class=\"column-3\">Leandro Silva Costa<\/td><td class=\"column-4\">Desenvolvimento de um ecossistema integrado de descarte de lixo eletr\u00f4nico no litoral sul potiguar.<br \/>\n<\/td>\n<\/tr>\n<tr class=\"row-9 odd\">\n\t<td class=\"column-1\">Fernanda Cortez de Oliveira<\/td><td class=\"column-2\">2022.2<\/td><td class=\"column-3\">Leonardo Pivotto Nicodemo<\/td><td class=\"column-4\">Compliance ESG: uma proposta de sistematiza\u00e7\u00e3o de requisitos para o parque industrial do Rio Grande do Norte<\/td>\n<\/tr>\n<tr class=\"row-10 even\">\n\t<td class=\"column-1\">Aivlys Sibelle da Silva Pereira<\/td><td class=\"column-2\">2022.2<\/td><td class=\"column-3\">Leandro Silva Costa<\/td><td class=\"column-4\">Desenvolvimento de um laborat\u00f3rio did\u00e1tico de compostagem em escolas do ensino fundamental<\/td>\n<\/tr>\n<tr class=\"row-11 odd\">\n\t<td class=\"column-1\">Carlos Eduardo de Lima e Veruska Lilian Fernandes de Medeiros Cerchi<\/td><td class=\"column-2\">2022.2<\/td><td class=\"column-3\">Josyanne Pinto Giesta<\/td><td class=\"column-4\">Diretrizes para escolha de tecnologias BIM: aplica\u00e7\u00e3o para infraestrutura de mobilidade em cidades inteligentes<\/td>\n<\/tr>\n<tr class=\"row-12 even\">\n\t<td class=\"column-1\">Maria C\u00e2ndida Barreto Cunha<\/td><td class=\"column-2\">2022.2<\/td><td class=\"column-3\">Douglisnilson de Morais Ferreira <\/td><td class=\"column-4\">Estudo da percep\u00e7\u00e3o ambiental como forma de avaliar a qualidade da \u00e1gua na rede de distribui\u00e7\u00e3o da regi\u00e3o litoral sul do RN<\/td>\n<\/tr>\n<tr class=\"row-13 odd\">\n\t<td class=\"column-1\">Renata dos Santos de Oliveira<\/td><td class=\"column-2\">2022.2<\/td><td class=\"column-3\">R\u00e9gia L\u00facia Lopes<\/td><td class=\"column-4\">Gest\u00e3o de Res\u00edduos Eletroeletr\u00f4nicos de inform\u00e1tica em institui\u00e7\u00f5es de ensino: proposta de manual para o IFRN<\/td>\n<\/tr>\n<tr class=\"row-14 even\">\n\t<td class=\"column-1\">Val\u00e9ria Valesca da Silva Brito<\/td><td class=\"column-2\">2022.2<\/td><td class=\"column-3\">R\u00f4mulo Magno Oliveira de Freitas<\/td><td class=\"column-4\">Impactos ambientais da extra\u00e7\u00e3o de min\u00e9rios de argila na bacia do Rio Pianc\u00f3 - Piranhas A\u00e7u<\/td>\n<\/tr>\n<tr class=\"row-15 odd\">\n\t<td class=\"column-1\">Paula Salmana Medeiros Oliveira <\/td><td class=\"column-2\">2022.2<\/td><td class=\"column-3\">R\u00e9gia L\u00facia Lopes<\/td><td class=\"column-4\">Rede Recicla Serid\u00f3: aspectos socioprodutivos dos empreendimentos de catadores de materiais recicl\u00e1veis, desafios e oportunidades para a comercializa\u00e7\u00e3o.<\/td>\n<\/tr>\n<tr class=\"row-16 even\">\n\t<td class=\"column-1\">Elaine Denise Bandeira e Thalia Maria de Sousa Soares<\/td><td class=\"column-2\">2022.2<\/td><td class=\"column-3\">Sheyla Varela Lucena<\/td><td class=\"column-4\">Levantamento arb\u00f3reo do bosque do IFRN, campus Natal-Central: uma proposta de guia virtual das esp\u00e9cies arb\u00f3reos <\/td>\n<\/tr>\n<tr class=\"row-17 odd\">\n\t<td class=\"column-1\">Sylvia Kaline do Vale Xavier<\/td><td class=\"column-2\">2022.2<\/td><td class=\"column-3\">R\u00f4mulo Magno Oliveira de Freitas<\/td><td class=\"column-4\">Percep\u00e7\u00e3o dos impactos ambientais no entorno do Rio Macei\u00f3 por moradores do mun\u00edcipio de Touros\/RN<\/td>\n<\/tr>\n<tr class=\"row-18 even\">\n\t<td class=\"column-1\">Djalma Val\u00e9rio Ribeiro Neto<\/td><td class=\"column-2\">2022.2<\/td><td class=\"column-3\">J\u00falio C\u00e9sar Pontes<\/td><td class=\"column-4\">Viabilidade t\u00e9cnica para a produ\u00e7\u00e3o de argamassas com  incorpora\u00e7\u00e3o de res\u00edduos de rochas ornamentais do serid\u00f3 potiguar <\/td>\n<\/tr>\n<tr class=\"row-19 odd\">\n\t<td class=\"column-1\">Jeozane Ribeiro da Costa Lucena e Luciana Mendes Ribeiro<\/td><td class=\"column-2\">2022.2<\/td><td class=\"column-3\">Josyanne Pinto Giesta<\/td><td class=\"column-4\">An\u00e1lise de projetos arquitet\u00f4nicos, com o aux\u00edlio da plataforma BIM, voltada para sustentabilidade<\/td>\n<\/tr>\n<tr class=\"row-20 even\">\n\t<td class=\"column-1\">Elaine Denise Bandeira, Lucas Gabriel Ver\u00edssimo Pinheiro da silva e Thalia Maria de Sousa Soares<\/td><td class=\"column-2\">2022.2<\/td><td class=\"column-3\">Sheyla Varela Lucena<\/td><td class=\"column-4\">A Reciclagem de Pl\u00e1stico para a produ\u00e7\u00e3o de produtos de valor agregado em comunidades litor\u00e2neas<\/td>\n<\/tr>\n<tr class=\"row-21 odd\">\n\t<td class=\"column-1\">Elaine Denise Bandeira<\/td><td class=\"column-2\">2021.2<\/td><td class=\"column-3\">Jean Leite Tavares<\/td><td class=\"column-4\">Projeto de fortalecimento de a\u00e7\u00f5es ligadas \u00e0 gest\u00e3o integrada de recursos h\u00eddricos do PPgUSRN\/IFRN com apoio do Centro de Ci\u00eancias do Mar e do Ambiente da Universidade de Coimbra e suas institui\u00e7\u00f5es parceiras.<\/td>\n<\/tr>\n<tr class=\"row-22 even\">\n\t<td class=\"column-1\">Elaine Denise Bandeira e Maria Lib\u00e2nia Carlos dos Santos<\/td><td class=\"column-2\">2021.2<\/td><td class=\"column-3\">Sheyla Varela Lucena<\/td><td class=\"column-4\">Projeto de gest\u00e3o integrada dos recursos h\u00eddricos como ferramenta para o desenvolvimento sustent\u00e1vel do Rio Grande do Norte<\/td>\n<\/tr>\n<tr class=\"row-23 odd\">\n\t<td class=\"column-1\">Elaine Denise Bandeira e Lucas Gabriel Ver\u00edssimo Pinheiro da Silva<\/td><td class=\"column-2\">2021.2<\/td><td class=\"column-3\">Sheyla Varela Lucena<\/td><td class=\"column-4\">Reciclagem de res\u00edduos s\u00f3lidos como solu\u00e7\u00e3o tecnol\u00f3gica para transforma\u00e7\u00e3o socioecon\u00f4mica dos catadores do mun\u00edcipio de Natal<\/td>\n<\/tr>\n<tr class=\"row-24 even\">\n\t<td class=\"column-1\">Elaine Denise Bandeira <\/td><td class=\"column-2\">2021.2<\/td><td class=\"column-3\">Sheyla Varela Lucena<\/td><td class=\"column-4\">Vulnerabilidade do acesso ao saneamento e a incid\u00eancia da covid-19 na cidade de Natal\/RN: uma proposta de cartilha educativa<\/td>\n<\/tr>\n<tr class=\"row-25 odd\">\n\t<td class=\"column-1\">Francidalva Vieira Alves <\/td><td class=\"column-2\">2021.2<\/td><td class=\"column-3\">Leandro Silva Costa<\/td><td class=\"column-4\">Sustentabilidade socioecol\u00f3gica: aplicabilidade nos anos iniciais da educa\u00e7\u00e3o b\u00e1sica com a implementa\u00e7\u00e3o de uma horta org\u00e2nica<\/td>\n<\/tr>\n<tr class=\"row-26 even\">\n\t<td class=\"column-1\">Felipe da Silva Teixeira<\/td><td class=\"column-2\">2021.2<\/td><td class=\"column-3\">Andr\u00e9 Luiz Lopes Toledo<\/td><td class=\"column-4\">Gest\u00e3o ambiental e sustentabilidade no turismo: uma avalia\u00e7\u00e3o da sustentabilidade dos meios de hospedagem associados ao movimento preserve Pipa<\/td>\n<\/tr>\n<tr class=\"row-27 odd\">\n\t<td class=\"column-1\">Weryka Preston Leite Batista da Costa<\/td><td class=\"column-2\">2021.2<\/td><td class=\"column-3\">Jo\u00e3o Teixeira de Carvalho Neto<\/td><td class=\"column-4\">Proposta de Norma Brasileira para An\u00e1lise da Permeabilidade em Pavers de Concreto Permeavel-PCP<\/td>\n<\/tr>\n<tr class=\"row-28 even\">\n\t<td class=\"column-1\">Joyce Aline Olivia Rodrigues Alves <\/td><td class=\"column-2\">2021.2<\/td><td class=\"column-3\">Jo\u00e3o Teixeira de Carvalho Neto<\/td><td class=\"column-4\">Ferramenta computacional de gerenciamento dos dados t\u00e9cnicos relacionados aos empreendimentos de gera\u00e7\u00e3o fotovoltaica conectados ao Sistema El\u00e9trico do RN<\/td>\n<\/tr>\n<tr class=\"row-29 odd\">\n\t<td class=\"column-1\">Weryka Preston Leite Batista da Costa<\/td><td class=\"column-2\">2021.2<\/td><td class=\"column-3\">Jo\u00e3o Teixeira de Carvalho Neto<\/td><td class=\"column-4\">Dispositivo de an\u00e1lise de permeabilidade em pavers de concreto perme\u00e1vel <\/td>\n<\/tr>\n<tr class=\"row-30 even\">\n\t<td class=\"column-1\">Danielle Domingos da Silva<\/td><td class=\"column-2\">2021.2<\/td><td class=\"column-3\">Andr\u00e9 Luiz Lopes Toledo<\/td><td class=\"column-4\">Produ\u00e7\u00e3o de biodiesel residual de canola e an\u00e1lise de aplicabilidade considerando testes comparativos com propor\u00e7\u00f5es de mistura - B13, B20, B30 e B40 -  e diesel S10 em motor de combust\u00e3o interna ciclo diesel<\/td>\n<\/tr>\n<tr class=\"row-31 odd\">\n\t<td class=\"column-1\">Luiza de S\u00e1 Vanderlei <\/td><td class=\"column-2\">2021.2<\/td><td class=\"column-3\">R\u00e9gia L\u00facia Lopes<\/td><td class=\"column-4\">Avalia\u00e7\u00e3o da participa\u00e7\u00e3o da comunidade na gest\u00e3o dos res\u00edduos s\u00f3lidos<\/td>\n<\/tr>\n<tr class=\"row-32 even\">\n\t<td class=\"column-1\">Elaine Denise Bandeira<\/td><td class=\"column-2\">2021.2<\/td><td class=\"column-3\">Sheyla Varela Lucena<\/td><td class=\"column-4\">An\u00e1lise espa\u00e7o-temporal do monitoramento da concentra\u00e7\u00e3o de sars-cov-2 nos esgotos do IFRN.<\/td>\n<\/tr>\n<tr class=\"row-33 odd\">\n\t<td class=\"column-1\">Anna Paula Marques Cardoso<\/td><td class=\"column-2\">2018.2<\/td><td class=\"column-3\">Fab\u00edola Gomes de Carvalho<\/td><td class=\"column-4\">Uso do bioestimulante a base de algas marinhas e \u00e1gua residu\u00e1ria de Piscicultura no crescimento inicial de mudas de Mulungu (Erythrina velutina Willd)<\/td>\n<\/tr>\n<tr class=\"row-34 even\">\n\t<td class=\"column-1\">Diogo Tannile Pereira Carlos<\/td><td class=\"column-2\">2018.2<\/td><td class=\"column-3\">Marco Ant\u00f4nio Calazans Duarte<\/td><td class=\"column-4\">Avalia\u00e7\u00e3o de tecnologias de tratamento das \u00e1guas da Lagoa de Extremoz e do Rio Maxaranguape - RN<\/td>\n<\/tr>\n<tr class=\"row-35 odd\">\n\t<td class=\"column-1\">Eduardo Cristiano Vieira Gurgel<\/td><td class=\"column-2\">2018.2<\/td><td class=\"column-3\">Renata Carla Tavares dos Santos Felipe<\/td><td class=\"column-4\">Diagn\u00f3stico dos res\u00edduos de pl\u00e1stico refor\u00e7ado com fibra de vidro no Rio Grande do Norte<\/td>\n<\/tr>\n<tr class=\"row-36 even\">\n\t<td class=\"column-1\">Fernando Henrique de Medeiros Fernandes<\/td><td class=\"column-2\">2018.2<\/td><td class=\"column-3\">Handson Cl\u00e1udio Dias Pimenta<\/td><td class=\"column-4\">An\u00e1lise das pr\u00e1ticas de responsabilidade social corporativa em comunidades ao entorno de Parques E\u00f3licos<\/td>\n<\/tr>\n<tr class=\"row-37 odd\">\n\t<td class=\"column-1\">Houtran Lima da Silva<\/td><td class=\"column-2\">2018.2<\/td><td class=\"column-3\">Gerda L\u00facia Pinheiro Camelo<\/td><td class=\"column-4\">Avalia\u00e7\u00e3o da sustentabilidade de Agroecossistemas de cultivo da manga irrigada versus sequeiro mediante aplica\u00e7\u00e3o do Mesmis em Acari e Cruzeta-RN<\/td>\n<\/tr>\n<tr class=\"row-38 even\">\n\t<td class=\"column-1\">Ivonildo dos Santos Silva<\/td><td class=\"column-2\">2018.2<\/td><td class=\"column-3\">Leci Martins Menezes Reis<\/td><td class=\"column-4\">Sustentabilidade de pequenas propriedades rurais associadas \u00e0 cooperativa Agroindustrial do S\u00edtio Malhada do Crato-CE<\/td>\n<\/tr>\n<tr class=\"row-39 odd\">\n\t<td class=\"column-1\">Jos\u00e9 Cust\u00f3dio da Silva<\/td><td class=\"column-2\">2018.2<\/td><td class=\"column-3\">Jean Leite Tavares<\/td><td class=\"column-4\">An\u00e1lise comparativa de metais pesados em Til\u00e1pia-do-Nilo (Oreochromis Niloticus) presentes em sistema de tratamento de esgoto por lagoa de estabiliza\u00e7\u00e3o com tilapias criadas em sistema de produ\u00e7\u00e3o controlado<\/td>\n<\/tr>\n<tr class=\"row-40 even\">\n\t<td class=\"column-1\">Jos\u00e9 Edson Martins Silva<\/td><td class=\"column-2\">2018.2<\/td><td class=\"column-3\">Dayana Melo Torres <\/td><td class=\"column-4\">Avalia\u00e7\u00e3o do tratamento e re\u00faso de efluentes no IFRN, Campus S\u00e3o Paulo do Potengi-RN<\/td>\n<\/tr>\n<tr class=\"row-41 odd\">\n\t<td class=\"column-1\">Jos\u00e9 Wilson Liberato Freire da Silva<\/td><td class=\"column-2\">2018.2<\/td><td class=\"column-3\">Renato Dantas Rocha da Silva<\/td><td class=\"column-4\">Aplica\u00e7\u00e3o de unidade piloto de precipita\u00e7\u00e3o qu\u00edmica de f\u00f3sforo sol\u00favel e flota\u00e7\u00e3o com microbolhas no tratamento de efluente de lagoa de estabiliza\u00e7\u00e3o em Esta\u00e7\u00e3o de Tratamento de Esgoto na Grande Natal\u2212RN<\/td>\n<\/tr>\n<tr class=\"row-42 even\">\n\t<td class=\"column-1\">Juvenise Tavares da Costa Freire<\/td><td class=\"column-2\">2018.2<\/td><td class=\"column-3\">Julio Alejandro Navoni<\/td><td class=\"column-4\">An\u00e1lise do gerenciamento dos res\u00edduos de constru\u00e7\u00e3o civil no Munic\u00edpio de Natal<\/td>\n<\/tr>\n<tr class=\"row-43 odd\">\n\t<td class=\"column-1\">Lucas Kaluan\u00e1 Pereira de Souza<\/td><td class=\"column-2\">2018.2<\/td><td class=\"column-3\">Valdenildo Pedro da Silva<\/td><td class=\"column-4\">Monitoramento da cobertura do solo do N\u00facleo de Desertifica\u00e7\u00e3o do Rio Grande do Norte por meio de \u00edndices de vegeta\u00e7\u00e3o como subsidios \u00e0 sustentabilidade<\/td>\n<\/tr>\n<tr class=\"row-44 even\">\n\t<td class=\"column-1\">Missraym G\u00e9rsica Gomes da Rocha<\/td><td class=\"column-2\">2018.2<\/td><td class=\"column-3\">Pedro Vieira de Azevedo<\/td><td class=\"column-4\">Percep\u00e7\u00e3o dos moradores do Distrito Malhada Vermelha, Campo Redondo \u2013 RN com rela\u00e7\u00e3o ao processo de transi\u00e7\u00e3o do uso de cisternas para a utiliza\u00e7\u00e3o da \u00e1gua encanada<\/td>\n<\/tr>\n<tr class=\"row-45 odd\">\n\t<td class=\"column-1\">Pedro Henrique Pinheiro Belarmino<\/td><td class=\"column-2\">2018.2<\/td><td class=\"column-3\">Jos\u00e9 Beldson Elias Ramos<\/td><td class=\"column-4\">Diagn\u00f3stico da gest\u00e3o de res\u00edduos s\u00f3lidos urbanos de Parelhas-RN em vistas ao Cons\u00f3rcio P\u00fablico Regional de Res\u00edduos S\u00f3lidos do Serid\u00f3<\/td>\n<\/tr>\n<tr class=\"row-46 even\">\n\t<td class=\"column-1\">Raul Leite da Costa<\/td><td class=\"column-2\">2018.2<\/td><td class=\"column-3\">Dayana Melo Torres <\/td><td class=\"column-4\">Tratamento e re\u00faso de \u00e1guas cinzas: alternativa para minimiza\u00e7\u00e3o da escassez h\u00eddrica em propriedades agr\u00edcolas do Semi\u00e1rido do Rio Grande do Norte, Brasil<\/td>\n<\/tr>\n<tr class=\"row-47 odd\">\n\t<td class=\"column-1\">Renata Jully Nunes Xavier<\/td><td class=\"column-2\">2018.2<\/td><td class=\"column-3\">Handson Cl\u00e1udio Dias Pimenta<\/td><td class=\"column-4\">Avalia\u00e7\u00e3o do desempenho ambiental na constru\u00e7\u00e3o de Parques E\u00f3licos no Rio Grande do Norte<\/td>\n<\/tr>\n<tr class=\"row-48 even\">\n\t<td class=\"column-1\">Hourtran Lima da Silva<\/td><td class=\"column-2\">2018.2<\/td><td class=\"column-3\">Gerda L\u00facia Pinheiro Camelo<\/td><td class=\"column-4\">Aplica\u00e7\u00e3o das ferramentas da qualidade no processo das hortifruticulturas org\u00e2nicas no Gramorezinho<\/td>\n<\/tr>\n<tr class=\"row-49 odd\">\n\t<td class=\"column-1\">Ricardo Luz Xavier da Costa<\/td><td class=\"column-2\">2018.2<\/td><td class=\"column-3\">Andr\u00e9 Lu\u00eds Calado de Ara\u00fajo <\/td><td class=\"column-4\">An\u00e1lise das perdas na distribui\u00e7\u00e3o de \u00e1gua do bairro do Pitimbu e propostas para seu controle<\/td>\n<\/tr>\n<tr class=\"row-50 even\">\n\t<td class=\"column-1\">Thaliana Manuella F\u00e9lix Can\u00e1rio<\/td><td class=\"column-2\">2018.2<\/td><td class=\"column-3\">Fab\u00edola Gomes de Carvalho<\/td><td class=\"column-4\">Reuso do Hidrogel de fraldas descart\u00e1veis no cultivo da hortali\u00e7a r\u00facula<\/td>\n<\/tr>\n<tr class=\"row-51 odd\">\n\t<td class=\"column-1\">Vanessa de Brito Abrantes<\/td><td class=\"column-2\">2018.2<\/td><td class=\"column-3\">Mario Tavares de Oliveira Cavalcanti Neto<\/td><td class=\"column-4\">A percep\u00e7\u00e3o ambiental dos moradores do bairro de M\u00e3e Luiza \u2013 Natal\/RN, como forma de aux\u00edlio para desenvolvimento de a\u00e7\u00f5es socioambientais de preven\u00e7\u00e3o a desastres ambientais<\/td>\n<\/tr>\n<tr class=\"row-52 even\">\n\t<td class=\"column-1\">Wildma Micheline da C\u00e2mara Ribeiro<\/td><td class=\"column-2\">2018.2<\/td><td class=\"column-3\">Leonardo Piv\u00f4tto Nicodemo<\/td><td class=\"column-4\">Compliance Ambiental: an\u00e1lise do auto monitoramento como ferramenta de garantia e manuten\u00e7\u00e3o da conformidade legal na minera\u00e7\u00e3o do Rio Grande do Norte<\/td>\n<\/tr>\n<tr class=\"row-53 odd\">\n\t<td class=\"column-1\">Gerson Romano dos Santos Junior<\/td><td class=\"column-2\">2018.2<\/td><td class=\"column-3\">J\u00falio C\u00e9sar Pontes<\/td><td class=\"column-4\">Avalia\u00e7\u00e3o da variabilidade geoqu\u00edmica de elementos de terras raras, ur\u00e2nio e t\u00f3rio em perfis Regol\u00edticos\/Lateritizados em rochas do complexo Jequi\u00e9 Bahia, Brasil: implica\u00e7\u00f5es econ\u00f4micas e ambientais<\/td>\n<\/tr>\n<tr class=\"row-54 even\">\n\t<td class=\"column-1\">Cleydsa Su\u00eania de Lima<\/td><td class=\"column-2\">2018.2<\/td><td class=\"column-3\">M\u00e1rio Tavares de Oliveira Cavalcanti Neto<\/td><td class=\"column-4\">Avalia\u00e7\u00e3o socioambiental do fechamento de mina com \u00eanfase na regi\u00e3o Serid\u00f3 - RN<\/td>\n<\/tr>\n<tr class=\"row-55 odd\">\n\t<td class=\"column-1\">Carlos Andr\u00e9 Silva da Cruz<\/td><td class=\"column-2\">2017.2<\/td><td class=\"column-3\">Andr\u00e9 Calado<\/td><td class=\"column-4\">Situa\u00e7\u00e3o dos Po\u00e7os de Capta\u00e7\u00e3o de \u00c1gua Em Natal\/RN: o Problema do Nitrato e Proposi\u00e7\u00e3o de Melhorias<\/td>\n<\/tr>\n<tr class=\"row-56 even\">\n\t<td class=\"column-1\">Felipe da Silva Teixeira<\/td><td class=\"column-2\">2017.2<\/td><td class=\"column-3\">Gerda Camelo<\/td><td class=\"column-4\">\u00cdndice de Desenvolvimento Sustent\u00e1vel para Munic\u00edpios e Suas Influ\u00eancias no Plano Diretor Participativo do Munic\u00edpio de Tibau do Sul<\/td>\n<\/tr>\n<tr class=\"row-57 odd\">\n\t<td class=\"column-1\">Taluanne Balbino Ara\u00fajo<\/td><td class=\"column-2\">2017.2<\/td><td class=\"column-3\">Andr\u00e9 Calado<\/td><td class=\"column-4\">Caracteriza\u00e7\u00e3o F\u00edsico e Ambiental Em Projetos de Um Abatedouro Publico no Rio Grande do Norte<\/td>\n<\/tr>\n<tr class=\"row-58 even\">\n\t<td class=\"column-1\">Luiz Henrique Nunes da Silva<\/td><td class=\"column-2\">2017.2<\/td><td class=\"column-3\">Leonardo Nicodemo<\/td><td class=\"column-4\">Sustentabilidade de Campos Petrol\u00edferos Em Terra do Polo Macau-RN Utilizando a Metodologia Ispetro<\/td>\n<\/tr>\n<tr class=\"row-59 odd\">\n\t<td class=\"column-1\">Rafael Xavier dos Santos<\/td><td class=\"column-2\">2017.2<\/td><td class=\"column-3\">Pedro Vieira<\/td><td class=\"column-4\">Caracteriza\u00e7\u00e3o Morfofisiol\u00f3gica do Crescimento do Capim Elefante Em Solo do Semi\u00e1rido, Sobe o Efeito de \u00c1gua Subterr\u00e2nea Em Lagoa de Velhos - RN <\/td>\n<\/tr>\n<tr class=\"row-60 even\">\n\t<td class=\"column-1\">Bruno de Medeiros Souza<\/td><td class=\"column-2\">2017.2<\/td><td class=\"column-3\">Marco Calazans<\/td><td class=\"column-4\">An\u00e1lise dos Fen\u00f4menos de Fotorreativa\u00e7\u00e3o e Recupera\u00e7\u00e3o no Escuro Em Microrganismos Ap\u00f3s Exposi\u00e7\u00e3o \u00e0 Radia\u00e7\u00e3o Ultravioleta <\/td>\n<\/tr>\n<tr class=\"row-61 odd\">\n\t<td class=\"column-1\">Liana de Holanda Viana Barros<\/td><td class=\"column-2\">2017.2<\/td><td class=\"column-3\">Renata Carla Tavares dos Santos Felipe<\/td><td class=\"column-4\">An\u00e1lise da Degrada\u00e7\u00e3o de Pl\u00e1stico Refor\u00e7ado em Fibra de Vidro quando Exposto a Ambientes Diversos<\/td>\n<\/tr>\n<tr class=\"row-62 even\">\n\t<td class=\"column-1\">Andreza Miranda de Andrade Barbosa<\/td><td class=\"column-2\">2017.2<\/td><td class=\"column-3\">Jean Leite Tavares<\/td><td class=\"column-4\">An\u00e1lise de Rotas de Reuso da \u00c1gua Produzida na Regi\u00e3o Produtora de Petr\u00f3leo de Mossor\u00f3\/RN. <\/td>\n<\/tr>\n<tr class=\"row-63 odd\">\n\t<td class=\"column-1\">Maria Wagna de Ara\u00fajo Dantas<\/td><td class=\"column-2\">2017.2<\/td><td class=\"column-3\">R\u00e9gia L\u00facia Lopes<\/td><td class=\"column-4\">Avalia\u00e7\u00e3o da sustentabilidade da coleta seletiva em Natal por meio de \u00edndices e indicadores<\/td>\n<\/tr>\n<tr class=\"row-64 even\">\n\t<td class=\"column-1\">Vladimir S\u00e9rgio de Aquino Souto<\/td><td class=\"column-2\">2017.2<\/td><td class=\"column-3\">R\u00e9gia L\u00facia Lopes<\/td><td class=\"column-4\">Avalia\u00e7\u00e3o de Sustentabilidade da Gest\u00e3o de Res\u00edduos S\u00f3lidos no Rio Grande do Norte<\/td>\n<\/tr>\n<tr class=\"row-65 odd\">\n\t<td class=\"column-1\">Bruno de Medeiros Souza<\/td><td class=\"column-2\">2017.2<\/td><td class=\"column-3\">Marco Ant\u00f4nio Calazans Duarte<\/td><td class=\"column-4\">Custos de Opera\u00e7\u00e3o e Manuten\u00e7\u00e3o de ETE por Reator Anaer\u00f3bico e Lodos Ativadoscom Desnitrifica\u00e7\u00e3o<\/td>\n<\/tr>\n<tr class=\"row-66 even\">\n\t<td class=\"column-1\">Taluanne Balbino Ara\u00fajo<\/td><td class=\"column-2\">2017.2<\/td><td class=\"column-3\">Andr\u00e9 Lu\u00eds Calado Ara\u00fajo<\/td><td class=\"column-4\">Diagn\u00f3stico das condi\u00e7\u00f5es f\u00edsicas e sanit\u00e1rias de unidades de abate animal no estado do Rio Grande do Norte<\/td>\n<\/tr>\n<\/tbody>\n<\/table>\n\n<\/div><!-- #tablepress-7 from cache -->\n<\/div><\/div>","protected":false},"excerpt":{"rendered":"","protected":false},"author":1,"featured_media":0,"parent":0,"menu_order":0,"comment_status":"closed","ping_status":"closed","template":"","meta":{"footnotes":""},"_links":{"self":[{"href":"https:\/\/ppgusrn.cnat.ifrn.edu.br\/index.php\/wp-json\/wp\/v2\/pages\/1456"}],"collection":[{"href":"https:\/\/ppgusrn.cnat.ifrn.edu.br\/index.php\/wp-json\/wp\/v2\/pages"}],"about":[{"href":"https:\/\/ppgusrn.cnat.ifrn.edu.br\/index.php\/wp-json\/wp\/v2\/types\/page"}],"author":[{"embeddable":true,"href":"https:\/\/ppgusrn.cnat.ifrn.edu.br\/index.php\/wp-json\/wp\/v2\/users\/1"}],"replies":[{"embeddable":true,"href":"https:\/\/ppgusrn.cnat.ifrn.edu.br\/index.php\/wp-json\/wp\/v2\/comments?post=1456"}],"version-history":[{"count":3,"href":"https:\/\/ppgusrn.cnat.ifrn.edu.br\/index.php\/wp-json\/wp\/v2\/pages\/1456\/revisions"}],"predecessor-version":[{"id":2510,"href":"https:\/\/ppgusrn.cnat.ifrn.edu.br\/index.php\/wp-json\/wp\/v2\/pages\/1456\/revisions\/2510"}],"wp:attachment":[{"href":"https:\/\/ppgusrn.cnat.ifrn.edu.br\/index.php\/wp-json\/wp\/v2\/media?parent=1456"}],"curies":[{"name":"wp","href":"https:\/\/api.w.org\/{rel}","templated":true}]}}