{"id":1608,"date":"2018-07-17T00:58:36","date_gmt":"2018-07-17T03:58:36","guid":{"rendered":"http:\/\/ppgusrn.cnat.ifrn.edu.br\/?page_id=1608"},"modified":"2025-03-22T12:10:00","modified_gmt":"2025-03-22T15:10:00","slug":"grupos-de-pesquisa","status":"publish","type":"page","link":"https:\/\/ppgusrn.cnat.ifrn.edu.br\/index.php\/grupos-de-pesquisa\/","title":{"rendered":"Grupos de Pesquisa"},"content":{"rendered":"<div id=\"dslc-theme-content\"><div id=\"dslc-theme-content-inner\"><div><\/div>\n<div class=\"row\" style=\"margin-bottom: 50px;\">\n<div><\/div>\n<div><\/div>\n<div><\/div>\n<div><\/div>\n<p><a href=\"http:\/\/dgp.cnpq.br\/dgp\/espelhogrupo\/18181\"><img loading=\"lazy\" decoding=\"async\" class=\"alignnone wp-image-4258 size-thumbnail\" src=\"https:\/\/ppgusrn.cnat.ifrn.edu.br\/wp-content\/uploads\/2018\/04\/image5.png\" alt=\"\" width=\"250\" height=\"250\" \/><\/a><\/p>\n<p style=\"text-align: left;\"><strong>L\u00edderes:<\/strong>\u00a0Handson Cl\u00e1udio Dias Pimenta<br \/>\n<strong>Telefone:\u00a0<\/strong>(84) 4005-9301<br \/>\n<strong>E-mail:<\/strong>\u00a0<a href=\"mailto:nese.cnat@ifrn.edu.br\">nese.cnat@ifrn.edu.br<\/a><\/p>\n<p style=\"text-align: justify;\">O N\u00facleo de Estudos em Sustentabilidade Empresarial (NESE) procura desenvolver pesquisas sobre a implementa\u00e7\u00e3o e difus\u00e3o de pr\u00e1ticas de sustentabilidade ambiental e social em processos produtivos, produtos e servi\u00e7os e cadeias produtivas. O n\u00facleo agrega de forma interdisciplinar pesquisadores do Diretoria de Recursos Naturais e Diretoria de Gest\u00e3o e Tecnologia da Informa\u00e7\u00e3o do IFRN juntamente com o Departamento de Engenharia de Produ\u00e7\u00e3o da UFRN. Os principais temas pesquisados s\u00e3o: Sustentabilidade em sistemas produtivos e cadeias produtivas; Ecoefici\u00eancia; Responsabilidade social corporativa; Produ\u00e7\u00e3o mais limpa; Ecodesign; ACV; SGA-ISO 14001:15; desempenho ambiental; Sa\u00fade e seguran\u00e7a organizacional; compras sustent\u00e1veis.<\/p>\n<hr \/>\n<p><a href=\"http:\/\/dgp.cnpq.br\/dgp\/espelhogrupo\/3381\"><img loading=\"lazy\" decoding=\"async\" class=\"alignnone wp-image-4258 size-thumbnail\" src=\"https:\/\/ppgusrn.cnat.ifrn.edu.br\/wp-content\/uploads\/2018\/04\/image3.png\" alt=\"\" width=\"250\" height=\"250\" \/><\/a><\/p>\n<p style=\"text-align: left;\"><strong>L\u00edderes:<\/strong>\u00a0Dayana Melo e Jean Leite<br \/>\n<strong>Telefone:\u00a0<\/strong>(84) 4005-9947<br \/>\n<strong>E-mail:<\/strong>\u00a0<a href=\"mailto:nesb.cnat@ifrn.edu.br\">nesb.cnat@ifrn.edu.br<\/a><\/p>\n<p style=\"text-align: justify;\">Realiza\u00e7\u00e3o de estudos e pesquisas nas \u00e1reas de saneamento b\u00e1sico e ambiental contextualizadas dentro da realidade local e regional, visando sempre a aplica\u00e7\u00e3o de das solu\u00e7\u00f5es ambientalmente sustent\u00e1veis e pass\u00edveis de serem replicadas em escala real. Contribuir para a forma\u00e7\u00e3o acad\u00eamica e cient\u00edfica de alunos e na difus\u00e3o dos conhecimentos adquiridos nos diversos cursos e n\u00edveis de atua\u00e7\u00e3o institucional. Manter rela\u00e7\u00e3o estreita de parceria com outras institui\u00e7\u00f5es de pesquisa e presta\u00e7\u00e3o de servi\u00e7os que atuam na \u00e1rea sanit\u00e1ria.<\/p>\n<hr \/>\n<p><a href=\"http:\/\/dgp.cnpq.br\/dgp\/espelhogrupo\/15362\"><img loading=\"lazy\" decoding=\"async\" class=\"alignnone wp-image-4258 size-thumbnail\" src=\"https:\/\/ppgusrn.cnat.ifrn.edu.br\/wp-content\/uploads\/2018\/04\/image4.jpeg\" alt=\"\" width=\"250\" height=\"250\" \/><\/a><\/p>\n<p style=\"text-align: left;\"><strong>L\u00edderes:<\/strong>Mario Tavares de Oliveira Cavalcanti Neto e Bruna Marcela Soares de Ara\u00fajo<br \/>\n<strong>Telefone:\u00a0<\/strong>(84) 4005-9943<br \/>\n<strong>E-mail:<\/strong>\u00a0<a href=\"mailto:mario.tavares@ifrn.edu.br\">mario.tavares@ifrn.edu.br<\/a><\/p>\n<p style=\"text-align: justify;\">A Prov\u00edncia Metalog\u00eanica da Borborema (RN\/PB) est\u00e1 inserida na regi\u00e3o do semi-\u00e1rido do nordeste brasileiro, caracterizada pela extrema pobreza e falta de oportunidades de gera\u00e7\u00e3o de emprego e renda. Por outro lado, caracteriza-se como uma \u00e1rea rica em Recursos Minerais de m\u00e9dio e pequeno porte, diversificados, com destaque para ocorr~encias de scheelita, ouro, tantalita, caulim, feldspato, minerais-gemas, rochas ornamentais al\u00e9m de outros bens minerais ainda n\u00e3o estudados e\/ou explorados extensivamente como o molibd\u00eanio, cobre, zinco, minerais de l\u00edtio, bismuto etc. O Grupo de Pesquisa Mineral do IFRN se insere neste contexto como uma alternativa de estudos dessas oportunidades minerais e como uma equipe prestadora de servi\u00e7os no setor de interesse, visando prestar sua contribui\u00e7\u00e3o para o desenvolvimento auto-sustent\u00e1vel de comunidades do semi-\u00e1rido atrav\u00e9s da explora\u00e7\u00e3o mineral. S\u00e3o objetivos do Grupo o estudo e descoberta de Dep\u00f3sitos Minerais, levantamentos geol\u00f3gicos, geoqu\u00edmicos.<\/p>\n<hr \/>\n<p><img loading=\"lazy\" decoding=\"async\" class=\"wp-image-3899 size-medium alignleft\" src=\"https:\/\/ppgusrn.cnat.ifrn.edu.br\/wp-content\/uploads\/2022\/08\/Logo-Observatorio-Energia_Site-300x76.png\" alt=\"\" width=\"300\" height=\"76\" srcset=\"https:\/\/ppgusrn.cnat.ifrn.edu.br\/wp-content\/uploads\/2022\/08\/Logo-Observatorio-Energia_Site-300x76.png 300w, https:\/\/ppgusrn.cnat.ifrn.edu.br\/wp-content\/uploads\/2022\/08\/Logo-Observatorio-Energia_Site.png 648w\" sizes=\"(max-width: 300px) 100vw, 300px\" \/><\/p>\n<p>&nbsp;<\/p>\n<p>&nbsp;<\/p>\n<p style=\"text-align: left;\"><strong>L\u00edderes:<\/strong>\u00a0Neilton Fidelis da Silva<br \/>\n<strong>Telefone:\u00a0<\/strong>(84) 4005-9963<br \/>\n<strong>E-mail:<\/strong>\u00a0<a href=\"mailto:neilton.fidelis@ifrn.edu.br\">neilton.fidelis@ifrn.edu.br<\/a><\/p>\n<p style=\"text-align: justify;\">O Observat\u00f3rio \u00e9 um centro de articula\u00e7\u00e3o para a pesquisa em diversas \u00e1reas, orientadas a compreender, analisar e dar resposta \u00e0s poss\u00edveis demandas relacionadas \u00e0 energia e ao meio ambiente. O objetivo do Centro \u00e9 promover a reflex\u00e3o e cont\u00ednua irradia\u00e7\u00e3o do conhecimento por meio de eventos que promovam ideias portadoras de futuro, nas tem\u00e1ticas relacionadas \u00e0 energia, \u00e0 inova\u00e7\u00e3o, ao meio-ambiente e \u00e0 sustentabilidade, promovendo interc\u00e2mbios com uma rede de pesquisadores, institui\u00e7\u00f5es e organiza\u00e7\u00f5es parceiras. Visa, portanto, tornar-se um centro de apoio e fomento \u00e0 pesquisa em diversas \u00e1reas, orientadas a compreender, analisar e dar respostas \u00e0s poss\u00edveis demandas que emergir\u00e3o da consolida\u00e7\u00e3o da Regi\u00e3o, destacando o Estado do Rio Grande do Norte como como um centro produtor de energia renov\u00e1vel, petr\u00f3leo e g\u00e1s.<\/p>\n<hr \/>\n<h1>\u00a0<a href=\"http:\/\/dgp.cnpq.br\/dgp\/espelhogrupo\/771643\"><img loading=\"lazy\" decoding=\"async\" class=\"alignnone wp-image-3964 size-medium\" src=\"https:\/\/ppgusrn.cnat.ifrn.edu.br\/wp-content\/uploads\/2022\/08\/Mentoria_Coach_Financeiro_Logo__1_-removebg-preview-1-e1661950586696-300x254.png\" alt=\"\" width=\"300\" height=\"254\" srcset=\"https:\/\/ppgusrn.cnat.ifrn.edu.br\/wp-content\/uploads\/2022\/08\/Mentoria_Coach_Financeiro_Logo__1_-removebg-preview-1-e1661950586696-300x254.png 300w, https:\/\/ppgusrn.cnat.ifrn.edu.br\/wp-content\/uploads\/2022\/08\/Mentoria_Coach_Financeiro_Logo__1_-removebg-preview-1-e1661950586696.png 355w\" sizes=\"(max-width: 300px) 100vw, 300px\" \/><\/a><\/h1>\n<p style=\"text-align: left;\"><strong>L\u00edderes:<\/strong>\u00a0Leandro Silva Costa e\u00a0Bruno Augusto Ferreira Vitorino<br \/>\n<strong>Telefone:\u00a0<\/strong>(84) 98877-7064<br \/>\n<strong>E-mail:<\/strong>\u00a0<a href=\"mailto:leandro.costa@ifrn.edu.br\">leandro.costa@ifrn.edu.br<\/a><\/p>\n<p style=\"text-align: justify;\">O N\u00facleo de pesquisa e treinamento em tecnologia, educa\u00e7\u00e3o e desenvolvimento sustent\u00e1vel (NuTEDS) surge em um contexto desafiador quanto a urg\u00eancia em se alcan\u00e7ar a n\u00edvel global os objetivos do desenvolvimento sustent\u00e1vel (ODS) propostos pela Organiza\u00e7\u00e3o das Na\u00e7\u00f5es Unidas (ONU), com vistas a promover a melhoria da qualidade de vida humana a partir do processo de transforma\u00e7\u00e3o social, econ\u00f4mica e ambiental. Portanto, em se reconhecendo a necessidade em promover avan\u00e7os mais significativos em rela\u00e7\u00e3o ao desenvolvimento sustent\u00e1vel, al\u00e9m do entendimento que a educa\u00e7\u00e3o eo desenvolvimento de tecnologias sociais sustent\u00e1veis s\u00e3o fundamentais no alcance de todas as metas propostas pela ONU, o NuTEDS tem como objetivo principal promover estudos e treinamentos voltados para a elabora\u00e7\u00e3o e aplica\u00e7\u00e3o de tecnologias ambientais e metodologias educacionais inovadoras alinhadas com o desenvolvimento sustent\u00e1vel e que representam solu\u00e7\u00f5es para a inclus\u00e3o social e melhoria das condi\u00e7\u00f5es de vida humana.<\/p>\n<hr \/>\n<p><a href=\"http:\/\/dgp.cnpq.br\/dgp\/espelhogrupo\/213000\"><img loading=\"lazy\" decoding=\"async\" class=\"alignnone wp-image-3960 size-full\" src=\"https:\/\/ppgusrn.cnat.ifrn.edu.br\/wp-content\/uploads\/2022\/08\/WhatsApp_Image_2022-08-31_at_09.31.22-removebg-preview-1.png\" alt=\"\" width=\"219\" height=\"211\" \/><\/a><\/p>\n<p style=\"text-align: left;\"><strong>L\u00edderes:<\/strong> Josyanne Pinto Giesta<br \/>\n<strong>Telefone:<\/strong>(84) 99968-7670<br \/>\n<strong>E-mail:<\/strong> <a href=\"mailto:josyanne.giesta@ifrn.edu.br\">josyanne.giesta@ifrn.edu.br<\/a><\/p>\n<p style=\"text-align: justify;\">O Grupo de Estudos e Pesquisa em Integra\u00e7\u00e3o de Projetos (GIP) \u00e9 um espa\u00e7o cient\u00edfico e tecnol\u00f3gico voltado para a promo\u00e7\u00e3o e o desenvolvimento de atividades de pesquisa, ensino, treinamento e desenvolvimento de pesquisadores e profissionais, que atuam na concep\u00e7\u00e3o e execu\u00e7\u00e3o de projetos, nas \u00e1reas que envolvam modelos geom\u00e9tricos e imagens, com vistas a otimiza\u00e7\u00e3o da execu\u00e7\u00e3o, por meio de solu\u00e7\u00f5es gr\u00e1ficas aplicadas a segmentos produtivos como: a arquitetura, constru\u00e7\u00e3o civil, instala\u00e7\u00f5es industriais e geotecnologia. A articula\u00e7\u00e3o de solu\u00e7\u00f5es em CAD, BIM (Building Information Modeling), GIS, PLANT, dentre outras tecnologias de representa\u00e7\u00e3o espacial \u00e9 o foco da a\u00e7\u00e3o do Grupo.<\/p>\n<hr \/>\n<p><a href=\"http:\/\/dgp.cnpq.br\/dgp\/espelhogrupo\/27690\"><img loading=\"lazy\" decoding=\"async\" class=\"alignnone wp-image-4258 size-thumbnail\" src=\"https:\/\/ppgusrn.cnat.ifrn.edu.br\/wp-content\/uploads\/2023\/04\/imagem_2023-04-20_125848225-250x250.png\" alt=\"\" width=\"250\" height=\"250\" \/><\/a><\/p>\n<p style=\"text-align: left;\"><strong>L\u00edderes:<\/strong>\u00a0Roberto Rodrigues Cunha Lima<br \/>\n<strong>Telefone:\u00a0<\/strong>(84) 4005-9892<br \/>\n<strong>E-mail:<\/strong>\u00a0<a href=\"mailto:roberto.lima@ifrn.edu.br\">roberto.lima@ifrn.edu.br<\/a><\/p>\n<p style=\"text-align: justify;\">O Laborat\u00f3rio de Inova\u00e7\u00e3o e Tecnologia em Recursos Naturais e Economia Circular (Lapern) desenvolve pesquisas e tecnologias de alcance social e economia circular, vinculados \u00e0 organiza\u00e7\u00f5es e\/ou institui\u00e7\u00f5es com interesse no fomento de a\u00e7\u00f5es relacionadas \u00e0 gest\u00e3o de recursos naturais, inova\u00e7\u00e3o e forma\u00e7\u00e3o acad\u00eamica. O grupo tem se mantido fortemente envolvido com pesquisas e sempre contemplado em editais de ag\u00eancias de fomento. A produ\u00e7\u00e3o cient\u00edfica tem sido potencializada com os resultados obtidos nas \u00e1reas de adsor\u00e7\u00e3o, peneiras moleculares e reaproveitamento de res\u00edduos s\u00f3lidos. Atualmente, o grupo est\u00e1 vinculado ao Programa de P\u00f3s-Gradua\u00e7\u00e3o em Uso Sustent\u00e1vel de Recursos Naturais.<\/p>\n<\/div>\n<\/div><\/div>","protected":false},"excerpt":{"rendered":"<p>L\u00edderes:\u00a0Handson Cl\u00e1udio Dias Pimenta Telefone:\u00a0(84) 4005-9301 E-mail:\u00a0nese.cnat@ifrn.edu.br O N\u00facleo de Estudos em Sustentabilidade Empresarial (NESE) procura desenvolver pesquisas sobre a implementa\u00e7\u00e3o e difus\u00e3o de pr\u00e1ticas de sustentabilidade ambiental e social&#8230;<\/p>\n","protected":false},"author":1,"featured_media":0,"parent":0,"menu_order":0,"comment_status":"closed","ping_status":"closed","template":"","meta":{"footnotes":""},"_links":{"self":[{"href":"https:\/\/ppgusrn.cnat.ifrn.edu.br\/index.php\/wp-json\/wp\/v2\/pages\/1608"}],"collection":[{"href":"https:\/\/ppgusrn.cnat.ifrn.edu.br\/index.php\/wp-json\/wp\/v2\/pages"}],"about":[{"href":"https:\/\/ppgusrn.cnat.ifrn.edu.br\/index.php\/wp-json\/wp\/v2\/types\/page"}],"author":[{"embeddable":true,"href":"https:\/\/ppgusrn.cnat.ifrn.edu.br\/index.php\/wp-json\/wp\/v2\/users\/1"}],"replies":[{"embeddable":true,"href":"https:\/\/ppgusrn.cnat.ifrn.edu.br\/index.php\/wp-json\/wp\/v2\/comments?post=1608"}],"version-history":[{"count":263,"href":"https:\/\/ppgusrn.cnat.ifrn.edu.br\/index.php\/wp-json\/wp\/v2\/pages\/1608\/revisions"}],"predecessor-version":[{"id":5176,"href":"https:\/\/ppgusrn.cnat.ifrn.edu.br\/index.php\/wp-json\/wp\/v2\/pages\/1608\/revisions\/5176"}],"wp:attachment":[{"href":"https:\/\/ppgusrn.cnat.ifrn.edu.br\/index.php\/wp-json\/wp\/v2\/media?parent=1608"}],"curies":[{"name":"wp","href":"https:\/\/api.w.org\/{rel}","templated":true}]}}