{"id":1741,"date":"2018-07-28T18:08:36","date_gmt":"2018-07-28T21:08:36","guid":{"rendered":"http:\/\/ppgusrn.cnat.ifrn.edu.br\/?page_id=1741"},"modified":"2018-08-08T23:01:57","modified_gmt":"2018-08-09T02:01:57","slug":"depoimentos","status":"publish","type":"page","link":"https:\/\/ppgusrn.cnat.ifrn.edu.br\/index.php\/depoimentos\/","title":{"rendered":"Depoimentos"},"content":{"rendered":"<div id=\"dslc-theme-content\"><div id=\"dslc-theme-content-inner\"><p><em>\u201cHoje sou professora do IFPA e minha forma\u00e7\u00e3o me auxiliou enquanto professora e enquanto pesquisadora. Al\u00e9m disso, meu artigo foi aprovado para publica\u00e7\u00e3o em Revista B2, o que \u00e9 \u00f3timo para o curr\u00edculo.\u201d<\/em><br \/>\n<strong>Luara Musse &#8211; Graduada em Ci\u00eancias Biol\u00f3gicas (ano de conclus\u00e3o do mestrado: 2017)<\/strong><\/p>\n<p><em>\u201cAbertura de novas fronteiras profissionais\u201d.<\/em><br \/>\n<strong>Giobert Antonio &#8211; Graduado em Administra\u00e7\u00e3o (ano de conclus\u00e3o do mestrado: 2017)<\/strong><\/p>\n<p><em>\u201cProporcionou evolu\u00e7\u00e3o acad\u00eamica e realiza\u00e7\u00e3o pessoal\u201d<\/em><br \/>\n<strong>Yldeney Silva Domingos &#8211; Graduada em Qu\u00edmica (ano de conclus\u00e3o do mestrado: 2017)<\/strong><\/p>\n<p><em>\u201cPermitiu experi\u00eancia te\u00f3rica e emp\u00edrica em uma \u00e1rea que eu n\u00e3o tinha conhecimento; permitiu a promo\u00e7\u00e3o de gratifica\u00e7\u00f5es\u201d.<\/em><br \/>\n<strong>Robson Garcia &#8211; Graduado em Tecnologia em Gest\u00e3o Ambiental (ano de conclus\u00e3o do mestrado: 2017)<\/strong><\/p>\n<p><em>\u201cO curso favoreceu muito a minha carreira profissional como Analista Ambiental\/Ge\u00f3grafo de Parques E\u00f3licos e Solares\u201d<\/em><br \/>\n<strong>Vinicius Oliveira &#8211; Graduado em Geografia (ano de conclus\u00e3o do mestrado: 2016)<\/strong><\/p>\n<p><em>\u201cFazer um mestrado na \u00e1rea de Ci\u00eancias Ambientais foi muito importante para ampliar os meus conhecimentos na \u00e1rea acad\u00eamica, bem como na \u00e1rea profissional, pois trabalho h\u00e1 mais de 15 anos como consultor das \u00e1reas de meio ambiente e desenvolvimento territorial e esses conhecimentos adquiridos contribu\u00edram para aperfei\u00e7oar ainda mais os trabalhos realizados na \u00e1rea de sustentabilidade\u201d.<\/em><br \/>\n<strong>Elis\u00e2ngelo Silva &#8211; Graduado em Geografia (ano de conclus\u00e3o do mestrado: 2017)<\/strong><\/p>\n<p><em>\u201cA forma\u00e7\u00e3o como Mestre em Ci\u00eancias Ambientais possibilita pontuar em diversos cargos para concurso p\u00fablico e por ser um mestrado profissional possui uma abordagem pr\u00e1tica (ex.: aulas de campo) em sintonia com as \u00e1reas de trabalho voltadas para o meio ambiente\u201d<\/em><br \/>\n<strong>Markes Walles &#8211; Graduado em Gest\u00e3o Ambiental. (ano de conclus\u00e3o do mestrado: 2018)<\/strong><\/p>\n<p><em>Diversidade de conhecimento e gest\u00e3o ambiental<\/em><br \/>\n<strong>Valiene Oliveira &#8211; Graduada em Gest\u00e3o de Recursos Humanos (ano de conclus\u00e3o do mestrado: 2015)<\/strong><\/p>\n<p><em>&#8220;Aprimorar os conhecimentos na \u00e1rea de ci\u00eancias ambientais com \u00eanfase na sustentabilidade e gest\u00e3o dos recursos naturais. Poder\u00e1 servir como t\u00edtulos para sele\u00e7\u00f5es futuras.&#8221;<\/em><br \/>\n<strong>Fausto Pereira Neto &#8211; Graduado em Ci\u00eancias Cont\u00e1beis (ano de conclus\u00e3o do mestrado: 2017)<\/strong><\/p>\n<p><em>&#8220;As disciplinas ofertadas s\u00e3o coerentes com a grade curricular da linha de pesquisa de saneamento; o mestrado possibilitou conhecimentos metodol\u00f3gicos, al\u00e9m dos espec\u00edficos, que contribuem para melhorar o desempenho na elabora\u00e7\u00e3o e desenvolvimento de projetos de pesquisa, na orienta\u00e7\u00e3o de alunos de TCC e na did\u00e1tica.&#8221;<\/em><br \/>\n<strong>Ana Cl\u00e1udia Ara\u00fajo Fernandes &#8211; Graduada em Engenharia Civil (ano de conclus\u00e3o do mestrado: 2018)<\/strong><\/p>\n<\/div><\/div>","protected":false},"excerpt":{"rendered":"<p>\u201cHoje sou professora do IFPA e minha forma\u00e7\u00e3o me auxiliou enquanto professora e enquanto pesquisadora. Al\u00e9m disso, meu artigo foi aprovado para publica\u00e7\u00e3o em Revista B2, o que \u00e9 \u00f3timo&#8230;<\/p>\n","protected":false},"author":1,"featured_media":0,"parent":0,"menu_order":0,"comment_status":"closed","ping_status":"closed","template":"","meta":{"footnotes":""},"_links":{"self":[{"href":"https:\/\/ppgusrn.cnat.ifrn.edu.br\/index.php\/wp-json\/wp\/v2\/pages\/1741"}],"collection":[{"href":"https:\/\/ppgusrn.cnat.ifrn.edu.br\/index.php\/wp-json\/wp\/v2\/pages"}],"about":[{"href":"https:\/\/ppgusrn.cnat.ifrn.edu.br\/index.php\/wp-json\/wp\/v2\/types\/page"}],"author":[{"embeddable":true,"href":"https:\/\/ppgusrn.cnat.ifrn.edu.br\/index.php\/wp-json\/wp\/v2\/users\/1"}],"replies":[{"embeddable":true,"href":"https:\/\/ppgusrn.cnat.ifrn.edu.br\/index.php\/wp-json\/wp\/v2\/comments?post=1741"}],"version-history":[{"count":6,"href":"https:\/\/ppgusrn.cnat.ifrn.edu.br\/index.php\/wp-json\/wp\/v2\/pages\/1741\/revisions"}],"predecessor-version":[{"id":1914,"href":"https:\/\/ppgusrn.cnat.ifrn.edu.br\/index.php\/wp-json\/wp\/v2\/pages\/1741\/revisions\/1914"}],"wp:attachment":[{"href":"https:\/\/ppgusrn.cnat.ifrn.edu.br\/index.php\/wp-json\/wp\/v2\/media?parent=1741"}],"curies":[{"name":"wp","href":"https:\/\/api.w.org\/{rel}","templated":true}]}}