{"id":1778,"date":"2018-07-28T19:51:21","date_gmt":"2018-07-28T22:51:21","guid":{"rendered":"http:\/\/ppgusrn.cnat.ifrn.edu.br\/?page_id=1778"},"modified":"2022-06-24T07:47:07","modified_gmt":"2022-06-24T10:47:07","slug":"research-groups-2","status":"publish","type":"page","link":"https:\/\/ppgusrn.cnat.ifrn.edu.br\/index.php\/research-groups-2\/","title":{"rendered":"Research Groups"},"content":{"rendered":"<div id=\"dslc-theme-content\"><div id=\"dslc-theme-content-inner\"><style>\n<p>.thumbnail p {<br \/>width:auto;<br \/>height:100px;<br \/>object-fit: fill;<br \/>}<br \/><\/style>\n<div class=\"row match-to-row\">\n<div class=\"col-lg-3 col-sm-6\">\n<div class=\"thumbnail\"><img decoding=\"async\" class=\"aligncenter\" style=\"width: auto; height: 140px; object-fit: fill;\" src=\"https:\/\/ppgusrn.cnat.ifrn.edu.br\/wp-content\/uploads\/2018\/04\/image5.png\" alt=\"\" \/><\/div>\n<p>&nbsp;<\/p>\n<\/div>\n<div class=\"col-lg-3 col-sm-6\">\n<div class=\"thumbnail\"><img decoding=\"async\" class=\"aligncenter\" style=\"width: auto; height: 140px; object-fit: fill;\" src=\"https:\/\/ppgusrn.cnat.ifrn.edu.br\/wp-content\/uploads\/2018\/04\/image3.png\" alt=\"\" \/><\/div>\n<p>&nbsp;<\/p>\n<\/div>\n<div class=\"col-lg-3 col-sm-6\">\n<div class=\"thumbnail\"><img decoding=\"async\" class=\"aligncenter\" style=\"width: auto; height: 140px; object-fit: fill;\" src=\"https:\/\/ppgusrn.cnat.ifrn.edu.br\/wp-content\/uploads\/2018\/04\/image2.jpeg\" alt=\"\" \/><\/div>\n<p>&nbsp;<\/p>\n<\/div>\n<div class=\"col-lg-3 col-sm-6\">\n<div class=\"thumbnail\"><img decoding=\"async\" class=\"aligncenter\" style=\"width: auto; height: 140px; object-fit: fill;\" src=\"https:\/\/ppgusrn.cnat.ifrn.edu.br\/wp-content\/uploads\/2018\/04\/image4.jpeg\" alt=\"\" \/><\/div>\n<p>&nbsp;<\/p>\n<\/div>\n<\/div>\n<div class=\"row match-to-row\">\n<div class=\"col-lg-4 col-sm-6\">\n<div class=\"thumbnail\">\n<p style=\"font-size: 50px; margin: 0px; text-align: center;\">NPGN<\/p>\n<p style=\"text-align: center;\">N\u00facleo de Pesquisa em Processos de Petr\u00f3leo e G\u00e1s Natural<\/p>\n<p>&nbsp;<\/p>\n<\/div>\n<\/div>\n<div class=\"col-lg-4 col-sm-6\">\n<div class=\"thumbnail\">\n<p style=\"text-align: center;\"><img loading=\"lazy\" decoding=\"async\" class=\"alignnone size-thumbnail wp-image-3794\" src=\"https:\/\/ppgusrn.cnat.ifrn.edu.br\/wp-content\/uploads\/2022\/06\/vertical_tagline_on_white_2000x2000px_by_logaster-1-1-250x250.png\" alt=\"\" width=\"250\" height=\"250\" srcset=\"https:\/\/ppgusrn.cnat.ifrn.edu.br\/wp-content\/uploads\/2022\/06\/vertical_tagline_on_white_2000x2000px_by_logaster-1-1-250x250.png 250w, https:\/\/ppgusrn.cnat.ifrn.edu.br\/wp-content\/uploads\/2022\/06\/vertical_tagline_on_white_2000x2000px_by_logaster-1-1-300x300.png 300w, https:\/\/ppgusrn.cnat.ifrn.edu.br\/wp-content\/uploads\/2022\/06\/vertical_tagline_on_white_2000x2000px_by_logaster-1-1-768x768.png 768w, https:\/\/ppgusrn.cnat.ifrn.edu.br\/wp-content\/uploads\/2022\/06\/vertical_tagline_on_white_2000x2000px_by_logaster-1-1-1024x1024.png 1024w, https:\/\/ppgusrn.cnat.ifrn.edu.br\/wp-content\/uploads\/2022\/06\/vertical_tagline_on_white_2000x2000px_by_logaster-1-1.png 2000w\" sizes=\"(max-width: 250px) 100vw, 250px\" \/><\/p>\n<p>&nbsp;<\/p>\n<\/div>\n<\/div>\n<div class=\"col-lg-4 col-sm-6\">\n<div class=\"thumbnail\">\n<p style=\"font-size: 50px; margin: 0px; text-align: center;\">NEDMA<\/p>\n<p style=\"text-align: center;\">N\u00facleo de Estudos em Desenvolvimento e Meio Ambiente<\/p>\n<p>&nbsp;<\/p>\n<\/div>\n<\/div>\n<\/div>\n<\/div><\/div>","protected":false},"excerpt":{"rendered":"<p>&nbsp; &nbsp; &nbsp; &nbsp; NPGN N\u00facleo de Pesquisa em Processos de Petr\u00f3leo e G\u00e1s Natural &nbsp; &nbsp; NEDMA N\u00facleo de Estudos em Desenvolvimento e Meio Ambiente &nbsp;<\/p>\n","protected":false},"author":1,"featured_media":0,"parent":0,"menu_order":0,"comment_status":"closed","ping_status":"closed","template":"","meta":{"footnotes":""},"_links":{"self":[{"href":"https:\/\/ppgusrn.cnat.ifrn.edu.br\/index.php\/wp-json\/wp\/v2\/pages\/1778"}],"collection":[{"href":"https:\/\/ppgusrn.cnat.ifrn.edu.br\/index.php\/wp-json\/wp\/v2\/pages"}],"about":[{"href":"https:\/\/ppgusrn.cnat.ifrn.edu.br\/index.php\/wp-json\/wp\/v2\/types\/page"}],"author":[{"embeddable":true,"href":"https:\/\/ppgusrn.cnat.ifrn.edu.br\/index.php\/wp-json\/wp\/v2\/users\/1"}],"replies":[{"embeddable":true,"href":"https:\/\/ppgusrn.cnat.ifrn.edu.br\/index.php\/wp-json\/wp\/v2\/comments?post=1778"}],"version-history":[{"count":7,"href":"https:\/\/ppgusrn.cnat.ifrn.edu.br\/index.php\/wp-json\/wp\/v2\/pages\/1778\/revisions"}],"predecessor-version":[{"id":3795,"href":"https:\/\/ppgusrn.cnat.ifrn.edu.br\/index.php\/wp-json\/wp\/v2\/pages\/1778\/revisions\/3795"}],"wp:attachment":[{"href":"https:\/\/ppgusrn.cnat.ifrn.edu.br\/index.php\/wp-json\/wp\/v2\/media?parent=1778"}],"curies":[{"name":"wp","href":"https:\/\/api.w.org\/{rel}","templated":true}]}}