{"id":1856,"date":"2018-07-29T14:19:09","date_gmt":"2018-07-29T17:19:09","guid":{"rendered":"http:\/\/ppgusrn.cnat.ifrn.edu.br\/?page_id=1856"},"modified":"2018-07-29T14:19:09","modified_gmt":"2018-07-29T17:19:09","slug":"marco-antonio-calazans-duarte-2","status":"publish","type":"page","link":"https:\/\/ppgusrn.cnat.ifrn.edu.br\/index.php\/marco-antonio-calazans-duarte-2\/","title":{"rendered":"Marco Ant\u00f4nio Calazans Duarte"},"content":{"rendered":"<div id=\"dslc-theme-content\"><div id=\"dslc-theme-content-inner\"><p><strong>E-mail:<\/strong> marco.duarte@ifrn.edu.br<\/p>\n<p>Graduated in Civil Engineering from the Federal University of Rio Grande do Norte (Natal, 1980) with a Master&#8217;s degree in Civil Engineering from the Federal University of Para\u00edba (C. Grande, 1999). PhD in Hydraulic Engineering and Sanitation by the School of Engineering of S\u00e3o Carlos, University of S\u00e3o Paulo (S\u00e3o Carlos, 2011). Engineer and researcher at CAERN, professor and member of the IFRN&#8217;s Basic Sanitation Research Center. Elaborated several projects and studies of systems of water supply and sanitary sewage. Participates in research in the area of Sanitary and Environmental Engineering, with emphasis on Water and Effluent Treatment and Reuse. He works as a teacher, researcher and consultant in the following sub-areas: treatment of domestic and industrial water supply and wastewater, treatability tests and pilot tests in continuous flow.<\/p>\n<p>More information on <a href=\"http:\/\/lattes.cnpq.br\/2873012508496409\"><strong>Lattes<\/strong><\/a><\/p>\n<\/div><\/div>","protected":false},"excerpt":{"rendered":"<p>E-mail: marco.duarte@ifrn.edu.br Graduated in Civil Engineering from the Federal University of Rio Grande do Norte (Natal, 1980) with a Master&#8217;s degree in Civil Engineering from the Federal University of Para\u00edba&#8230;<\/p>\n","protected":false},"author":1,"featured_media":818,"parent":0,"menu_order":0,"comment_status":"closed","ping_status":"closed","template":"","meta":{"footnotes":""},"_links":{"self":[{"href":"https:\/\/ppgusrn.cnat.ifrn.edu.br\/index.php\/wp-json\/wp\/v2\/pages\/1856"}],"collection":[{"href":"https:\/\/ppgusrn.cnat.ifrn.edu.br\/index.php\/wp-json\/wp\/v2\/pages"}],"about":[{"href":"https:\/\/ppgusrn.cnat.ifrn.edu.br\/index.php\/wp-json\/wp\/v2\/types\/page"}],"author":[{"embeddable":true,"href":"https:\/\/ppgusrn.cnat.ifrn.edu.br\/index.php\/wp-json\/wp\/v2\/users\/1"}],"replies":[{"embeddable":true,"href":"https:\/\/ppgusrn.cnat.ifrn.edu.br\/index.php\/wp-json\/wp\/v2\/comments?post=1856"}],"version-history":[{"count":1,"href":"https:\/\/ppgusrn.cnat.ifrn.edu.br\/index.php\/wp-json\/wp\/v2\/pages\/1856\/revisions"}],"predecessor-version":[{"id":1857,"href":"https:\/\/ppgusrn.cnat.ifrn.edu.br\/index.php\/wp-json\/wp\/v2\/pages\/1856\/revisions\/1857"}],"wp:featuredmedia":[{"embeddable":true,"href":"https:\/\/ppgusrn.cnat.ifrn.edu.br\/index.php\/wp-json\/wp\/v2\/media\/818"}],"wp:attachment":[{"href":"https:\/\/ppgusrn.cnat.ifrn.edu.br\/index.php\/wp-json\/wp\/v2\/media?parent=1856"}],"curies":[{"name":"wp","href":"https:\/\/api.w.org\/{rel}","templated":true}]}}