{"id":1917,"date":"2018-08-08T23:19:04","date_gmt":"2018-08-09T02:19:04","guid":{"rendered":"http:\/\/ppgusrn.cnat.ifrn.edu.br\/?page_id=1917"},"modified":"2019-05-02T13:23:15","modified_gmt":"2019-05-02T16:23:15","slug":"oferta-de-disciplinas","status":"publish","type":"page","link":"https:\/\/ppgusrn.cnat.ifrn.edu.br\/index.php\/oferta-de-disciplinas\/","title":{"rendered":"Oferta de Disciplinas"},"content":{"rendered":"<div id=\"dslc-theme-content\"><div id=\"dslc-theme-content-inner\">\n<table id=\"tablepress-10\" class=\"tablepress tablepress-id-10\">\n<thead>\n<tr class=\"row-1 odd\">\n\t<th class=\"column-1\">N\u00famero da Oferta<\/th><th class=\"column-2\">Ano<\/th>\n<\/tr>\n<\/thead>\n<tbody class=\"row-hover\">\n<tr class=\"row-2 even\">\n\t<td class=\"column-1\"><a href=\"https:\/\/ppgusrn.cnat.ifrn.edu.br\/wp-content\/uploads\/2026\/03\/HORARIO-PPGUSRN-MODELO-Retificado.pdf \" rel=\"noopener\" target=\"_blank\">Oferta de Disciplina 2026.1<\/a><\/td><td class=\"column-2\">2026.1<\/td>\n<\/tr>\n<tr class=\"row-3 odd\">\n\t<td class=\"column-1\"><a href=\"https:\/\/ppgusrn.cnat.ifrn.edu.br\/wp-content\/uploads\/2025\/08\/HORARIO-PPGUSRN-2025.2.pdf\" rel=\"noopener\" target=\"_blank\">Oferta de Disciplina 2025.2<\/a><\/td><td class=\"column-2\">2025.2<\/td>\n<\/tr>\n<tr class=\"row-4 even\">\n\t<td class=\"column-1\"><a href=\"https:\/\/ppgusrn.cnat.ifrn.edu.br\/wp-content\/uploads\/2025\/02\/HORARIO-PPGUSRN-2025.1.pdf\" rel=\"noopener\" target=\"_blank\">Oferta de Disciplina 2025.1<\/a><\/td><td class=\"column-2\">2025.1<\/td>\n<\/tr>\n<tr class=\"row-5 odd\">\n\t<td class=\"column-1\"><a href=\"https:\/\/ppgusrn.cnat.ifrn.edu.br\/wp-content\/uploads\/2024\/09\/HORARIO-PPGUSRN-2024.222.pdf\" rel=\"noopener\" target=\"_blank\">Oferta de Disciplina 2024.2<\/a><\/td><td class=\"column-2\">2024.2<\/td>\n<\/tr>\n<tr class=\"row-6 even\">\n\t<td class=\"column-1\"><a href=\" https:\/\/ppgusrn.cnat.ifrn.edu.br\/wp-content\/uploads\/2023\/12\/HORARIO-PPGUSRN-2024.1.pdf\" rel=\"noopener\" target=\"_blank\">Oferta de Disciplina 2024.1<\/a> <\/td><td class=\"column-2\">2024.1<\/td>\n<\/tr>\n<tr class=\"row-7 odd\">\n\t<td class=\"column-1\"><a href=\" http:\/\/ppgusrn.cnat.ifrn.edu.br\/wp-content\/uploads\/2023\/06\/HOR\u00c1RIO-PPGUSRN-2023.2.pdf\" rel=\"noopener\" target=\"_blank\">Oferta de Disciplina 2023.2<\/a><\/td><td class=\"column-2\">2023.2<\/td>\n<\/tr>\n<tr class=\"row-8 even\">\n\t<td class=\"column-1\"><a href=\"http:\/\/ppgusrn.cnat.ifrn.edu.br\/wp-content\/uploads\/2023\/02\/HOR\u00c1RIO-PPGUSRN-2023.1.pdf\" rel=\"noopener\" target=\"_blank\">Oferta de Disciplina 2023.1<\/a> <\/td><td class=\"column-2\">2023.1<\/td>\n<\/tr>\n<tr class=\"row-9 odd\">\n\t<td class=\"column-1\"><a href=\"http:\/\/ppgusrn.cnat.ifrn.edu.br\/wp-content\/uploads\/2022\/08\/HOR\u00c1RIO-PPGUSRN-2022.2.docx\" rel=\"noopener\" target=\"_blank\">Oferta de Disciplina 2022.2<\/a><\/td><td class=\"column-2\">2022.2<\/td>\n<\/tr>\n<tr class=\"row-10 even\">\n\t<td class=\"column-1\"><a href=\"http:\/\/ppgusrn.cnat.ifrn.edu.br\/wp-content\/uploads\/2022\/04\/HOR\u00c1RIO-PPGUSRN-2022.2.docx\" rel=\"noopener\" target=\"_blank\">Oferta de Disciplina 2022.1<\/a><\/td><td class=\"column-2\">2022.1<\/td>\n<\/tr>\n<tr class=\"row-11 odd\">\n\t<td class=\"column-1\"><a href=\"http:\/\/ppgusrn.cnat.ifrn.edu.br\/wp-content\/uploads\/2021\/10\/HOR\u00c1RIOS-PARA-O-SEMESTRE-LETIVO-DE-2021.pdf\" rel=\"noopener\" target=\"_blank\">Oferta de Disciplina 2021.2<\/a><\/td><td class=\"column-2\">2021.2<\/td>\n<\/tr>\n<tr class=\"row-12 even\">\n\t<td class=\"column-1\"><a href=\"http:\/\/ppgusrn.cnat.ifrn.edu.br\/wp-content\/uploads\/2020\/12\/HOR\u00c1RIOS-E-PRINCIPAIS-DATAS-DO-CALEND\u00c1RIO-DO-PPGUSR-2020.2-PROPOSTA-1.pdf\" rel=\"noopener\" target=\"_blank\">Oferta de Disciplina 2020.2<\/a><\/td><td class=\"column-2\">2020.2<\/td>\n<\/tr>\n<tr class=\"row-13 odd\">\n\t<td class=\"column-1\"><a href=\"http:\/\/ppgusrn.cnat.ifrn.edu.br\/wp-content\/uploads\/2019\/12\/Horario-2020.1.pdf\" rel=\"noopener\" target=\"_blank\">Oferta de Disciplina 2020.1<\/a><\/td><td class=\"column-2\">2020.1<\/td>\n<\/tr>\n<tr class=\"row-14 even\">\n\t<td class=\"column-1\"><a href=\"http:\/\/ppgusrn.cnat.ifrn.edu.br\/wp-content\/uploads\/2019\/08\/horario_2019.2_PPgUSRN.pdf\" target=\"_blank\">Oferta de Disciplina 2019.2<\/a><\/td><td class=\"column-2\">2019.2<\/td>\n<\/tr>\n<tr class=\"row-15 odd\">\n\t<td class=\"column-1\"><a href=\"http:\/\/ppgusrn.cnat.ifrn.edu.br\/wp-content\/uploads\/2019\/02\/Horario-2019.1-PPgUSRN.vf_.pdf \" rel=\"noopener\" target=\"_blank\">Oferta de Disciplina 2019.1<\/a><\/td><td class=\"column-2\">2019.1<\/td>\n<\/tr>\n<tr class=\"row-16 even\">\n\t<td class=\"column-1\"><a href=\"http:\/\/ppgusrn.cnat.ifrn.edu.br\/wp-content\/uploads\/2018\/08\/Hora%CC%81rio-2018.2-PPgUSRN1.pdf\" target=\"_blank\" rel=\"noopener\" >Oferta de Disciplina 2018.2<br \/>\n<\/a><br \/>\n<\/td><td class=\"column-2\">2018.2<\/td>\n<\/tr>\n<tr class=\"row-17 odd\">\n\t<td class=\"column-1\"><a href=\"http:\/\/ppgusrn.cnat.ifrn.edu.br\/wp-content\/uploads\/2018\/03\/horario_ppgusrn_2018.1_final.pdf\" rel=\"noopener\" target=\"_blank\">Oferta de Disciplina 2018.1<\/a><\/td><td class=\"column-2\">2018.1<\/td>\n<\/tr>\n<tr class=\"row-18 even\">\n\t<td class=\"column-1\"><a href=\"http:\/\/ppgusrn.cnat.ifrn.edu.br\/wp-content\/uploads\/2018\/03\/Semestre-2017.2-e-Inicio-das-aula.pdf\" rel=\"noopener\" target=\"_blank\">Oferta de Disciplina 2017.2<\/a><\/td><td class=\"column-2\">2017.2<\/td>\n<\/tr>\n<tr class=\"row-19 odd\">\n\t<td class=\"column-1\"><a href=\"http:\/\/ppgusrn.cnat.ifrn.edu.br\/wp-content\/uploads\/2018\/03\/Horario-Calendario-2017.1-atualizado-final.pdf\" rel=\"noopener\" target=\"_blank\">Ofert de Disciplina 2017.1<\/a><\/td><td class=\"column-2\">2017.1<\/td>\n<\/tr>\n<tr class=\"row-20 even\">\n\t<td class=\"column-1\"><a href=\"http:\/\/ppgusrn.cnat.ifrn.edu.br\/wp-content\/uploads\/2018\/03\/Semestre-2016.2-e-Inicio-das-aula.pdf\" rel=\"noopener\" target=\"_blank\">Oferta de Disciplina 2016.2<\/a><\/td><td class=\"column-2\">2016.2<\/td>\n<\/tr>\n<tr class=\"row-21 odd\">\n\t<td class=\"column-1\"><a href=\"http:\/\/ppgusrn.cnat.ifrn.edu.br\/wp-content\/uploads\/2018\/03\/Matricula-2c-Oferta-de-disciplinas-do-1o-Semestre-2016-ultima.pdf\" rel=\"noopener\" target=\"_blank\">Oferta de Disciplina 2016.1<\/a><\/td><td class=\"column-2\">2016.1<\/td>\n<\/tr>\n<tr class=\"row-22 even\">\n\t<td class=\"column-1\"><a href=\"http:\/\/ppgusrn.cnat.ifrn.edu.br\/wp-content\/uploads\/2018\/03\/Matricula-2c-Oferta-de-disciplinas-do-1o-Semestre-2015-e-Inicio-das-aulas.pdf\" rel=\"noopener\" target=\"_blank\">Oferta de Disciplina 2015.2<\/a><\/td><td class=\"column-2\">2015<\/td>\n<\/tr>\n<\/tbody>\n<\/table>\n<!-- #tablepress-10 from cache -->\n<h1>Documentos Necess\u00e1rios Para a Realiza\u00e7\u00e3o da Matr\u00edcula<\/h1>\n<hr \/>\n<p>Ser\u00e1 necess\u00e1ria a entrega dos seguintes documentos (c\u00f3pias) devendo ser acompanhada da original para confer\u00eancia:<\/p>\n<p>a) 2 fotos 3\u00d74, recentes e iguais;<\/p>\n<p>b) Certificado de Quita\u00e7\u00e3o com o Servi\u00e7o Militar para candidatos do sexo masculino (C\u00f3pia e Original);<\/p>\n<p>c) RG (C\u00f3pia e Original);<\/p>\n<p>d) CPF (C\u00f3pia e Original);<\/p>\n<p>e) Certid\u00e3o de Nascimento ou de Casamento (C\u00f3pia e Original);<\/p>\n<p>f) Titulo de eleitor e comprovante de quita\u00e7\u00e3o eleitoral referente \u00e0 ultima elei\u00e7\u00e3o (C\u00f3pia e Original);<\/p>\n<p>g) Diploma e\/ou certificado de conclus\u00e3o de gradua\u00e7\u00e3o de institui\u00e7\u00e3o reconhecida pelo MEC (C\u00f3pia e Original);<\/p>\n<p>h) Hist\u00f3rico Acad\u00eamico (C\u00f3pia e Original).<\/p>\n<\/div><\/div>","protected":false},"excerpt":{"rendered":"<p>Documentos Necess\u00e1rios Para a Realiza\u00e7\u00e3o da Matr\u00edcula Ser\u00e1 necess\u00e1ria a entrega dos seguintes documentos (c\u00f3pias) devendo ser acompanhada da original para confer\u00eancia: a) 2 fotos 3\u00d74, recentes e iguais; b)&#8230;<\/p>\n","protected":false},"author":1,"featured_media":0,"parent":0,"menu_order":0,"comment_status":"closed","ping_status":"closed","template":"","meta":{"footnotes":""},"_links":{"self":[{"href":"https:\/\/ppgusrn.cnat.ifrn.edu.br\/index.php\/wp-json\/wp\/v2\/pages\/1917"}],"collection":[{"href":"https:\/\/ppgusrn.cnat.ifrn.edu.br\/index.php\/wp-json\/wp\/v2\/pages"}],"about":[{"href":"https:\/\/ppgusrn.cnat.ifrn.edu.br\/index.php\/wp-json\/wp\/v2\/types\/page"}],"author":[{"embeddable":true,"href":"https:\/\/ppgusrn.cnat.ifrn.edu.br\/index.php\/wp-json\/wp\/v2\/users\/1"}],"replies":[{"embeddable":true,"href":"https:\/\/ppgusrn.cnat.ifrn.edu.br\/index.php\/wp-json\/wp\/v2\/comments?post=1917"}],"version-history":[{"count":3,"href":"https:\/\/ppgusrn.cnat.ifrn.edu.br\/index.php\/wp-json\/wp\/v2\/pages\/1917\/revisions"}],"predecessor-version":[{"id":2466,"href":"https:\/\/ppgusrn.cnat.ifrn.edu.br\/index.php\/wp-json\/wp\/v2\/pages\/1917\/revisions\/2466"}],"wp:attachment":[{"href":"https:\/\/ppgusrn.cnat.ifrn.edu.br\/index.php\/wp-json\/wp\/v2\/media?parent=1917"}],"curies":[{"name":"wp","href":"https:\/\/api.w.org\/{rel}","templated":true}]}}