{"id":212,"date":"2018-03-25T01:22:18","date_gmt":"2018-03-25T04:22:18","guid":{"rendered":"http:\/\/ppgusrn.cnat.ifrn.edu.br\/?page_id=212"},"modified":"2019-04-12T11:40:35","modified_gmt":"2019-04-12T14:40:35","slug":"editais","status":"publish","type":"page","link":"https:\/\/ppgusrn.cnat.ifrn.edu.br\/index.php\/editais\/","title":{"rendered":"Editais"},"content":{"rendered":"<div id=\"dslc-theme-content\"><div id=\"dslc-theme-content-inner\">\n<table id=\"tablepress-6\" class=\"tablepress tablepress-id-6\">\n<thead>\n<tr class=\"row-1 odd\">\n\t<th class=\"column-1\">N\u00famero do Edital<\/th><th class=\"column-2\">Tipo<\/th><th class=\"column-3\">Ano<\/th>\n<\/tr>\n<\/thead>\n<tbody class=\"row-hover\">\n<tr class=\"row-2 even\">\n\t<td class=\"column-1\"><a href=\" https:\/\/ppgusrn.cnat.ifrn.edu.br\/wp-content\/uploads\/2026\/01\/Edital_01_2026_PPGUSRN.pdf\" rel=\"noopener\" target=\"_blank\">Edital 01\/2026 - Credenciamento Docente<\/a><\/td><td class=\"column-2\">Credenciamento Docente<\/td><td class=\"column-3\">2026<\/td>\n<\/tr>\n<tr class=\"row-3 odd\">\n\t<td class=\"column-1\"><a href=\" https:\/\/portal.ifrn.edu.br\/documents\/15373\/Edital_27_2024__PROPI.IFRN_-.pdf\" rel=\"noopener\" target=\"_blank\">Sele\u00e7\u00e3o de Mestrado 2024.2 Exclusivo para servidores<\/a><\/td><td class=\"column-2\">Sele\u00e7\u00e3o para o Mestrado Profissional em Uso Sustent\u00e1vel de Recursos Naturais, Semestre 2024.2 Edital n\u00ba 27\/2024<\/td><td class=\"column-3\">2024<\/td>\n<\/tr>\n<tr class=\"row-4 even\">\n\t<td class=\"column-1\"><a href=\"https:\/\/portal.ifrn.edu.br\/documents\/14827\/Edital_24_2024__PROPI.IFRN_-_Mestrado_Profissional_em_Uso_Sustent%C3%A1vel_de_Recur_5SHqaRA.pdf\" rel=\"noopener\" target=\"_blank\">Sele\u00e7\u00e3o de Mestrado 2024.2<\/a><\/td><td class=\"column-2\">Sele\u00e7\u00e3o para o Mestrado Profissional em Uso Sustent\u00e1vel de Recursos Naturais, Semestre 2024.2 Edital n\u00ba 24\/2024<\/td><td class=\"column-3\">2024<\/td>\n<\/tr>\n<tr class=\"row-5 odd\">\n\t<td class=\"column-1\"><a href=\"https:\/\/portal.ifrn.edu.br\/documents\/5135\/Edital_40_2023-PPgUSRN__Mestrado_Profissional_em_Uso_Sustentavel_de_Recursos_N_620FmJ3.pdf\" rel=\"noopener\" target=\"_blank\">Sele\u00e7\u00e3o de Mestrado 2023.2<\/a><\/td><td class=\"column-2\">Sele\u00e7\u00e3o para o Mestrado Profissional em Uso Sustent\u00e1vel de Recursos Naturais, Semestre 2023.2 Edital n\u00ba 40\/2023<\/td><td class=\"column-3\">2023<\/td>\n<\/tr>\n<tr class=\"row-6 even\">\n\t<td class=\"column-1\"><a href=\"https:\/\/portal.ifrn.edu.br\/documents\/1496\/Edital_01_2022-PPgUSRN__Mestrado_Profissional_em_Uso_Sustentavel_de_Recursos_N_ZY1xcH1.pdf\" rel=\"noopener\" target=\"_blank\">Sele\u00e7\u00e3o Mestrado 2022.2<\/a><\/td><td class=\"column-2\">Sele\u00e7\u00e3o para o Mestrado Profissional em Uso Sustent\u00e1vel de Recursos Naturais, Semestre 2022.2 Edital n\u00ba 01\/2022 retificado <\/td><td class=\"column-3\">2022<\/td>\n<\/tr>\n<tr class=\"row-7 odd\">\n\t<td class=\"column-1\"><a href=\"http:\/\/ppgusrn.cnat.ifrn.edu.br\/wp-content\/uploads\/2022\/02\/Rsultado-Edital-_-estagi\u00e1rio-2022.pdf\" rel=\"noopener\" target=\"_blank\">Resultado Final Sele\u00e7\u00e3o Estagi\u00e1rio 2022<\/a><\/td><td class=\"column-2\">Resultado Final Sele\u00e7\u00e3o Estagi\u00e1rio 2022<\/td><td class=\"column-3\">2022<\/td>\n<\/tr>\n<tr class=\"row-8 even\">\n\t<td class=\"column-1\"><a href=\"http:\/\/ppgusrn.cnat.ifrn.edu.br\/wp-content\/uploads\/2021\/12\/Resultado-Final-da-Fase-02-\u2013-An\u00e1lise-de-Curr\u00edculo-e-Plano-de-Atua\u00e7\u00e3o.pdf\" rel=\"noopener\" target=\"_blank\">Resultado Final da Fase 02 - Edital 02- PPgUSRN<\/a><\/td><td class=\"column-2\">Resultado Final da Fase 02 \u2013 An\u00e1lise de Curr\u00edculo e Plano de Atua\u00e7\u00e3o Edital n\u00ba 2 Credenciamento e Recredenciamento de Docentes<\/td><td class=\"column-3\">2021<\/td>\n<\/tr>\n<tr class=\"row-9 odd\">\n\t<td class=\"column-1\"><a href=\"http:\/\/ppgusrn.cnat.ifrn.edu.br\/wp-content\/uploads\/2021\/11\/Homologac\u0327a\u0303o-Credenciamento.pdf\" rel=\"noopener\" target=\"_blank\">Homologac\u0327a\u0303o do Credenciamento de docentes - Edital 02- PPgUSRN<\/a><\/td><td class=\"column-2\">Resultado da homologa\u00e7\u00e3o do processo seletivo para credenciamento do PPgUSRN<\/td><td class=\"column-3\">2021<\/td>\n<\/tr>\n<tr class=\"row-10 even\">\n\t<td class=\"column-1\"><a href=\"http:\/\/ppgusrn.cnat.ifrn.edu.br\/wp-content\/uploads\/2021\/11\/Retifica\u00e7\u00e3o-01-credenciamento-pdf.pdf\" rel=\"noopener\" target=\"_blank\">Retifica\u00e7\u00e3o 01 do Edital 02- PPgUSRN<\/a><\/td><td class=\"column-2\">Retifica\u00e7\u00e3o 01 do Edital n\u00ba 2 -Credenciamento e Recredenciamento de Docentes<\/td><td class=\"column-3\">2021<\/td>\n<\/tr>\n<tr class=\"row-11 odd\">\n\t<td class=\"column-1\"><a href=\"http:\/\/ppgusrn.cnat.ifrn.edu.br\/wp-content\/uploads\/2021\/10\/RESULTADO-FINAL-DO-EDITAL-N\u00ba-27.2021-.pdf\" rel=\"noopener\" target=\"_blank\">Resultado do Edital_27-2021-PPgUSRN<\/a><\/td><td class=\"column-2\">Resultado do Edital N\u00ba27\/2021 Bolsas de P\u00f3s-Doutorado <\/td><td class=\"column-3\">2021<\/td>\n<\/tr>\n<tr class=\"row-12 even\">\n\t<td class=\"column-1\"><a href=\"http:\/\/ppgusrn.cnat.ifrn.edu.br\/wp-content\/uploads\/2021\/10\/Edital-n\u00ba-2.2021-PPgUSRN-v.final-1-1.pdf\" rel=\"noopener\" target=\"_blank\">Edital_02-2021-PPgUSRN<\/a><a href=\"http:\/\/ppgusrn.cnat.ifrn.edu.br\/wp-content\/uploads\/2021\/11\/Anexo-I-do-Edital-02.2021.pdf\" rel=\"noopener\" target=\"_blank\"><br \/>\nAnexo I do Edital<\/a><a href=\"http:\/\/ppgusrn.cnat.ifrn.edu.br\/wp-content\/uploads\/2021\/11\/Anexo-II-do-Edital-02.2021.pdf\" rel=\"noopener\" target=\"_blank\"><br \/>\nAnexo II do Edital<\/a><a href=\"http:\/\/ppgusrn.cnat.ifrn.edu.br\/wp-content\/uploads\/2021\/11\/Anexo-III-do-Edital-02.2021.pdf\" rel=\"noopener\" target=\"_blank\"><br \/>\nAnexo III do Edital<\/a><\/td><td class=\"column-2\">Credenciamento e Recredenciamento de Docentes<\/td><td class=\"column-3\">2021<\/td>\n<\/tr>\n<tr class=\"row-13 odd\">\n\t<td class=\"column-1\"><a href=\"http:\/\/ppgusrn.cnat.ifrn.edu.br\/wp-content\/uploads\/2021\/10\/Edital-n\u00ba27.2021-com-retifica\u00e7\u00e3o-03-vers\u00e3o-final-.pdf\" rel=\"noopener\" target=\"_blank\">Edital_27_2021-Retificado 03<\/a><\/td><td class=\"column-2\">Processo Seletivo Para Bolsa de P\u00f3s-Doutorado. Edital n\u00ba 27\/2021 Retifica\u00e7\u00e3o 03<\/td><td class=\"column-3\">2021<\/td>\n<\/tr>\n<tr class=\"row-14 even\">\n\t<td class=\"column-1\"><a href=\"http:\/\/ppgusrn.cnat.ifrn.edu.br\/wp-content\/uploads\/2021\/10\/Retifica\u00e7\u00e3o-03-do-Edital-n\u00ba-27.2021.pdf\" rel=\"noopener\" target=\"_blank\">Retifica\u00e7\u00e3o 03 do Edital n\u00ba 27<\/a><\/td><td class=\"column-2\">Retifica\u00e7\u00e3o 03 do Edital n\u00ba 27\/2021  <\/td><td class=\"column-3\">2021<\/td>\n<\/tr>\n<tr class=\"row-15 odd\">\n\t<td class=\"column-1\"><a href=\"http:\/\/ppgusrn.cnat.ifrn.edu.br\/wp-content\/uploads\/2021\/10\/Edital-n\u00ba27.2021-vers\u00e3o-final-.pdf\" rel=\"noopener\" target=\"_blank\">Edital_27_2021-Retificado 02<\/a><\/td><td class=\"column-2\">Processo Seletivo Para Bolsa de P\u00f3s-Doutorado. Edital n\u00ba 27\/2021 Retifica\u00e7\u00e3o 02<\/td><td class=\"column-3\">2021<\/td>\n<\/tr>\n<tr class=\"row-16 even\">\n\t<td class=\"column-1\"><a href=\"http:\/\/ppgusrn.cnat.ifrn.edu.br\/wp-content\/uploads\/2021\/09\/Retifica\u00e7\u00e3o.pdf\" rel=\"noopener\" target=\"_blank\">Retifica\u00e7\u00e3o do Edital n\u00ba 27<\/a><\/td><td class=\"column-2\">Retifica\u00e7\u00e3o 02 do Edital n\u00ba 27\/2021  <\/td><td class=\"column-3\">2021<\/td>\n<\/tr>\n<tr class=\"row-17 odd\">\n\t<td class=\"column-1\"><a href=\"http:\/\/ppgusrn.cnat.ifrn.edu.br\/wp-content\/uploads\/2021\/09\/Edital_01_2021-PPgUSRN_-Mestrado-Profissional-em-Uso-Sustentavel-de-Recursos-Naturais_Retificado-01-e-02.pdf\" rel=\"noopener\" target=\"_blank\">Edital_01_2021-PPgUSRN_Retificado 01 e 02<\/a><\/td><td class=\"column-2\">Sele\u00e7\u00e3o para o Mestrado Profissional em Uso Sustent\u00e1vel de Recursos Naturais, Semestre 2021.1 Edital n\u00ba 01\/2021 retificado <\/td><td class=\"column-3\">2021<\/td>\n<\/tr>\n<tr class=\"row-18 even\">\n\t<td class=\"column-1\"><a href=\"http:\/\/ppgusrn.cnat.ifrn.edu.br\/wp-content\/uploads\/2021\/09\/Edital-27.2021-Retificado-.pdf\" rel=\"noopener\" target=\"_blank\">Edital_27-2021_Retificado<\/a><\/td><td class=\"column-2\">Processo Seletivo Para Bolsa de P\u00f3s-Doutorado. Edital n\u00ba 27\/2021 Retificado <\/td><td class=\"column-3\">2021<\/td>\n<\/tr>\n<tr class=\"row-19 odd\">\n\t<td class=\"column-1\"><a href=\"http:\/\/ppgusrn.cnat.ifrn.edu.br\/wp-content\/uploads\/2021\/09\/Retificac\u0327a\u0303o-01-Edital-27-2021.pdf\" rel=\"noopener\" target=\"_blank\">Retificac\u0327a\u0303o_01-Edital_27\/2021<\/a><\/td><td class=\"column-2\">Retifica\u00e7\u00e3o 01 do Edital n\u00ba 27\/2021  <\/td><td class=\"column-3\">2021<\/td>\n<\/tr>\n<tr class=\"row-20 even\">\n\t<td class=\"column-1\"><a href=\"http:\/\/ppgusrn.cnat.ifrn.edu.br\/wp-content\/uploads\/2021\/09\/Edital-n.27-2021-PROPI-PROAD-PRODES-IFRN.pdf\" rel=\"noopener\" target=\"_blank\">Edital_27-2021_PROPI\/PROAD\/PRODES\/IFRN<\/a><\/td><td class=\"column-2\">Processo Seletivo Para Bolsa de P\u00f3s-Doutorado <\/td><td class=\"column-3\">2021<\/td>\n<\/tr>\n<tr class=\"row-21 odd\">\n\t<td class=\"column-1\"><a href=\"http:\/\/ppgusrn.cnat.ifrn.edu.br\/wp-content\/uploads\/2021\/08\/Edital_01_2021-PPgUSRN_-Mestrado-Profissional-em-Uso-Sustentavel-de-Recursos-Naturais_Retificado-01.pdf\" rel=\"noopener\" target=\"_blank\">Edital_01-2021_PPgUSRN<\/a><\/td><td class=\"column-2\">Sele\u00e7\u00e3o para o Mestrado Profissional em Uso Sustent\u00e1vel de  Recursos Naturais , Semestre 2021.1<\/td><td class=\"column-3\">2021<\/td>\n<\/tr>\n<tr class=\"row-22 even\">\n\t<td class=\"column-1\"><a href=\"http:\/\/ppgusrn.cnat.ifrn.edu.br\/wp-content\/uploads\/2021\/08\/Edital-19-2021.pdf\" rel=\"noopener\" target=\"_blank\">Edital_19-2021_CODEPE\/DIGPE\/RE\/IFRN<\/a><\/td><td class=\"column-2\">Sele\u00e7\u00e3o de servidores docentes dos programas de P\u00f3s-Gradua\u00e7\u00e3o Stricto Sensu do IFRN para qualifica\u00e7\u00e3o em n\u00edvel de P\u00f3s-Doutorado no exterior<\/td><td class=\"column-3\">2021<\/td>\n<\/tr>\n<tr class=\"row-23 odd\">\n\t<td class=\"column-1\"><a href=\"http:\/\/ppgusrn.cnat.ifrn.edu.br\/wp-content\/uploads\/2021\/07\/EDITAL_12_2021.pdf\" rel=\"noopener\" target=\"_blank\">Edital_12-2021_FAPERN\/CAPES<\/a><\/td><td class=\"column-2\">Concess\u00e3o de bolsas PPgUSRN<\/td><td class=\"column-3\">2021<\/td>\n<\/tr>\n<tr class=\"row-24 even\">\n\t<td class=\"column-1\"><a href=\"http:\/\/ppgusrn.cnat.ifrn.edu.br\/wp-content\/uploads\/2021\/01\/Lista-de-Aprovados_Edital-03.2020-PPgUSRN.pdf\" rel=\"noopener\" target=\"_blank\">Edital_03-2020_Lista de Aprovados<\/a><\/td><td class=\"column-2\">Lista de aprovados <\/td><td class=\"column-3\">2020<\/td>\n<\/tr>\n<tr class=\"row-25 odd\">\n\t<td class=\"column-1\"><a href=\"http:\/\/ppgusrn.cnat.ifrn.edu.br\/wp-content\/uploads\/2021\/01\/Notas-finais-das-argui\u00e7\u00f5es-Edital-PPGUSRN-03-2020.pdf\" rel=\"noopener\" target=\"_blank\">Edital_03-2020_Notas finais das argui\u00e7\u00f5es<\/a><\/td><td class=\"column-2\">Notas finais das argui\u00e7\u00f5es<\/td><td class=\"column-3\">2020<\/td>\n<\/tr>\n<tr class=\"row-26 even\">\n\t<td class=\"column-1\"><a href=\"http:\/\/ppgusrn.cnat.ifrn.edu.br\/wp-content\/uploads\/2021\/01\/Hor\u00e1rios-das-argui\u00e7\u00f5es-PPGUSRN-03-2020-PARA-SITE.pdf\" rel=\"noopener\" target=\"_blank\">Edital_03-2020_Hor\u00e1rios Argui\u00e7\u00f5es<\/a><\/td><td class=\"column-2\">Hor\u00e1rios de Inicio das Argui\u00e7\u00f5es<\/td><td class=\"column-3\">2020<\/td>\n<\/tr>\n<tr class=\"row-27 odd\">\n\t<td class=\"column-1\"><a href=\"http:\/\/ppgusrn.cnat.ifrn.edu.br\/wp-content\/uploads\/2020\/12\/Edital_03_2020-PPgUSRN_-Mestrado-Profissional-em-Uso-Sustentavel-de-Recursos-Naturais-retificado-01-1.pdf\" rel=\"noopener\" target=\"_blank\">Edital_03-2020_ Retificado<\/a><\/td><td class=\"column-2\">Sele\u00e7\u00e3o para o Mestrado Profissional em Uso Sustent\u00e1vel de  Recursos Naturais , Semestre 2020.2 Retifica\u00e7\u00e3o de prazos<\/td><td class=\"column-3\">2020<\/td>\n<\/tr>\n<tr class=\"row-28 even\">\n\t<td class=\"column-1\"><a href=\"http:\/\/ppgusrn.cnat.ifrn.edu.br\/wp-content\/uploads\/2020\/11\/Edital_03_2020-PPgUSRN_-Mestrado-Profissional-em-Uso-Sustentavel-de-Recursos-Naturais.pdf\" rel=\"noopener\" target=\"_blank\">Edital_03-2020<\/a><\/td><td class=\"column-2\">Sele\u00e7\u00e3o para o Mestrado Profissional em Uso Sustent\u00e1vel de  Recursos Naturais , Semestre 2020.2<\/td><td class=\"column-3\">2020<\/td>\n<\/tr>\n<tr class=\"row-29 odd\">\n\t<td class=\"column-1\"><a href=\"http:\/\/ppgusrn.cnat.ifrn.edu.br\/wp-content\/uploads\/2020\/04\/Edital-002.2020-PPgUSRN-BOLSAS-rev-JAN2-JLT.pdf\" rel=\"noopener\" target=\"_blank\">Edital_02-2020<\/a><\/td><td class=\"column-2\">Sele\u00e7\u00e3o dos Bolsistas 2020<\/td><td class=\"column-3\">2020<\/td>\n<\/tr>\n<tr class=\"row-30 even\">\n\t<td class=\"column-1\"><a href=\"http:\/\/ppgusrn.cnat.ifrn.edu.br\/wp-content\/uploads\/2020\/02\/Edital-01.2020-atualizado-27_02_20-credenciamento-de-docentes.pdf\" rel=\"noopener\" target=\"_blank\">Edital_01-2020<\/a><\/td><td class=\"column-2\">Credenciamento de Docentes<\/td><td class=\"column-3\">2020<\/td>\n<\/tr>\n<tr class=\"row-31 odd\">\n\t<td class=\"column-1\"><a href=\"http:\/\/ppgusrn.cnat.ifrn.edu.br\/wp-content\/uploads\/2019\/04\/Edital_01_2019_Mestrado-Profissional-em-Uso-Sustentavel-de-Recursos-Naturais_PPGUSRN_Retificacao-01.pdf\" rel=\"noopener\" target=\"_blank\">Edital_01-2019<\/a><\/td><td class=\"column-2\">Mestrado<\/td><td class=\"column-3\">2019<\/td>\n<\/tr>\n<tr class=\"row-32 even\">\n\t<td class=\"column-1\"><a href=\"http:\/\/ppgusrn.cnat.ifrn.edu.br\/wp-content\/uploads\/2018\/06\/Edital_01_2018_PPgUSRN_2018.2-Retificado-1-e-2-1.pdf\" rel=\"noopener\" target=\"_blank\">Edital_01-2018<\/a><\/td><td class=\"column-2\">Mestrado<\/td><td class=\"column-3\">2018<\/td>\n<\/tr>\n<tr class=\"row-33 odd\">\n\t<td class=\"column-1\"><a href=\"http:\/\/ppgusrn.cnat.ifrn.edu.br\/wp-content\/uploads\/2018\/03\/2704-Edital-02_2016_-PPgUSRN_Servidores-do-IFRN.pdf\" rel=\"noopener\" target=\"_blank\">Edital_02-2016<\/a><\/td><td class=\"column-2\">Vagas para Servidores<\/td><td class=\"column-3\">2016<\/td>\n<\/tr>\n<tr class=\"row-34 even\">\n\t<td class=\"column-1\"><a href=\"http:\/\/ppgusrn.cnat.ifrn.edu.br\/wp-content\/uploads\/2018\/03\/2704-Edital_01_2016_PPgUSRN_Ampla-Concorrencia.pdf\" rel=\"noopener\" target=\"_blank\">Edital_01-2016<\/a><\/td><td class=\"column-2\">Mestrado<\/td><td class=\"column-3\">2016<\/td>\n<\/tr>\n<tr class=\"row-35 odd\">\n\t<td class=\"column-1\"><a href=\"http:\/\/ppgusrn.cnat.ifrn.edu.br\/wp-content\/uploads\/2018\/03\/Edital_01-2015_PPgUSRN-Selecao-2015_PROGRAMA-DE-POS-GRADUACAO-EM-USO-SUSTENTAVEL-DE-RECURSOS-NATURAIS-2013-MESTRADO-PROFISSIONAL.pdf\" rel=\"noopener\" target=\"_blank\">Edital_02-2015<\/a><\/td><td class=\"column-2\">Vagas para Servidores<\/td><td class=\"column-3\">2015<\/td>\n<\/tr>\n<tr class=\"row-36 even\">\n\t<td class=\"column-1\"><a href=\"http:\/\/ppgusrn.cnat.ifrn.edu.br\/wp-content\/uploads\/2018\/03\/Edital_01-2015_PPgUSRN-Selecao-2015_PROGRAMA-DE-POS-GRADUACAO-EM-USO-SUSTENTAVEL-DE-RECURSOS-NATURAIS-2013-MESTRADO-PROFISSIONAL.pdf\" rel=\"noopener\" target=\"_blank\">Edital_01-2015<\/a><\/td><td class=\"column-2\">Mestrado<\/td><td class=\"column-3\">2015<\/td>\n<\/tr>\n<\/tbody>\n<\/table>\n<!-- #tablepress-6 from cache -->\n<h1>Documentos Necess\u00e1rios Para a Realiza\u00e7\u00e3o da Matr\u00edcula<\/h1>\n<hr>\n<p>Ser\u00e1 necess\u00e1ria a entrega dos seguintes documentos (c\u00f3pias) devendo ser acompanhada da original para confer\u00eancia:<\/p>\n<p>a) 2 fotos 3\u00d74, recentes e iguais;<\/p>\n<p>b) Certificado de Quita\u00e7\u00e3o com o Servi\u00e7o Militar para candidatos do sexo masculino (C\u00f3pia e Original);<\/p>\n<p>c) RG (C\u00f3pia e Original);<\/p>\n<p>d) CPF (C\u00f3pia e Original);<\/p>\n<p>e) Certid\u00e3o de Nascimento ou de Casamento (C\u00f3pia e Original);<\/p>\n<p>f) Titulo de eleitor e comprovante de quita\u00e7\u00e3o eleitoral referente \u00e0 ultima elei\u00e7\u00e3o (C\u00f3pia e Original);<\/p>\n<p>g) Diploma e\/ou certificado de conclus\u00e3o de gradua\u00e7\u00e3o de institui\u00e7\u00e3o reconhecida pelo MEC (C\u00f3pia e Original);<\/p>\n<p>h) Hist\u00f3rico Acad\u00eamico (C\u00f3pia e Original).<\/p>\n<\/div><\/div>","protected":false},"excerpt":{"rendered":"<p>Documentos Necess\u00e1rios Para a Realiza\u00e7\u00e3o da Matr\u00edcula Ser\u00e1 necess\u00e1ria a entrega dos seguintes documentos (c\u00f3pias) devendo ser acompanhada da original para confer\u00eancia: a) 2 fotos 3\u00d74, recentes e iguais; b)&#8230;<\/p>\n","protected":false},"author":1,"featured_media":0,"parent":0,"menu_order":0,"comment_status":"closed","ping_status":"closed","template":"","meta":{"footnotes":""},"_links":{"self":[{"href":"https:\/\/ppgusrn.cnat.ifrn.edu.br\/index.php\/wp-json\/wp\/v2\/pages\/212"}],"collection":[{"href":"https:\/\/ppgusrn.cnat.ifrn.edu.br\/index.php\/wp-json\/wp\/v2\/pages"}],"about":[{"href":"https:\/\/ppgusrn.cnat.ifrn.edu.br\/index.php\/wp-json\/wp\/v2\/types\/page"}],"author":[{"embeddable":true,"href":"https:\/\/ppgusrn.cnat.ifrn.edu.br\/index.php\/wp-json\/wp\/v2\/users\/1"}],"replies":[{"embeddable":true,"href":"https:\/\/ppgusrn.cnat.ifrn.edu.br\/index.php\/wp-json\/wp\/v2\/comments?post=212"}],"version-history":[{"count":12,"href":"https:\/\/ppgusrn.cnat.ifrn.edu.br\/index.php\/wp-json\/wp\/v2\/pages\/212\/revisions"}],"predecessor-version":[{"id":1924,"href":"https:\/\/ppgusrn.cnat.ifrn.edu.br\/index.php\/wp-json\/wp\/v2\/pages\/212\/revisions\/1924"}],"wp:attachment":[{"href":"https:\/\/ppgusrn.cnat.ifrn.edu.br\/index.php\/wp-json\/wp\/v2\/media?parent=212"}],"curies":[{"name":"wp","href":"https:\/\/api.w.org\/{rel}","templated":true}]}}