{"id":235,"date":"2018-03-25T01:44:23","date_gmt":"2018-03-25T04:44:23","guid":{"rendered":"http:\/\/ppgusrn.cnat.ifrn.edu.br\/?page_id=235"},"modified":"2024-02-05T10:15:33","modified_gmt":"2024-02-05T13:15:33","slug":"provas-do-ppgusrn","status":"publish","type":"page","link":"https:\/\/ppgusrn.cnat.ifrn.edu.br\/index.php\/provas-do-ppgusrn\/","title":{"rendered":"Modelos de Disserta\u00e7\u00e3o"},"content":{"rendered":"<div id=\"dslc-theme-content\"><div id=\"dslc-theme-content-inner\"><p><img loading=\"lazy\" decoding=\"async\" class=\"wp-image-3817 size-full aligncenter\" src=\"https:\/\/ppgusrn.cnat.ifrn.edu.br\/wp-content\/uploads\/2022\/07\/logo-png-e1657714945249.png\" alt=\"\" width=\"350\" height=\"104\" srcset=\"https:\/\/ppgusrn.cnat.ifrn.edu.br\/wp-content\/uploads\/2022\/07\/logo-png-e1657714945249.png 350w, https:\/\/ppgusrn.cnat.ifrn.edu.br\/wp-content\/uploads\/2022\/07\/logo-png-e1657714945249-300x89.png 300w\" sizes=\"(max-width: 350px) 100vw, 350px\" \/><\/p>\n<p>Nesta p\u00e1gina o PPgUSRN tr\u00e1s modelos de disserta\u00e7\u00f5es disponibilizados pela Biblioteca Central do IFRN &#8211; CNAT<\/p>\n<p><a href=\"https:\/\/ppgusrn.cnat.ifrn.edu.br\/wp-content\/uploads\/2023\/09\/Modelo-de-trabalhos-acad\u00eamicos-oficial-atualizado.pdf\">MODELO DE DISSERTA\u00c7\u00c3O<\/a><\/p>\n<p><a href=\"https:\/\/ppgusrn.cnat.ifrn.edu.br\/wp-content\/uploads\/2024\/02\/Modelo-de-relatorio-oficial.docx\">Modelo de Relat\u00f3rio Oficial<\/a><\/p>\n<p><a href=\"https:\/\/ppgusrn.cnat.ifrn.edu.br\/wp-content\/uploads\/2024\/02\/Modelo-de-artigo-oficial-Template.docx\">Modelo de Artigo Oficial<\/a><\/p>\n<\/div><\/div>","protected":false},"excerpt":{"rendered":"<p>Nesta p\u00e1gina o PPgUSRN tr\u00e1s modelos de disserta\u00e7\u00f5es disponibilizados pela Biblioteca Central do IFRN &#8211; CNAT MODELO DE DISSERTA\u00c7\u00c3O Modelo de Relat\u00f3rio Oficial Modelo de Artigo Oficial<\/p>\n","protected":false},"author":1,"featured_media":0,"parent":0,"menu_order":0,"comment_status":"closed","ping_status":"closed","template":"","meta":{"footnotes":""},"_links":{"self":[{"href":"https:\/\/ppgusrn.cnat.ifrn.edu.br\/index.php\/wp-json\/wp\/v2\/pages\/235"}],"collection":[{"href":"https:\/\/ppgusrn.cnat.ifrn.edu.br\/index.php\/wp-json\/wp\/v2\/pages"}],"about":[{"href":"https:\/\/ppgusrn.cnat.ifrn.edu.br\/index.php\/wp-json\/wp\/v2\/types\/page"}],"author":[{"embeddable":true,"href":"https:\/\/ppgusrn.cnat.ifrn.edu.br\/index.php\/wp-json\/wp\/v2\/users\/1"}],"replies":[{"embeddable":true,"href":"https:\/\/ppgusrn.cnat.ifrn.edu.br\/index.php\/wp-json\/wp\/v2\/comments?post=235"}],"version-history":[{"count":15,"href":"https:\/\/ppgusrn.cnat.ifrn.edu.br\/index.php\/wp-json\/wp\/v2\/pages\/235\/revisions"}],"predecessor-version":[{"id":4831,"href":"https:\/\/ppgusrn.cnat.ifrn.edu.br\/index.php\/wp-json\/wp\/v2\/pages\/235\/revisions\/4831"}],"wp:attachment":[{"href":"https:\/\/ppgusrn.cnat.ifrn.edu.br\/index.php\/wp-json\/wp\/v2\/media?parent=235"}],"curies":[{"name":"wp","href":"https:\/\/api.w.org\/{rel}","templated":true}]}}