{"id":2354,"date":"2019-02-19T20:55:49","date_gmt":"2019-02-19T23:55:49","guid":{"rendered":"http:\/\/ppgusrn.cnat.ifrn.edu.br\/?page_id=2354"},"modified":"2019-05-08T15:08:10","modified_gmt":"2019-05-08T18:08:10","slug":"normas","status":"publish","type":"page","link":"https:\/\/ppgusrn.cnat.ifrn.edu.br\/index.php\/normas\/","title":{"rendered":"Normas"},"content":{"rendered":"<div id=\"dslc-theme-content\"><div id=\"dslc-theme-content-inner\">\n<table id=\"tablepress-11\" class=\"tablepress tablepress-id-11\">\n<thead>\n<tr class=\"row-1 odd\">\n\t<th class=\"column-1\">Identifica\u00e7\u00e3o<\/th><th class=\"column-2\">Norma<\/th><th class=\"column-3\">Documento<\/th>\n<\/tr>\n<\/thead>\n<tbody class=\"row-hover\">\n<tr class=\"row-2 even\">\n\t<td class=\"column-1\">Regimento <\/td><td class=\"column-2\">Regimento Interno <\/td><td class=\"column-3\"><a href=\" http:\/\/ppgusrn.cnat.ifrn.edu.br\/wp-content\/uploads\/2019\/12\/Regimento_PPgUSRN_2019.pdf\" rel=\"noopener\" target=\"_blank\">Regimento Interno<\/a><\/td>\n<\/tr>\n<tr class=\"row-3 odd\">\n\t<td class=\"column-1\">IN - PPgUSRN n. 01\/2018<\/td><td class=\"column-2\">Instru\u00e7\u00e3o Normativa - Exame de Qualificac\u0327a\u0303o<\/td><td class=\"column-3\"><a href=\" http:\/\/ppgusrn.cnat.ifrn.edu.br\/wp-content\/uploads\/2019\/12\/IN-PPgUSRN_n.001.2018-Qualificacao.pdf\" rel=\"noopener\" target=\"_blank\">IN \u2013 Exame de Qualifica\u00e7\u00e3o<\/a><br \/>\n<a href=\" http:\/\/ppgusrn.cnat.ifrn.edu.br\/wp-content\/uploads\/2019\/12\/formulario-cadastramento-avaliador-externo.docx\" rel=\"noopener\" target=\"_blank\">Formul\u00e1rio Cadastramento Avaliador Externo <\/a><br \/>\n<a href=\" https:\/\/ppgusrn.cnat.ifrn.edu.br\/wp-content\/uploads\/2024\/03\/Ficha-de-Avaliacao-da-Qualificacao.docx\" rel=\"noopener\" target=\"_blank\">Ficha de Avalia\u00e7\u00e3o da Qualifica\u00e7\u00e3o <\/a><br \/>\n<\/td>\n<\/tr>\n<tr class=\"row-4 even\">\n\t<td class=\"column-1\">IN - PPgUSRN n. 02\/2018<\/td><td class=\"column-2\">Instru\u00e7\u00e3o Normativa - Aproveitamento de Cre\u0301ditos Especiais<\/td><td class=\"column-3\"><a href=\" http:\/\/ppgusrn.cnat.ifrn.edu.br\/wp-content\/uploads\/2019\/05\/IN_PPgUSRN_00218_aproveitamento_creditos_especiais.pdf\" rel=\"noopener\" target=\"_blank\">IN \u2013 Aproveitamento de Cr\u00e9ditos Especiais<\/a><\/td>\n<\/tr>\n<tr class=\"row-5 odd\">\n\t<td class=\"column-1\">IN - PPgUSRN n. 03\/2018<\/td><td class=\"column-2\">Instru\u00e7\u00e3o Normativa - Comprova\u00e7\u00e3o da Produ\u00e7\u00e3o Bibliogr\u00e1fica e T\u00e9cnica<\/td><td class=\"column-3\"><a href=\" https:\/\/ppgusrn.cnat.ifrn.edu.br\/wp-content\/uploads\/2025\/02\/IN_PPgUSRN-03.2018.pdf\" rel=\"noopener\" target=\"_blank\">IN \u2013 Comprova\u00e7\u00e3o da Produ\u00e7\u00e3o Bibliogr\u00e1fica e T\u00e9cnica<\/a><br \/>\n<a href=\"https:\/\/ppgusrn.cnat.ifrn.edu.br\/wp-content\/uploads\/2025\/01\/Formulario-Producao-Bibliografica.docx\">Formul\u00e1rio de Solicita\u00e7\u00e3o de Valida\u00e7\u00e3o da Produ\u00e7\u00e3o Bibliogr\u00e1fica e T\u00e9cnica<\/a><\/td>\n<\/tr>\n<tr class=\"row-6 even\">\n\t<td class=\"column-1\">IN - PPgUSRN n. 01\/2019<\/td><td class=\"column-2\">Instru\u00e7\u00e3o Normativa - Defesa de TCC<\/td><td class=\"column-3\"><a href=\" http:\/\/ppgusrn.cnat.ifrn.edu.br\/wp-content\/uploads\/2019\/12\/IN-PPgUSRN_n.001.2019-Defesa.pdf\" rel=\"noopener\" target=\"_blank\">IN \u2013 Defesa de TCC <\/a><br \/>\n<a href=\" http:\/\/ppgusrn.cnat.ifrn.edu.br\/wp-content\/uploads\/2019\/12\/Formula\u0301rio-de-agendamento.docx\" rel=\"noopener\" target=\"_blank\">Formul\u00e1rio Agendamento de Defesa de TCC <\/a><br \/>\n<a href=\" http:\/\/ppgusrn.cnat.ifrn.edu.br\/wp-content\/uploads\/2023\/03\/Formul\u00e1rio-de-Defesa.docx\" rel=\"noopener\" target=\"_blank\">Formul\u00e1rio de Defesa de TCC <\/a><br \/>\n<\/td>\n<\/tr>\n<tr class=\"row-7 odd\">\n\t<td class=\"column-1\">IN - PPgUSRN n. 02\/2019<\/td><td class=\"column-2\">Instru\u00e7\u00e3o Normativa - Solicita\u00e7\u00e3o Diploma<\/td><td class=\"column-3\"><a href=\" http:\/\/ppgusrn.cnat.ifrn.edu.br\/wp-content\/uploads\/2019\/12\/IN-PPgUSRN_n.002.2019-Diploma.pdf\" rel=\"noopener\" target=\"_blank\">IN \u2013 Solicita\u00e7\u00e3o de Diploma <\/a><\/td>\n<\/tr>\n<tr class=\"row-8 even\">\n\t<td class=\"column-1\">IN - PPgUSRN n. 01\/2021<\/td><td class=\"column-2\">Instru\u00e7\u00e3o Normativa - Credenciamento de Docentes na Fun\u00e7\u00e3o de Coorientador(a)<\/td><td class=\"column-3\"><a href=\" http:\/\/ppgusrn.cnat.ifrn.edu.br\/wp-content\/uploads\/2023\/04\/Instru\u00e7\u00e3o-Normativa-Credenciamento-de-Docentes-na-Fun\u00e7\u00e3o-de-Coorientadora.pdf\" rel=\"noopener\" target=\"_blank\">IN \u2013 01\/2021 Co orientador <\/a><br \/>\n<a href=\" http:\/\/ppgusrn.cnat.ifrn.edu.br\/wp-content\/uploads\/2023\/02\/Carta-de-Credenciamento-de-Coorientador.docx\" rel=\"noopener\" target=\"_blank\">Carta de Solicita\u00e7\u00e3o de Co orientador<\/a><br \/>\n<\/td>\n<\/tr>\n<tr class=\"row-9 odd\">\n\t<td class=\"column-1\">IN - PPgUSRN n. 01\/2024<\/td><td class=\"column-2\">Instru\u00e7\u00e3o Normativa - Credenciamento, Recredenciamento e Descredenciamento Docente.<\/td><td class=\"column-3\"><a href=\" https:\/\/ppgusrn.cnat.ifrn.edu.br\/wp-content\/uploads\/2025\/03\/IN-PPgUSRN-n.-01.2024.pdf\" rel=\"noopener\" target=\"_blank\">IN - PPgUSRN n. 01.2024 Credenciamento, Recredenciamento e Descredenciamento Docente<\/a><\/td>\n<\/tr>\n<tr class=\"row-10 even\">\n\t<td class=\"column-1\">Planejamento Estrat\u00e9gico<\/td><td class=\"column-2\">Planejamento Estrat\u00e9gico<\/td><td class=\"column-3\"><a href=\" https:\/\/ppgusrn.cnat.ifrn.edu.br\/wp-content\/uploads\/2025\/01\/PLANEJAMENTO-ESTRATEGICO-PPGUSRN-2021_2024.pdf \" rel=\"noopener\" target=\"_blank\">Planejamento Estrat\u00e9gico - 2021\/2024<\/a><\/td>\n<\/tr>\n<tr class=\"row-11 odd\">\n\t<td class=\"column-1\">PPC do Curso<\/td><td class=\"column-2\">Projeto Pedag\u00f3gico do Curso <\/td><td class=\"column-3\"><a href=\" https:\/\/ppgusrn.cnat.ifrn.edu.br\/wp-content\/uploads\/2024\/03\/PPC__Mestrado_Profissional_em_Uso_Sustentavel_de_Recursos_Naturais_2015.pdf\" rel=\"noopener\" target=\"_blank\">Projeto Pedag\u00f3gico do Curso <\/a> <\/td>\n<\/tr>\n<tr class=\"row-12 even\">\n\t<td class=\"column-1\">Biblioteca - IFRN<\/td><td class=\"column-2\">Documentos para Submiss\u00e3o ao Reposit\u00f3rio Memoria<\/td><td class=\"column-3\"><a href=\" https:\/\/ppgusrn.cnat.ifrn.edu.br\/wp-content\/uploads\/2023\/12\/Termo_de_Autorizacao.docx\" rel=\"noopener\" target=\"_blank\">Termo de Autoriza\u00e7\u00e3o<\/a> <br \/>\n<a href=\" https:\/\/ppgusrn.cnat.ifrn.edu.br\/wp-content\/uploads\/2023\/12\/Folha-de-Rosto.docx\" rel=\"noopener\" target=\"_blank\">Folha de Rosto<\/a><br \/>\n<a href=\" https:\/\/ppgusrn.cnat.ifrn.edu.br\/wp-content\/uploads\/2024\/02\/Modelo-de-artigo-oficial-Template.docx\" rel=\"noopener\" target=\"_blank\">Modelo de Artigo<\/a><br \/>\n<a href=\" https:\/\/ppgusrn.cnat.ifrn.edu.br\/wp-content\/uploads\/2024\/02\/Modelo-de-relatorio-oficial.docx\" rel=\"noopener\" target=\"_blank\">Modelo de Relat\u00f3rio<\/a><br \/>\n<a href=\"https:\/\/ppgusrn.cnat.ifrn.edu.br\/wp-content\/uploads\/2024\/02\/Modelo-de-trabalhos-academicos-oficial.docx\" rel=\"noopener\" target=\"_blank\">Modelo de Trabalhos Academicos<\/a><\/td>\n<\/tr>\n<tr class=\"row-13 odd\">\n\t<td class=\"column-1\">Regulamenta\u00e7\u00f5es do IFRN<\/td><td class=\"column-2\">Documentos de Regulamenta\u00e7\u00f5es do IFRN<\/td><td class=\"column-3\"><a href=\" https:\/\/ppgusrn.cnat.ifrn.edu.br\/wp-content\/uploads\/2023\/12\/Instrucao_Normativa_no_7-PROPI_dispoe_sobre_acumulo_de_bolsas_de_pos-graduacao_RIcXK9n.pdf\" rel=\"noopener\" target=\"_blank\">Norma de Ac\u00famulo de Bolsas<\/a> <br \/>\n<a href=\" https:\/\/ppgusrn.cnat.ifrn.edu.br\/wp-content\/uploads\/2023\/12\/Regulamento-da-Pos-graduacao-no-IFRN.pdf\"> Regulamento da P\u00f3s-gradua\u00e7\u00e3o no IFRN<\/a> <br \/>\n<a href=\" https:\/\/ppgusrn.cnat.ifrn.edu.br\/wp-content\/uploads\/2023\/12\/OrganizacaoDidatica_2012_versaoFINAL_20mai2012.pdf\"> Organiza\u00e7\u00e3o Did\u00e1tica do IFRN<\/a> <\/td>\n<\/tr>\n<tr class=\"row-14 even\">\n\t<td class=\"column-1\">Regulamenta\u00e7\u00f5es da CAPES<\/td><td class=\"column-2\">Documentos de Regulamenta\u00e7\u00f5es da CAPES<\/td><td class=\"column-3\"><a href=\" https:\/\/ppgusrn.cnat.ifrn.edu.br\/wp-content\/uploads\/2024\/01\/Portaria-no-60-de-20-de-Marco-de-2019.pdf\" rel=\"noopener\" target=\"_blank\">Disp\u00f5e sobre o mestrado e o doutorado profissionais no \u00e2mbito da CAPES<\/a>  <br \/>\n<a href=\" https:\/\/ppgusrn.cnat.ifrn.edu.br\/wp content\/uploads\/2024\/01\/Portaria-no-81-de-3-de-Junho-de-2016.pdf\" rel=\"noopener\" target=\"_blank\">Define as categorias de docentes que comp\u00f5em os Programas de P\u00f3s-Gradua\u00e7\u00e3o (PPG's) stricto sensu<\/a> <\/td>\n<\/tr>\n<\/tbody>\n<\/table>\n<!-- #tablepress-11 from cache -->\n<\/div><\/div>","protected":false},"excerpt":{"rendered":"","protected":false},"author":1,"featured_media":0,"parent":0,"menu_order":0,"comment_status":"closed","ping_status":"closed","template":"","meta":{"footnotes":""},"_links":{"self":[{"href":"https:\/\/ppgusrn.cnat.ifrn.edu.br\/index.php\/wp-json\/wp\/v2\/pages\/2354"}],"collection":[{"href":"https:\/\/ppgusrn.cnat.ifrn.edu.br\/index.php\/wp-json\/wp\/v2\/pages"}],"about":[{"href":"https:\/\/ppgusrn.cnat.ifrn.edu.br\/index.php\/wp-json\/wp\/v2\/types\/page"}],"author":[{"embeddable":true,"href":"https:\/\/ppgusrn.cnat.ifrn.edu.br\/index.php\/wp-json\/wp\/v2\/users\/1"}],"replies":[{"embeddable":true,"href":"https:\/\/ppgusrn.cnat.ifrn.edu.br\/index.php\/wp-json\/wp\/v2\/comments?post=2354"}],"version-history":[{"count":2,"href":"https:\/\/ppgusrn.cnat.ifrn.edu.br\/index.php\/wp-json\/wp\/v2\/pages\/2354\/revisions"}],"predecessor-version":[{"id":2370,"href":"https:\/\/ppgusrn.cnat.ifrn.edu.br\/index.php\/wp-json\/wp\/v2\/pages\/2354\/revisions\/2370"}],"wp:attachment":[{"href":"https:\/\/ppgusrn.cnat.ifrn.edu.br\/index.php\/wp-json\/wp\/v2\/media?parent=2354"}],"curies":[{"name":"wp","href":"https:\/\/api.w.org\/{rel}","templated":true}]}}