{"id":2389,"date":"2019-02-20T14:45:44","date_gmt":"2019-02-20T17:45:44","guid":{"rendered":"http:\/\/ppgusrn.cnat.ifrn.edu.br\/?page_id=2389"},"modified":"2019-02-20T15:25:13","modified_gmt":"2019-02-20T18:25:13","slug":"apresentacao","status":"publish","type":"page","link":"https:\/\/ppgusrn.cnat.ifrn.edu.br\/index.php\/apresentacao\/","title":{"rendered":"Apresenta\u00e7\u00e3o"},"content":{"rendered":"<div id=\"dslc-theme-content\"><div id=\"dslc-theme-content-inner\"><p>O Programa de P\u00f3s-Gradua\u00e7\u00e3o em Uso Sustent\u00e1vel de Recursos Naturais (PPgUSRN) da Diretoria Acad\u00eamica de Recursos Naturais (DIAREN) do Campus Natal Central IFRN, foi iniciado em 2015 e tem por objetivo principal formar profissionais, em n\u00edvel de p\u00f3s-gradua\u00e7\u00e3o stricto sensu, interessados em atuar com estudos e t\u00e9cnicas interdisciplinares relacionados com o uso e o aproveitamento sustent\u00e1vel de recursos naturais, na qualidade de professores, consultores e t\u00e9cnicos.<\/p>\n<p><img loading=\"lazy\" decoding=\"async\" class=\"alignleft wp-image-1194 size-medium\" src=\"https:\/\/ppgusrn.cnat.ifrn.edu.br\/wp-content\/uploads\/2018\/06\/IMG_0318_Easy-Resize.com_-300x200.jpg\" alt=\"\" width=\"300\" height=\"200\" srcset=\"https:\/\/ppgusrn.cnat.ifrn.edu.br\/wp-content\/uploads\/2018\/06\/IMG_0318_Easy-Resize.com_-300x200.jpg 300w, https:\/\/ppgusrn.cnat.ifrn.edu.br\/wp-content\/uploads\/2018\/06\/IMG_0318_Easy-Resize.com_-768x512.jpg 768w, https:\/\/ppgusrn.cnat.ifrn.edu.br\/wp-content\/uploads\/2018\/06\/IMG_0318_Easy-Resize.com_-1024x682.jpg 1024w, https:\/\/ppgusrn.cnat.ifrn.edu.br\/wp-content\/uploads\/2018\/06\/IMG_0318_Easy-Resize.com_.jpg 1280w\" sizes=\"(max-width: 300px) 100vw, 300px\" \/><\/p>\n<p>O mestrado profissional em Uso Sustent\u00e1vel de Recursos Naturais do IFRN tem como objetivos prec\u00edpuos:<\/p>\n<ul>\n<li>formar profissionais, em n\u00edvel de p\u00f3s-gradua\u00e7\u00e3o stricto sensu, interessados em\u00a0atuar com estudos e t\u00e9cnicas interdisciplinares relacionados com o uso e o aproveitamento sustent\u00e1vel de recursos naturais, na qualidade de professores, consultores e t\u00e9cnicos, articulando pesquisa com aplica\u00e7\u00e3o profissional;<\/li>\n<li>capacitar profissionais para atuarem com a proposi\u00e7\u00e3o e a gest\u00e3o de estrat\u00e9gias e procedimentos t\u00e9cnicos voltados \u00e0 organiza\u00e7\u00e3o e \u00e0 implementa\u00e7\u00e3o de pol\u00edticas p\u00fablicas bem como \u00e0 gera\u00e7\u00e3o de conhecimentos aplicados ao uso sustent\u00e1vel dos recursos naturais;<\/li>\n<li>capacitar profissionais qualificados para a transfer\u00eancia de conhecimentos para a sociedade, atendendo as demandas espec\u00edficas e de arranjos produtivos com vistas ao desenvolvimento local, regional e nacional sustent\u00e1vel;\u00a0 fortalecer e consolidar os grupos e n\u00facleos de pesquisa e fomentar a difus\u00e3o e as\u00a0pr\u00e1ticas de investiga\u00e7\u00e3o e aplica\u00e7\u00e3o de conhecimentos voltados para o uso\u00a0sustent\u00e1vel de recursos naturais, vegetais, h\u00eddricos e minerais no IFRN.<\/li>\n<\/ul>\n<p>O curso\u00a0funciona em sistema semestral e cada cr\u00e9dito de disciplina corresponde a 15 horas-aula. O curso tem a dura\u00e7\u00e3o m\u00ednima de 12 (doze) meses e m\u00e1xima de 24 (vinte e quatro) meses, al\u00e9m da exig\u00eancia do cumprimento de 24 cr\u00e9ditos de disciplinas (obrigat\u00f3rias e eletivas) e de 12 cr\u00e9ditos equivalente a elabora\u00e7\u00e3o do Trabalho de Conclus\u00e3o do Curso.<br \/>\nO candidato \u00e0s vagas do PPgUSRN fica obrigado a reservar uma carga hor\u00e1ria m\u00ednima de 20 (vinte) horas semanais para o ensino presencial nas disciplinas que s\u00e3o ministradas as\u00a0<strong>quintas e sextas-feiras<\/strong>, nas depend\u00eancias f\u00edsicas da DIAREN, al\u00e9m de dedica\u00e7\u00e3o \u00e0 realiza\u00e7\u00e3o das atividades do projeto de pesquisa a combinar com o seu orientador.<\/p>\n<p class=\"btn-g\"><a href=\"https:\/\/ppgusrn.cnat.ifrn.edu.br\/wp-content\/uploads\/2018\/03\/proposta-do-curso-1.pdf\">Proposta do Curso<\/a><\/p>\n<\/div><\/div>","protected":false},"excerpt":{"rendered":"<p>O Programa de P\u00f3s-Gradua\u00e7\u00e3o em Uso Sustent\u00e1vel de Recursos Naturais (PPgUSRN) da Diretoria Acad\u00eamica de Recursos Naturais (DIAREN) do Campus Natal Central IFRN, foi iniciado em 2015 e tem por&#8230;<\/p>\n","protected":false},"author":1,"featured_media":0,"parent":0,"menu_order":0,"comment_status":"closed","ping_status":"closed","template":"","meta":{"footnotes":""},"_links":{"self":[{"href":"https:\/\/ppgusrn.cnat.ifrn.edu.br\/index.php\/wp-json\/wp\/v2\/pages\/2389"}],"collection":[{"href":"https:\/\/ppgusrn.cnat.ifrn.edu.br\/index.php\/wp-json\/wp\/v2\/pages"}],"about":[{"href":"https:\/\/ppgusrn.cnat.ifrn.edu.br\/index.php\/wp-json\/wp\/v2\/types\/page"}],"author":[{"embeddable":true,"href":"https:\/\/ppgusrn.cnat.ifrn.edu.br\/index.php\/wp-json\/wp\/v2\/users\/1"}],"replies":[{"embeddable":true,"href":"https:\/\/ppgusrn.cnat.ifrn.edu.br\/index.php\/wp-json\/wp\/v2\/comments?post=2389"}],"version-history":[{"count":7,"href":"https:\/\/ppgusrn.cnat.ifrn.edu.br\/index.php\/wp-json\/wp\/v2\/pages\/2389\/revisions"}],"predecessor-version":[{"id":2410,"href":"https:\/\/ppgusrn.cnat.ifrn.edu.br\/index.php\/wp-json\/wp\/v2\/pages\/2389\/revisions\/2410"}],"wp:attachment":[{"href":"https:\/\/ppgusrn.cnat.ifrn.edu.br\/index.php\/wp-json\/wp\/v2\/media?parent=2389"}],"curies":[{"name":"wp","href":"https:\/\/api.w.org\/{rel}","templated":true}]}}