{"id":4171,"date":"2023-03-08T10:34:44","date_gmt":"2023-03-08T13:34:44","guid":{"rendered":"http:\/\/ppgusrn.cnat.ifrn.edu.br\/?page_id=4171"},"modified":"2023-03-08T10:36:17","modified_gmt":"2023-03-08T13:36:17","slug":"aluno-especial","status":"publish","type":"page","link":"https:\/\/ppgusrn.cnat.ifrn.edu.br\/index.php\/aluno-especial\/","title":{"rendered":"Aluno Especial"},"content":{"rendered":"<div id=\"dslc-theme-content\"><div id=\"dslc-theme-content-inner\"><p>Art. 23 \u2013 Os discentes poder\u00e3o ser matriculados no Programa nas seguintes<br \/>\nsitua\u00e7\u00f5es:<br \/>\nb) discente com matr\u00edcula especial: \u00e9 o discente matriculado em disciplinas eletivas<br \/>\ndo Programa, mediante aprova\u00e7\u00e3o do(s) docente(s) da(s) disciplina(s)<br \/>\npleiteada(s).<\/p>\n<p>\u00a7 1\u00b0. O interessado em cursar disciplina como discente especial deve<br \/>\nsolicitar inscri\u00e7\u00e3o, por meio de requerimento, encaminhado \u00e0<br \/>\nCoordena\u00e7\u00e3o, expondo os motivos da solicita\u00e7\u00e3o e apresenta\u00e7\u00e3o de<br \/>\nc\u00f3pia do Curr\u00edculo Lattes;<\/p>\n<p>\u00a7 2\u00b0. O interessado poder\u00e1 cursar at\u00e9 03 (tr\u00eas) disciplinas eletivas, n\u00e3o<br \/>\npodendo cursar mais de duas em um semestre letivo;<\/p>\n<p>\u00a7 3\u00b0. As vagas das disciplinas eletivas para discentes com matr\u00edcula<br \/>\nespecial n\u00e3o poder\u00e1 superar 50% do n\u00famero de alunos regulares,<br \/>\ndevendo a sele\u00e7\u00e3o ser efetuada pelos docentes da disciplina, com base<br \/>\nnas informa\u00e7\u00f5es do requerimento e na an\u00e1lise do Curr\u00edculo Lattes,<br \/>\nrespeitando o calend\u00e1rio estabelecido pela coordena\u00e7\u00e3o.<\/p>\n<p>\u00a7 4\u00b0. Poder\u00e3o ser aceitos para o curso de Mestrado at\u00e9 08 (oito) cr\u00e9ditos<br \/>\nobtidos na condi\u00e7\u00e3o de discente com matr\u00edcula especial, em disciplinas<br \/>\ncursadas at\u00e9 02 (dois) anos antes do ingresso no Programa como<br \/>\nmestrando com matr\u00edcula regular.<\/p>\n<p>\u00a7 5\u00b0. Os discentes com matr\u00edcula especial ter\u00e3o direito a um certificado<br \/>\nde aprova\u00e7\u00e3o em disciplinas, expedido pela Coordena\u00e7\u00e3o do Programa.<\/p>\n<\/div><\/div>","protected":false},"excerpt":{"rendered":"<p>Art. 23 \u2013 Os discentes poder\u00e3o ser matriculados no Programa nas seguintes situa\u00e7\u00f5es: b) discente com matr\u00edcula especial: \u00e9 o discente matriculado em disciplinas eletivas do Programa, mediante aprova\u00e7\u00e3o do(s)&#8230;<\/p>\n","protected":false},"author":1,"featured_media":0,"parent":0,"menu_order":0,"comment_status":"closed","ping_status":"closed","template":"","meta":{"footnotes":""},"_links":{"self":[{"href":"https:\/\/ppgusrn.cnat.ifrn.edu.br\/index.php\/wp-json\/wp\/v2\/pages\/4171"}],"collection":[{"href":"https:\/\/ppgusrn.cnat.ifrn.edu.br\/index.php\/wp-json\/wp\/v2\/pages"}],"about":[{"href":"https:\/\/ppgusrn.cnat.ifrn.edu.br\/index.php\/wp-json\/wp\/v2\/types\/page"}],"author":[{"embeddable":true,"href":"https:\/\/ppgusrn.cnat.ifrn.edu.br\/index.php\/wp-json\/wp\/v2\/users\/1"}],"replies":[{"embeddable":true,"href":"https:\/\/ppgusrn.cnat.ifrn.edu.br\/index.php\/wp-json\/wp\/v2\/comments?post=4171"}],"version-history":[{"count":2,"href":"https:\/\/ppgusrn.cnat.ifrn.edu.br\/index.php\/wp-json\/wp\/v2\/pages\/4171\/revisions"}],"predecessor-version":[{"id":4175,"href":"https:\/\/ppgusrn.cnat.ifrn.edu.br\/index.php\/wp-json\/wp\/v2\/pages\/4171\/revisions\/4175"}],"wp:attachment":[{"href":"https:\/\/ppgusrn.cnat.ifrn.edu.br\/index.php\/wp-json\/wp\/v2\/media?parent=4171"}],"curies":[{"name":"wp","href":"https:\/\/api.w.org\/{rel}","templated":true}]}}