{"id":4372,"date":"2023-05-23T15:27:36","date_gmt":"2023-05-23T18:27:36","guid":{"rendered":"http:\/\/ppgusrn.cnat.ifrn.edu.br\/?page_id=4372"},"modified":"2023-05-26T13:25:03","modified_gmt":"2023-05-26T16:25:03","slug":"saneamento","status":"publish","type":"page","link":"https:\/\/ppgusrn.cnat.ifrn.edu.br\/index.php\/saneamento\/","title":{"rendered":"Saneamento Ambiental"},"content":{"rendered":"<div id=\"dslc-theme-content\"><div id=\"dslc-theme-content-inner\"><div id=\"tablepress-16-scroll-wrapper\" class=\"tablepress-scroll-wrapper\">\n\n<table id=\"tablepress-16\" class=\"tablepress tablepress-id-16\">\n<thead>\n<tr class=\"row-1 odd\">\n\t<th class=\"column-1\">Ano<\/th><th class=\"column-2\">Produto<\/th><th class=\"column-3\">Discente<\/th>\n<\/tr>\n<\/thead>\n<tbody class=\"row-hover\">\n<tr class=\"row-2 even\">\n\t<td class=\"column-1\">2024<\/td><td class=\"column-2\"><a href=\"https:\/\/memoria.ifrn.edu.br\/handle\/1044\/2690\"> Mapa da distribui\u00e7\u00e3o das outorgas subterr\u00e2neas e superficiais concedidas em 2022 na bacia hidrogr\u00e1fica do rio Piranhas-A\u00e7u\/RN e sua intera\u00e7\u00e3o com as \u00e1reas priorit\u00e1rias para gest\u00e3o de conflitos<\/a> <\/td><td class=\"column-3\">Luana Silvestre Fernandes<\/td>\n<\/tr>\n<tr class=\"row-3 odd\">\n\t<td class=\"column-1\">2024<\/td><td class=\"column-2\"><a href=\"https:\/\/memoria.ifrn.edu.br\/handle\/1044\/2688\"> Mapa de uso e ocupa\u00e7\u00e3o do solo integrado \u00e0s outorgas subterr\u00e2neas emitidas na bacia hidrogr\u00e1fica do rio Piranhas-A\u00e7u\/RN em 2012 e 2022<\/a> <\/td><td class=\"column-3\">Luana Silvestre Fernandes<\/td>\n<\/tr>\n<tr class=\"row-4 even\">\n\t<td class=\"column-1\">2024<\/td><td class=\"column-2\"><a href=\"https:\/\/memoria.ifrn.edu.br\/handle\/1044\/2687\"> Mapa de localiza\u00e7\u00e3o da Bacia Hidrogr\u00e1fica Piranhas-A\u00e7u\/RN<\/a> <\/td><td class=\"column-3\">Luana Silvestre Fernandes<\/td>\n<\/tr>\n<tr class=\"row-5 odd\">\n\t<td class=\"column-1\">2023<\/td><td class=\"column-2\"><a href=\" https:\/\/memoria.ifrn.edu.br\/handle\/1044\/2596\"> Rios Urbanos: para preservar \u00e9 preciso conhecer<\/a> <\/td><td class=\"column-3\">Sylvia Kaline do Vale Xavier<\/td>\n<\/tr>\n<\/tbody>\n<\/table>\n\n<\/div><!-- #tablepress-16 from cache -->\n<\/div><\/div>","protected":false},"excerpt":{"rendered":"","protected":false},"author":1,"featured_media":0,"parent":0,"menu_order":0,"comment_status":"closed","ping_status":"closed","template":"","meta":{"footnotes":""},"_links":{"self":[{"href":"https:\/\/ppgusrn.cnat.ifrn.edu.br\/index.php\/wp-json\/wp\/v2\/pages\/4372"}],"collection":[{"href":"https:\/\/ppgusrn.cnat.ifrn.edu.br\/index.php\/wp-json\/wp\/v2\/pages"}],"about":[{"href":"https:\/\/ppgusrn.cnat.ifrn.edu.br\/index.php\/wp-json\/wp\/v2\/types\/page"}],"author":[{"embeddable":true,"href":"https:\/\/ppgusrn.cnat.ifrn.edu.br\/index.php\/wp-json\/wp\/v2\/users\/1"}],"replies":[{"embeddable":true,"href":"https:\/\/ppgusrn.cnat.ifrn.edu.br\/index.php\/wp-json\/wp\/v2\/comments?post=4372"}],"version-history":[{"count":3,"href":"https:\/\/ppgusrn.cnat.ifrn.edu.br\/index.php\/wp-json\/wp\/v2\/pages\/4372\/revisions"}],"predecessor-version":[{"id":4388,"href":"https:\/\/ppgusrn.cnat.ifrn.edu.br\/index.php\/wp-json\/wp\/v2\/pages\/4372\/revisions\/4388"}],"wp:attachment":[{"href":"https:\/\/ppgusrn.cnat.ifrn.edu.br\/index.php\/wp-json\/wp\/v2\/media?parent=4372"}],"curies":[{"name":"wp","href":"https:\/\/api.w.org\/{rel}","templated":true}]}}