{"id":4375,"date":"2023-05-23T15:29:43","date_gmt":"2023-05-23T18:29:43","guid":{"rendered":"http:\/\/ppgusrn.cnat.ifrn.edu.br\/?page_id=4375"},"modified":"2023-05-26T12:58:04","modified_gmt":"2023-05-26T15:58:04","slug":"sustentabilidade-e-gestao-de-recursos-naturais","status":"publish","type":"page","link":"https:\/\/ppgusrn.cnat.ifrn.edu.br\/index.php\/sustentabilidade-e-gestao-de-recursos-naturais\/","title":{"rendered":"Sustentabilidade e Gest\u00e3o de Recursos Naturais"},"content":{"rendered":"<div id=\"dslc-theme-content\"><div id=\"dslc-theme-content-inner\"><div id=\"tablepress-17-scroll-wrapper\" class=\"tablepress-scroll-wrapper\">\n\n<table id=\"tablepress-17\" class=\"tablepress tablepress-id-17\">\n<thead>\n<tr class=\"row-1 odd\">\n\t<th class=\"column-1\">Ano<\/th><th class=\"column-2\">Produto<\/th><th class=\"column-3\">Discente<\/th>\n<\/tr>\n<\/thead>\n<tbody class=\"row-hover\">\n<tr class=\"row-2 even\">\n\t<td class=\"column-1\">2022<\/td><td class=\"column-2\"><a href=\" https:\/\/memoria.ifrn.edu.br\/handle\/1044\/2201?show=full \"> Manual de boas pr\u00e1ticas em compliance ESG: estrat\u00e9gias parar a sustentabilidade na cadeia de valor de energia e\u00f3lica <\/a><\/td><td class=\"column-3\">Larisse Santos Cabral de Oliveira Carvalho<\/td>\n<\/tr>\n<tr class=\"row-3 odd\">\n\t<td class=\"column-1\">2023<\/td><td class=\"column-2\"><a href=\" https:\/\/memoria.ifrn.edu.br\/handle\/1044\/2549\"> SUSTENTABILIDADE SOCIOECOL\u00d3GICA DIRECIONADA A IMPLEMENTA\u00c7\u00c3O DE HORTA ORG\u00c2NICA NO AMBIENTE EDUCACIONALa><\/td><td class=\"column-3\">Francidalva Vieira Alves de Assis<\/td>\n<\/tr>\n<\/tbody>\n<\/table>\n\n<\/div><!-- #tablepress-17 from cache -->\n<\/div><\/div>","protected":false},"excerpt":{"rendered":"","protected":false},"author":1,"featured_media":0,"parent":0,"menu_order":0,"comment_status":"closed","ping_status":"closed","template":"","meta":{"footnotes":""},"_links":{"self":[{"href":"https:\/\/ppgusrn.cnat.ifrn.edu.br\/index.php\/wp-json\/wp\/v2\/pages\/4375"}],"collection":[{"href":"https:\/\/ppgusrn.cnat.ifrn.edu.br\/index.php\/wp-json\/wp\/v2\/pages"}],"about":[{"href":"https:\/\/ppgusrn.cnat.ifrn.edu.br\/index.php\/wp-json\/wp\/v2\/types\/page"}],"author":[{"embeddable":true,"href":"https:\/\/ppgusrn.cnat.ifrn.edu.br\/index.php\/wp-json\/wp\/v2\/users\/1"}],"replies":[{"embeddable":true,"href":"https:\/\/ppgusrn.cnat.ifrn.edu.br\/index.php\/wp-json\/wp\/v2\/comments?post=4375"}],"version-history":[{"count":3,"href":"https:\/\/ppgusrn.cnat.ifrn.edu.br\/index.php\/wp-json\/wp\/v2\/pages\/4375\/revisions"}],"predecessor-version":[{"id":4385,"href":"https:\/\/ppgusrn.cnat.ifrn.edu.br\/index.php\/wp-json\/wp\/v2\/pages\/4375\/revisions\/4385"}],"wp:attachment":[{"href":"https:\/\/ppgusrn.cnat.ifrn.edu.br\/index.php\/wp-json\/wp\/v2\/media?parent=4375"}],"curies":[{"name":"wp","href":"https:\/\/api.w.org\/{rel}","templated":true}]}}