{"id":4791,"date":"2023-12-21T11:16:04","date_gmt":"2023-12-21T14:16:04","guid":{"rendered":"https:\/\/ppgusrn.cnat.ifrn.edu.br\/?page_id=4791"},"modified":"2023-12-22T11:00:56","modified_gmt":"2023-12-22T14:00:56","slug":"novas","status":"publish","type":"page","link":"https:\/\/ppgusrn.cnat.ifrn.edu.br\/index.php\/novas\/","title":{"rendered":"Not\u00edcias"},"content":{"rendered":"<div id=\"dslc-theme-content\"><div id=\"dslc-theme-content-inner\">\n<div class=\"wp-block-columns is-layout-flex wp-container-core-columns-layout-1 wp-block-columns-is-layout-flex\">\n<div class=\"wp-block-column is-layout-flow wp-block-column-is-layout-flow\" style=\"flex-basis:100%\"><div class=\"pt-cv-wrapper\"><div class=\"pt-cv-view pt-cv-grid pt-cv-colsys\" id=\"pt-cv-view-8c48c56ptv\"><div data-id=\"pt-cv-page-1\" class=\"pt-cv-page\" data-cvc=\"2\"><div class=\"col-md-6 col-sm-6 col-xs-12 pt-cv-content-item pt-cv-1-col\" ><div class='pt-cv-ifield'><h4 class=\"pt-cv-title\"><a href=\"https:\/\/ppgusrn.cnat.ifrn.edu.br\/index.php\/2026\/04\/17\/qualificacao-do-discente-ailton-junior\/\" class=\"_self\" target=\"_self\">Qualifica\u00e7\u00e3o do Discente Ailton J\u00fanior<\/a><\/h4>\n<div class=\"pt-cv-content\">O Programa de P\u00f3s-Gradua\u00e7\u00e3o em Uso Sustent\u00e1vel de Recursos Naturais (PPgUSRN) informa que a qualifica\u00e7\u00e3o do discente Ailton J\u00fanior ocorrer\u00e1 no dia 23 de abril de 2026, \u00e0s 11h, no Hotel de Ideias (HdI). Na ocasi\u00e3o, o discente apresentar\u00e1 seu ...<br \/><a href=\"https:\/\/ppgusrn.cnat.ifrn.edu.br\/index.php\/2026\/04\/17\/qualificacao-do-discente-ailton-junior\/\" class=\"_self pt-cv-readmore btn btn-success\" target=\"_self\">Leia Mais<\/a><\/div>\n<div class=\"pt-cv-meta-fields\"><span class=\"entry-date\"> <time datetime=\"2026-04-17T09:39:41-03:00\">17 de Abril de 2026<\/time><\/span><\/div><\/div><\/div>\n<div class=\"col-md-6 col-sm-6 col-xs-12 pt-cv-content-item pt-cv-1-col\" ><div class='pt-cv-ifield'><h4 class=\"pt-cv-title\"><a href=\"https:\/\/ppgusrn.cnat.ifrn.edu.br\/index.php\/2026\/04\/16\/ppgusrn-abre-edital-para-acesso-gratuito-a-plataforma-de-idiomas-altissia\/\" class=\"_self\" target=\"_self\">PPGUSRN abre edital para acesso gratuito \u00e0 plataforma de idiomas Altissia<\/a><\/h4>\n<div class=\"pt-cv-content\">O Programa de P\u00f3s-Gradua\u00e7\u00e3o em Uso Sustent\u00e1vel de Recursos Naturais (PPGUSRN), do Instituto Federal do Rio Grande do Norte (IFRN) \u2013 Campus Natal Central, publicou edital para sele\u00e7\u00e3o de estudantes e servidores da p\u00f3s-gradua\u00e7\u00e3o stricto sensu interessados em obter acesso ...<br \/><a href=\"https:\/\/ppgusrn.cnat.ifrn.edu.br\/index.php\/2026\/04\/16\/ppgusrn-abre-edital-para-acesso-gratuito-a-plataforma-de-idiomas-altissia\/\" class=\"_self pt-cv-readmore btn btn-success\" target=\"_self\">Leia Mais<\/a><\/div>\n<div class=\"pt-cv-meta-fields\"><span class=\"entry-date\"> <time datetime=\"2026-04-16T14:36:40-03:00\">16 de Abril de 2026<\/time><\/span><\/div><\/div><\/div>\n<div class=\"col-md-6 col-sm-6 col-xs-12 pt-cv-content-item pt-cv-1-col\" ><div class='pt-cv-ifield'><h4 class=\"pt-cv-title\"><a href=\"https:\/\/ppgusrn.cnat.ifrn.edu.br\/index.php\/2026\/04\/06\/defesa-de-tcc-da-discente-marilia-do-socorro-da-cunha-lima\/\" class=\"_self\" target=\"_self\">Defesa de TCC da Discente Mar\u00edlia do Socorro da Cunha Lima<\/a><\/h4>\n<div class=\"pt-cv-content\">O Programa de P\u00f3s-Gradua\u00e7\u00e3o em Uso Sustent\u00e1vel de Recursos Naturais (PPgUSRN) informa que a defesa de TCC da discente Mar\u00edlia do Socorro da Cunha Lima ocorrer\u00e1 no dia 09 de abril de 2026, \u00e0s 08h. Na ocasi\u00e3o, a discente apresentar\u00e1 ...<br \/><a href=\"https:\/\/ppgusrn.cnat.ifrn.edu.br\/index.php\/2026\/04\/06\/defesa-de-tcc-da-discente-marilia-do-socorro-da-cunha-lima\/\" class=\"_self pt-cv-readmore btn btn-success\" target=\"_self\">Leia Mais<\/a><\/div>\n<div class=\"pt-cv-meta-fields\"><span class=\"entry-date\"> <time datetime=\"2026-04-06T13:42:59-03:00\">6 de Abril de 2026<\/time><\/span><\/div><\/div><\/div>\n<div class=\"col-md-6 col-sm-6 col-xs-12 pt-cv-content-item pt-cv-1-col\" ><div class='pt-cv-ifield'><h4 class=\"pt-cv-title\"><a href=\"https:\/\/ppgusrn.cnat.ifrn.edu.br\/index.php\/2026\/04\/06\/defesa-de-tcc-do-discente-igor-julyetson-silva-procopio\/\" class=\"_self\" target=\"_self\">Defesa de TCC do Discente Igor Julyetson Silva Proc\u00f3pio<\/a><\/h4>\n<div class=\"pt-cv-content\">O Programa de P\u00f3s-Gradua\u00e7\u00e3o em Uso Sustent\u00e1vel de Recursos Naturais (PPgUSRN) informa que a defesa de TCC do discente Igor Julyetson Silva Proc\u00f3pio ocorrer\u00e1 no dia 07 de abril de 2026, \u00e0s 10h. Na ocasi\u00e3o, o discente apresentar\u00e1 sua disserta\u00e7\u00e3o ...<br \/><a href=\"https:\/\/ppgusrn.cnat.ifrn.edu.br\/index.php\/2026\/04\/06\/defesa-de-tcc-do-discente-igor-julyetson-silva-procopio\/\" class=\"_self pt-cv-readmore btn btn-success\" target=\"_self\">Leia Mais<\/a><\/div>\n<div class=\"pt-cv-meta-fields\"><span class=\"entry-date\"> <time datetime=\"2026-04-06T13:35:56-03:00\">6 de Abril de 2026<\/time><\/span><\/div><\/div><\/div>\n<div class=\"col-md-6 col-sm-6 col-xs-12 pt-cv-content-item pt-cv-1-col\" ><div class='pt-cv-ifield'><h4 class=\"pt-cv-title\"><a href=\"https:\/\/ppgusrn.cnat.ifrn.edu.br\/index.php\/2026\/03\/27\/ppgusrn-conquista-multiplas-premiacoes-no-3o-premio-inovacao-das-aguas-potiguares\/\" class=\"_self\" target=\"_self\">PPgUSRN Conquista M\u00faltiplas Premia\u00e7\u00f5es no 3\u00ba Pr\u00eamio Inova\u00e7\u00e3o das \u00c1guas Potiguares<\/a><\/h4>\n<div class=\"pt-cv-content\">O Programa de P\u00f3s-Gradua\u00e7\u00e3o em Uso Sustent\u00e1vel de Recursos Naturais (PPgUSRN) do IFRN celebra uma importante marca na produ\u00e7\u00e3o cient\u00edfica e social do Rio Grande do Norte. Na 3\u00aa edi\u00e7\u00e3o do Pr\u00eamio Inova\u00e7\u00e3o das \u00c1guas Potiguares, promovido pelo Governo do ...<br \/><a href=\"https:\/\/ppgusrn.cnat.ifrn.edu.br\/index.php\/2026\/03\/27\/ppgusrn-conquista-multiplas-premiacoes-no-3o-premio-inovacao-das-aguas-potiguares\/\" class=\"_self pt-cv-readmore btn btn-success\" target=\"_self\">Leia Mais<\/a><\/div>\n<div class=\"pt-cv-meta-fields\"><span class=\"entry-date\"> <time datetime=\"2026-03-27T10:19:34-03:00\">27 de Mar\u00e7o de 2026<\/time><\/span><\/div><\/div><\/div>\n<div class=\"col-md-6 col-sm-6 col-xs-12 pt-cv-content-item pt-cv-1-col\" ><div class='pt-cv-ifield'><h4 class=\"pt-cv-title\"><a href=\"https:\/\/ppgusrn.cnat.ifrn.edu.br\/index.php\/2026\/03\/23\/defesa-de-tcc-da-discente-joyce-lins-pontes\/\" class=\"_self\" target=\"_self\">Defesa de TCC da Discente Joyce Lins Pontes<\/a><\/h4>\n<div class=\"pt-cv-content\">O Programa de P\u00f3s-Gradua\u00e7\u00e3o em Uso Sustent\u00e1vel de Recursos Naturais (PPgUSRN) informa que a defesa de TCC da discente Joyce Lins Pontes ocorrer\u00e1 no dia 25 de mar\u00e7o de 2026, \u00e0s 14h. Na ocasi\u00e3o, a discente apresentar\u00e1 sua disserta\u00e7\u00e3o intitulada:\u201cESG ...<br \/><a href=\"https:\/\/ppgusrn.cnat.ifrn.edu.br\/index.php\/2026\/03\/23\/defesa-de-tcc-da-discente-joyce-lins-pontes\/\" class=\"_self pt-cv-readmore btn btn-success\" target=\"_self\">Leia Mais<\/a><\/div>\n<div class=\"pt-cv-meta-fields\"><span class=\"entry-date\"> <time datetime=\"2026-03-23T15:10:10-03:00\">23 de Mar\u00e7o de 2026<\/time><\/span><\/div><\/div><\/div>\n<div class=\"col-md-6 col-sm-6 col-xs-12 pt-cv-content-item pt-cv-1-col\" ><div class='pt-cv-ifield'><h4 class=\"pt-cv-title\"><a href=\"https:\/\/ppgusrn.cnat.ifrn.edu.br\/index.php\/2026\/03\/18\/resultado-do-edital-01-2026-aluno-especial\/\" class=\"_self\" target=\"_self\">Resultado do Edital 01\/2026 \u2013 Aluno Especial<\/a><\/h4>\n<div class=\"pt-cv-content\">A Coordena\u00e7\u00e3o do Programa de P\u00f3s-gradua\u00e7\u00e3o em Uso Sustent\u00e1vel de Recursos Naturais \u2013 PPgUSRN, torna p\u00fablico o Resultado do Edital 01\/2026, para sele\u00e7\u00e3o de\u00a0Alunos Especiais. ALUNOS ESPECIAIS \u2013 PPGUSRN \u2013 EDITAL 01\/2026 Biodiversidade, Energia e Sustentabilidade CANDIDATO(A)RESULTADOGelson Piratiny Oliveira da ...<br \/><a href=\"https:\/\/ppgusrn.cnat.ifrn.edu.br\/index.php\/2026\/03\/18\/resultado-do-edital-01-2026-aluno-especial\/\" class=\"_self pt-cv-readmore btn btn-success\" target=\"_self\">Leia Mais<\/a><\/div>\n<div class=\"pt-cv-meta-fields\"><span class=\"entry-date\"> <time datetime=\"2026-03-18T15:34:27-03:00\">18 de Mar\u00e7o de 2026<\/time><\/span><\/div><\/div><\/div>\n<div class=\"col-md-6 col-sm-6 col-xs-12 pt-cv-content-item pt-cv-1-col\" ><div class='pt-cv-ifield'><h4 class=\"pt-cv-title\"><a href=\"https:\/\/ppgusrn.cnat.ifrn.edu.br\/index.php\/2026\/03\/11\/inscricoes-para-aluno-especial-semestre-letivo-de-2026-1\/\" class=\"_self\" target=\"_self\">Inscri\u00e7\u00f5es para Aluno Especial \u2013 Semestre letivo de 2026.1<\/a><\/h4>\n<div class=\"pt-cv-content\">O PPgUSRN divulga o Edital 01\/2026 para Aluno Especial, no semestre letivo de 2026.1. O per\u00edodo de inscri\u00e7\u00f5es ser\u00e1 do dia 11 ao dia 15 de mar\u00e7o do corrente ano, e acontecer\u00e1 de forma virtual, atrav\u00e9s do Google Formul\u00e1rios. Edital: ...<br \/><a href=\"https:\/\/ppgusrn.cnat.ifrn.edu.br\/index.php\/2026\/03\/11\/inscricoes-para-aluno-especial-semestre-letivo-de-2026-1\/\" class=\"_self pt-cv-readmore btn btn-success\" target=\"_self\">Leia Mais<\/a><\/div>\n<div class=\"pt-cv-meta-fields\"><span class=\"entry-date\"> <time datetime=\"2026-03-11T16:04:03-03:00\">11 de Mar\u00e7o de 2026<\/time><\/span><\/div><\/div><\/div>\n<div class=\"col-md-6 col-sm-6 col-xs-12 pt-cv-content-item pt-cv-1-col\" ><div class='pt-cv-ifield'><h4 class=\"pt-cv-title\"><a href=\"https:\/\/ppgusrn.cnat.ifrn.edu.br\/index.php\/2026\/03\/05\/defesa-de-tcc-da-discente-danielle-sthefany-silva-manicoba\/\" class=\"_self\" target=\"_self\">Defesa de TCC da Discente Danielle Sthefany Silva Mani\u00e7oba<\/a><\/h4>\n<div class=\"pt-cv-content\">O PPgUSRN informa a todos que a Defesa de TCC da discente Danielle Sthefany Silva Mani\u00e7oba acontecer\u00e1 no dia 05 de mar\u00e7o de 2026 \u00e0s 14:30h, em que apresentar\u00e1 o trabalho intitulado: A APLICA\u00c7\u00c3O DO BUILDING INFORMATION MODELING NA AN\u00c1LISE ...<br \/><a href=\"https:\/\/ppgusrn.cnat.ifrn.edu.br\/index.php\/2026\/03\/05\/defesa-de-tcc-da-discente-danielle-sthefany-silva-manicoba\/\" class=\"_self pt-cv-readmore btn btn-success\" target=\"_self\">Leia Mais<\/a><\/div>\n<div class=\"pt-cv-meta-fields\"><span class=\"entry-date\"> <time datetime=\"2026-03-05T12:35:45-03:00\">5 de Mar\u00e7o de 2026<\/time><\/span><\/div><\/div><\/div>\n<div class=\"col-md-6 col-sm-6 col-xs-12 pt-cv-content-item pt-cv-1-col\" ><div class='pt-cv-ifield'><h4 class=\"pt-cv-title\"><a href=\"https:\/\/ppgusrn.cnat.ifrn.edu.br\/index.php\/2026\/03\/03\/ppgusrn-torna-publico-a-homologacao-do-resultado-do-edital-de-credenciamento-docente\/\" class=\"_self\" target=\"_self\">PPGUSRN torna P\u00fablico a Homologa\u00e7\u00e3o do Resultado do Edital de Credenciamento Docente<\/a><\/h4>\n<div class=\"pt-cv-content\">O Programa de P\u00f3s-Gradua\u00e7\u00e3o em Uso Sustent\u00e1vel de Recursos Naturais (PPgUSRN) torna p\u00fablico a homologa\u00e7\u00e3o do Resultado das candidaturas do Edital de Credenciamento Docente, destinado \u00e0 sele\u00e7\u00e3o de professores(as) interessados(as) em integrar o corpo docente permanente e\/ou colaborador do Programa ...<br \/><a href=\"https:\/\/ppgusrn.cnat.ifrn.edu.br\/index.php\/2026\/03\/03\/ppgusrn-torna-publico-a-homologacao-do-resultado-do-edital-de-credenciamento-docente\/\" class=\"_self pt-cv-readmore btn btn-success\" target=\"_self\">Leia Mais<\/a><\/div>\n<div class=\"pt-cv-meta-fields\"><span class=\"entry-date\"> <time datetime=\"2026-03-03T19:55:55-03:00\">3 de Mar\u00e7o de 2026<\/time><\/span><\/div><\/div><\/div><\/div><\/div>\n<div class=\" pt-cv-pagination-wrapper\"><ul class=\"pt-cv-pagination pt-cv-ajax pagination\" data-totalpages=\"10\" data-currentpage=\"1\" data-sid=\"8c48c56ptv\" data-unid=\"\"><li><\/li><\/ul><img loading=\"lazy\" decoding=\"async\" width=\"15\" height=\"15\" class=\"pt-cv-spinner\" alt=\"Loading...\" src=\"data:image\/gif;base64,R0lGODlhDwAPALMPAMrKygwMDJOTkz09PZWVla+vr3p6euTk5M7OzuXl5TMzMwAAAJmZmWZmZszMzP\/\/\/yH\/C05FVFNDQVBFMi4wAwEAAAAh+QQFCgAPACwAAAAADwAPAAAEQvDJaZaZOIcV8iQK8VRX4iTYoAwZ4iCYoAjZ4RxejhVNoT+mRGP4cyF4Pp0N98sBGIBMEMOotl6YZ3S61Bmbkm4mAgAh+QQFCgAPACwAAAAADQANAAAENPDJSRSZeA418itN8QiK8BiLITVsFiyBBIoYqnoewAD4xPw9iY4XLGYSjkQR4UAUD45DLwIAIfkEBQoADwAsAAAAAA8ACQAABC\/wyVlamTi3nSdgwFNdhEJgTJoNyoB9ISYoQmdjiZPcj7EYCAeCF1gEDo4Dz2eIAAAh+QQFCgAPACwCAAAADQANAAAEM\/DJBxiYeLKdX3IJZT1FU0iIg2RNKx3OkZVnZ98ToRD4MyiDnkAh6BkNC0MvsAj0kMpHBAAh+QQFCgAPACwGAAAACQAPAAAEMDC59KpFDll73HkAA2wVY5KgiK5b0RRoI6MuzG6EQqCDMlSGheEhUAgqgUUAFRySIgAh+QQFCgAPACwCAAIADQANAAAEM\/DJKZNLND\/kkKaHc3xk+QAMYDKsiaqmZCxGVjSFFCxB1vwy2oOgIDxuucxAMTAJFAJNBAAh+QQFCgAPACwAAAYADwAJAAAEMNAs86q1yaWwwv2Ig0jUZx3OYa4XoRAfwADXoAwfo1+CIjyFRuEho60aSNYlOPxEAAAh+QQFCgAPACwAAAIADQANAAAENPA9s4y8+IUVcqaWJ4qEQozSoAzoIyhCK2NFU2SJk0hNnyEOhKR2AzAAj4Pj4GE4W0bkJQIAOw==\" \/><div class=\"clear pt-cv-clear-pagination\"><\/div><\/div><\/div>\n<\/div>\n<\/div>\n<\/div><\/div>","protected":false},"excerpt":{"rendered":"","protected":false},"author":1,"featured_media":0,"parent":0,"menu_order":0,"comment_status":"closed","ping_status":"closed","template":"","meta":{"footnotes":""},"_links":{"self":[{"href":"https:\/\/ppgusrn.cnat.ifrn.edu.br\/index.php\/wp-json\/wp\/v2\/pages\/4791"}],"collection":[{"href":"https:\/\/ppgusrn.cnat.ifrn.edu.br\/index.php\/wp-json\/wp\/v2\/pages"}],"about":[{"href":"https:\/\/ppgusrn.cnat.ifrn.edu.br\/index.php\/wp-json\/wp\/v2\/types\/page"}],"author":[{"embeddable":true,"href":"https:\/\/ppgusrn.cnat.ifrn.edu.br\/index.php\/wp-json\/wp\/v2\/users\/1"}],"replies":[{"embeddable":true,"href":"https:\/\/ppgusrn.cnat.ifrn.edu.br\/index.php\/wp-json\/wp\/v2\/comments?post=4791"}],"version-history":[{"count":8,"href":"https:\/\/ppgusrn.cnat.ifrn.edu.br\/index.php\/wp-json\/wp\/v2\/pages\/4791\/revisions"}],"predecessor-version":[{"id":4804,"href":"https:\/\/ppgusrn.cnat.ifrn.edu.br\/index.php\/wp-json\/wp\/v2\/pages\/4791\/revisions\/4804"}],"wp:attachment":[{"href":"https:\/\/ppgusrn.cnat.ifrn.edu.br\/index.php\/wp-json\/wp\/v2\/media?parent=4791"}],"curies":[{"name":"wp","href":"https:\/\/api.w.org\/{rel}","templated":true}]}}