{"id":810,"date":"2018-05-14T15:41:52","date_gmt":"2018-05-14T18:41:52","guid":{"rendered":"http:\/\/ppgusrn.cnat.ifrn.edu.br\/?page_id=810"},"modified":"2018-08-14T15:24:22","modified_gmt":"2018-08-14T18:24:22","slug":"laboratorios","status":"publish","type":"page","link":"https:\/\/ppgusrn.cnat.ifrn.edu.br\/index.php\/laboratorios\/","title":{"rendered":"Laborat\u00f3rios"},"content":{"rendered":"<div id=\"dslc-theme-content\"><div id=\"dslc-theme-content-inner\"><div class=\"row\">\n<div class=\"col-md-12\">\n<strong>Laborat\u00f3rio de Inform\u00e1tica Aplicada e Geoprocessamento<\/strong><\/p>\n<p>Equipada com 30 computadores, Licen\u00e7a de ArcGIS, MapInfo 8.2, Discover 5.0, Surpac 6.0, Geosoft Oasis Montaj 6.2.2, Surfer, Word, Excel, Access, Power Point, Global Mapper 11; 20 Estereosc\u00f3pio de espelho, Estereosc\u00f3pio de bolso, Esta\u00e7\u00e3o fotogram\u00e9trica digital 3D Mapper DDPS.<\/p>\n<\/div>\n<\/div>\n<p><\/p>\n<p><strong>Laborat\u00f3rio de Topografia <\/strong><\/p>\n<p>Equipada com N\u00edvel Topcon Dl-103, N\u00edvel Topcon RL-HB, Teodolito anal\u00f3gico Theo 20B-1&#8243; AEM 1200, N\u00edvel Mom TeNi-3, Teodolito Anal\u00f3gico Wild T1-A, Teodolito eletr\u00f4nico Marca: Foif. Luneta com 3x de aumento, precis\u00e3o de 5&#8243;; Teodolito Digital Zeiss Eth50 &#8211; 10&#8243;; <\/p>\n<div class=\"row\">\n<div class=\"col-md-6\">\n<p><strong>Laborat\u00f3rio de Microbiologia e F\u00edsico-Qu\u00edmico<\/strong><\/p>\n<p>Equipada com Chapas El\u00e9tricas, \u00c1gua-teste, Anem\u00f4metro, Discos p\/ an\u00e1lise de \u00e1gua, Espectrofot\u00f4metro, Pot\u00eanciometro, Destilador, Comparador, Discos color\u00edmetro para fl\u00faor, Balan\u00e7a digital, Turbid\u00edmetro, Jar Teste Tub-Floc, Neo comparadores, agitadores magn\u00e9ticos, Ox\u00edmetro, Balan\u00e7a anal\u00edtica, Estufa incubadora e Rel\u00f3gio alarme.<\/p>\n<\/div>\n<div class=\"col-md-6\">\n<img decoding=\"async\" src=\"https:\/\/ppgusrn.cnat.ifrn.edu.br\/wp-content\/uploads\/2018\/08\/l1-1.jpg\" alt=\"\" class=\"alignnone \" \/>\n<\/div>\n<\/div>\n<p><\/p>\n<div class=\"row\">\n<div class=\"col-md-6\">\n<p><strong>Laborat\u00f3rio de Solos<\/strong><\/p>\n<p>Equipada com Moinho de facas tipo Wiley para an\u00e1lises de gr\u00e3os, Estufas de secagem, Capela de exaust\u00e3o de gases em fibra de vidro, Moinho de Solos; Dispersor de solos, Estufas de secagem e esteriliza\u00e7\u00e3o, Medidor de pH multiprocessador de bancada, Medidor de condutividade, salinidade, refrigerador vertical, Chapa aquecedora;<\/p>\n<\/div>\n<div class=\"col-md-6\">\n<img decoding=\"async\" src=\"https:\/\/ppgusrn.cnat.ifrn.edu.br\/wp-content\/uploads\/2018\/08\/l2-1.jpg\" alt=\"\"  class=\"alignnone\" \/>\n<\/div>\n<\/div>\n<p><\/p>\n<div class=\"row\">\n<div class=\"col-md-6\">\n<p><strong>Laborat\u00f3rio de Processamento Mineral<\/strong><\/p>\n<p>Equipada com Agitador magn\u00e9tico mini, Lupas estereosc\u00f3pica, Medidor de PH, Estufa de secagem, Centr\u00edfuga para tubos, Peneira, Vibrador de peneira, Britador de mand\u00edbula, Moinho de bolas, Moinho de martelos, C\u00e9lula de flota\u00e7\u00e3o de bancada, Balan\u00e7as;<\/p>\n<\/div>\n<div class=\"col-md-6\">\n<img decoding=\"async\" src=\"https:\/\/ppgusrn.cnat.ifrn.edu.br\/wp-content\/uploads\/2018\/08\/l3-1.jpg\" alt=\"\"  class=\"alignnone\" \/>\n<\/div>\n<\/div>\n<p><\/p>\n<p><strong>Laborat\u00f3rio de Pesquisa Mineral<\/strong><\/p>\n<p>Disp\u00f5e de uma \u00e1rea de 84,6 m2, Ecobat\u00edmetro, Esta\u00e7\u00e3o Meteorol\u00f3gica, Trado, Lupas, trena, bateia, cintil\u00f4metro gama total modelo 346, cintilometro geometrics modelo GR 101A serial no 10417, cintil\u00f4metro RS 220, Cintilometro Geometrics exploranium, magnetometro geometric 816, magnetometro SCINTREX; <\/p>\n<div class=\"row\">\n<div class=\"col-md-6\">\n<p><strong>Laborat\u00f3rio de Instrumenta\u00e7\u00e3o<\/strong><\/p>\n<p>Equipada com Espectrofot\u00f4metro de absor\u00e7\u00e3o at\u00f4mica, Destilador, Cromat\u00f3grafo gasoso, dentre outros materiais e equipamentos.<\/p>\n<p>Caracteriza\u00e7\u00e3o de Minerais\/Materiais (LACAMM: Equipada com 4 equipamentos de caracteriza\u00e7\u00e3o tecnol\u00f3gica de ponta: Microsc\u00f3pio Eletr\u00f4nico de Varredura (MEV Vega-3 LMU TESCAN); Sistema de Energia Dispersiva acoplado ao MEV 9 EDS Oxford); Espectr\u00f4metro de raios X por energia dispersiva (EDX 720 Shimadzu); e Difrat\u00f4metro de Raios X (DRX 7000 Shimadzu).<\/p>\n<\/div>\n<div class=\"col-md-6\">\n<img decoding=\"async\" src=\"https:\/\/ppgusrn.cnat.ifrn.edu.br\/wp-content\/uploads\/2018\/08\/l4-1.jpg\" alt=\"\" class=\"alignnone\" \/>\n<\/div>\n<\/div>\n<\/div><\/div>","protected":false},"excerpt":{"rendered":"<p>Laborat\u00f3rio de Inform\u00e1tica Aplicada e Geoprocessamento Equipada com 30 computadores, Licen\u00e7a de ArcGIS, MapInfo 8.2, Discover 5.0, Surpac 6.0, Geosoft Oasis Montaj 6.2.2, Surfer, Word, Excel, Access, Power Point, Global&#8230;<\/p>\n","protected":false},"author":1,"featured_media":0,"parent":0,"menu_order":0,"comment_status":"closed","ping_status":"closed","template":"","meta":{"footnotes":""},"_links":{"self":[{"href":"https:\/\/ppgusrn.cnat.ifrn.edu.br\/index.php\/wp-json\/wp\/v2\/pages\/810"}],"collection":[{"href":"https:\/\/ppgusrn.cnat.ifrn.edu.br\/index.php\/wp-json\/wp\/v2\/pages"}],"about":[{"href":"https:\/\/ppgusrn.cnat.ifrn.edu.br\/index.php\/wp-json\/wp\/v2\/types\/page"}],"author":[{"embeddable":true,"href":"https:\/\/ppgusrn.cnat.ifrn.edu.br\/index.php\/wp-json\/wp\/v2\/users\/1"}],"replies":[{"embeddable":true,"href":"https:\/\/ppgusrn.cnat.ifrn.edu.br\/index.php\/wp-json\/wp\/v2\/comments?post=810"}],"version-history":[{"count":20,"href":"https:\/\/ppgusrn.cnat.ifrn.edu.br\/index.php\/wp-json\/wp\/v2\/pages\/810\/revisions"}],"predecessor-version":[{"id":2122,"href":"https:\/\/ppgusrn.cnat.ifrn.edu.br\/index.php\/wp-json\/wp\/v2\/pages\/810\/revisions\/2122"}],"wp:attachment":[{"href":"https:\/\/ppgusrn.cnat.ifrn.edu.br\/index.php\/wp-json\/wp\/v2\/media?parent=810"}],"curies":[{"name":"wp","href":"https:\/\/api.w.org\/{rel}","templated":true}]}}