{"id":92,"date":"2018-03-24T18:07:54","date_gmt":"2018-03-24T21:07:54","guid":{"rendered":"http:\/\/ppgusrn.cnat.ifrn.edu.br\/?page_id=92"},"modified":"2018-08-15T00:16:25","modified_gmt":"2018-08-15T03:16:25","slug":"area-de-concentracao-e-linhas-de-pesquisa","status":"publish","type":"page","link":"https:\/\/ppgusrn.cnat.ifrn.edu.br\/index.php\/area-de-concentracao-e-linhas-de-pesquisa\/","title":{"rendered":"\u00c1rea de Concentra\u00e7\u00e3o e Linhas de Pesquisa"},"content":{"rendered":"<div id=\"dslc-theme-content\"><div id=\"dslc-theme-content-inner\"><h2><em><a name=\"_Toc382229484\"><\/a>\u00c1REAS DE CONCENTRA\u00c7\u00c3O<\/em><\/h2>\n<p><\/p>\n<div class=\"row\">\n<div class=\"col-md-6\">\n<div id=\"sgrn\"><\/div>\n<h4><strong>Uso Sustent\u00e1vel de Recursos Naturais<\/strong><\/h4>\n<p style=\"font-weight: 400;\">A sustentabilidade de todos os tipos de recursos naturais emerge como uma estrat\u00e9gia de alinhamento dos objetivos organizacionais demandados socioambientalmente. Assim, a produ\u00e7\u00e3o de pesquisa aplicada inovadora e interdisciplinar tornou-se necess\u00e1ria para desenvolver pr\u00e1ticas relacionadas aos usos dos recursos naturais, o que \u00e9 fundamental para organiza\u00e7\u00f5es p\u00fablicas, privadas e do terceiro setor; gerar conhecimentos aplic\u00e1veis; e formar profissionais capacitados a potencializar resultados sustent\u00e1veis, essenciais \u00e0 qualidade de vida e a um bem-estar duradouro num planeta finito.<\/p>\n<\/div>\n<div class=\"col-md-6\">\n<img decoding=\"async\" src=\"https:\/\/ppgusrn.cnat.ifrn.edu.br\/wp-content\/uploads\/2018\/08\/areas-1.jpg\"\/>\n<\/div>\n<\/div>\n<h2><em><a name=\"_Toc382229484\"><\/a>LINHAS DE PESQUISA<\/em><\/h2>\n<p><\/p>\n<h4><strong>Sustentabilidade e Gest\u00e3o dos Recursos Naturais<\/strong><strong>\u00a0<\/strong><\/h4>\n<p style=\"font-weight: 400;\">Prop\u00f5e a compreens\u00e3o de a\u00e7\u00f5es, estrat\u00e9gias e procedimentos voltados \u00e0 organiza\u00e7\u00e3o e \u00e0 implementa\u00e7\u00e3o de pol\u00edticas p\u00fablicas \u2212 como tamb\u00e9m\u00a0 iniciativas para o desenvolvimento de instrumento de gest\u00e3o dos recursos naturais nos \u00e2mbitos p\u00fablico, privado e do terceiro setor \u2212 e \u00e0 gera\u00e7\u00e3o de conhecimentos b\u00e1sicos e aplic\u00e1veis em estudos de indicadores e a pr\u00e1ticas de sustentabilidade dos recursos naturais. Os projetos dessa linha se voltam para estudos de sustentabilidade dos recursos naturais e para estrat\u00e9gias de gest\u00e3o ambiental nas esferas local e regional.<\/p>\n<h4 style=\"font-weight: 400;\"><strong>Saneamento Ambiental<\/strong><\/h4>\n<p style=\"font-weight: 400;\">A linha de pesquisa tem por finalidade prec\u00edpua contribuir para a produ\u00e7\u00e3o de conhecimentos, tecnologias e t\u00e9cnicas que promovam a preserva\u00e7\u00e3o e a conserva\u00e7\u00e3o do meio ambiente, enfatizando: o controle da polui\u00e7\u00e3o das \u00e1guas, do ar e do solo; o re\u00faso de \u00e1guas, o uso produtivo e o controle de efluentes em esta\u00e7\u00f5es de tratamento de \u00e1gua e de efluentes; a gest\u00e3o integrada; o desenvolvimento de metodologias vi\u00e1veis para o tratamento e o reaproveitamento de res\u00edduos s\u00f3lidos e bioss\u00f3lidos; e a avalia\u00e7\u00e3o de indicadores de contamina\u00e7\u00e3o ambiental.<\/p>\n<div class=\"row\">\n<div class=\"col-md-6\">\n    <img decoding=\"async\" src=\"https:\/\/ppgusrn.cnat.ifrn.edu.br\/wp-content\/uploads\/2018\/08\/areas2.jpg\"\/>\n<\/div>\n<div class=\"col-md-6\">\n    <img decoding=\"async\" src=\"https:\/\/ppgusrn.cnat.ifrn.edu.br\/wp-content\/uploads\/2018\/08\/areas3.jpg\"\/>\n<\/div>\n<\/div>\n<\/div><\/div>","protected":false},"excerpt":{"rendered":"<p>\u00c1REAS DE CONCENTRA\u00c7\u00c3O Uso Sustent\u00e1vel de Recursos Naturais A sustentabilidade de todos os tipos de recursos naturais emerge como uma estrat\u00e9gia de alinhamento dos objetivos organizacionais demandados socioambientalmente. Assim, a&#8230;<\/p>\n","protected":false},"author":1,"featured_media":0,"parent":0,"menu_order":0,"comment_status":"closed","ping_status":"closed","template":"","meta":{"footnotes":""},"_links":{"self":[{"href":"https:\/\/ppgusrn.cnat.ifrn.edu.br\/index.php\/wp-json\/wp\/v2\/pages\/92"}],"collection":[{"href":"https:\/\/ppgusrn.cnat.ifrn.edu.br\/index.php\/wp-json\/wp\/v2\/pages"}],"about":[{"href":"https:\/\/ppgusrn.cnat.ifrn.edu.br\/index.php\/wp-json\/wp\/v2\/types\/page"}],"author":[{"embeddable":true,"href":"https:\/\/ppgusrn.cnat.ifrn.edu.br\/index.php\/wp-json\/wp\/v2\/users\/1"}],"replies":[{"embeddable":true,"href":"https:\/\/ppgusrn.cnat.ifrn.edu.br\/index.php\/wp-json\/wp\/v2\/comments?post=92"}],"version-history":[{"count":26,"href":"https:\/\/ppgusrn.cnat.ifrn.edu.br\/index.php\/wp-json\/wp\/v2\/pages\/92\/revisions"}],"predecessor-version":[{"id":2129,"href":"https:\/\/ppgusrn.cnat.ifrn.edu.br\/index.php\/wp-json\/wp\/v2\/pages\/92\/revisions\/2129"}],"wp:attachment":[{"href":"https:\/\/ppgusrn.cnat.ifrn.edu.br\/index.php\/wp-json\/wp\/v2\/media?parent=92"}],"curies":[{"name":"wp","href":"https:\/\/api.w.org\/{rel}","templated":true}]}}